{"id":16800,"date":"2025-10-21T14:25:46","date_gmt":"2025-10-21T06:25:46","guid":{"rendered":"https:\/\/ulpmat.com\/product\/borure-de-hafnium-2\/"},"modified":"2025-10-21T14:25:46","modified_gmt":"2025-10-21T06:25:46","slug":"borure-de-hafnium-2","status":"publish","type":"product","link":"https:\/\/ulpmat.com\/fr\/produit\/borure-de-hafnium-2\/","title":{"rendered":"Borure de hafnium"},"content":{"rendered":"<h2><span style=\"font-size: 14pt;\">Poudre de borure de hafnium Aper\u00e7u<\/span><\/h2>\n<p><span style=\"color: #0000ff;\"><a style=\"color: #0000ff;\" href=\"https:\/\/ulpmat.com\/fr\/recherche\/?type=name&#038;keyword=Hafnium+Boride\">La poudre de borure de hafnium<\/a><\/span> est un mat\u00e9riau de pointe con\u00e7u pour le d\u00e9p\u00f4t de couches minces de haute performance et les applications \u00e0 haute temp\u00e9rature. D&rsquo;une puret\u00e9 de 99 %, elle pr\u00e9sente une duret\u00e9, une densit\u00e9 et une r\u00e9sistance aux temp\u00e9ratures \u00e9lev\u00e9es excellentes, ce qui la rend adapt\u00e9e aux processus de d\u00e9p\u00f4t de couches minces dans une vari\u00e9t\u00e9 d&rsquo;environnements extr\u00eames.<\/p>\n<p>Nous proposons de la poudre de borure d&rsquo;hafnium en diff\u00e9rentes tailles de particules, personnalisables pour r\u00e9pondre \u00e0 vos besoins sp\u00e9cifiques. Nous fournissons \u00e9galement un service apr\u00e8s-vente complet ; n&rsquo;h\u00e9sitez pas \u00e0 <span style=\"color: #0000ff;\"><a style=\"color: #0000ff;\" href=\"https:\/\/ulpmat.com\/fr\/contactez-nous\/\">n&rsquo;h\u00e9sitez pas \u00e0 nous contacter<\/a> <\/span>si vous avez des questions.<\/p>\n<h2><span style=\"font-size: 14pt;\">Points forts du produit<\/span><\/h2>\n<p>puret\u00e9 de 99<br \/>\nDensit\u00e9 et duret\u00e9 \u00e9lev\u00e9es, adapt\u00e9es aux environnements extr\u00eames<br \/>\nTaille des particules et sp\u00e9cifications personnalisables<br \/>\nEmballage personnalisable<br \/>\nConvient aux semi-conducteurs, aux rev\u00eatements optiques, aux rev\u00eatements \u00e0 haute temp\u00e9rature et aux appareils \u00e9lectroniques de grande puissance<\/p>\n<h2><span style=\"font-size: 14pt;\">Applications de la poudre de borure d&rsquo;hafnium<\/span><\/h2>\n<p><span style=\"color: #0000ff;\"><a style=\"color: #0000ff;\" href=\"https:\/\/ulpmat.com\/fr\/candidature\/materiaux-semi-conducteurs\/\">Semi-conducteurs :<\/a><\/span> Convient pour le d\u00e9p\u00f4t de films minces \u00e0 haute puissance et thermiquement stables tels que les \u00e9lectrodes, les contacts et les couches conductrices.<br \/>\nRev\u00eatements optiques : Convient aux rev\u00eatements optiques \u00e0 haute duret\u00e9 et \u00e0 haute r\u00e9flectivit\u00e9, largement utilis\u00e9s dans les composants optiques, les miroirs et d&rsquo;autres applications.<br \/>\nRev\u00eatements \u00e0 haute temp\u00e9rature : Convient aux rev\u00eatements de protection dans l&rsquo;a\u00e9rospatiale, la m\u00e9tallurgie et d&rsquo;autres environnements \u00e0 haute temp\u00e9rature.<br \/>\nAppareils \u00e9lectroniques de grande puissance : En raison de sa conductivit\u00e9 \u00e9lev\u00e9e et de son excellente stabilit\u00e9 thermique, il est largement utilis\u00e9 pour le d\u00e9p\u00f4t de couches minces dans les semi-conducteurs de puissance et les appareils \u00e9lectroniques.<\/p>\n<h2><span style=\"font-size: 14pt;\">Rapport<\/span><\/h2>\n<p>Nous fournissons un <span style=\"color: #0000ff;\"><a style=\"color: #0000ff;\" href=\"https:\/\/ulpmat.com\/fr\/service\/analyse-chimique\/\">Certificat d&rsquo;analyse (COA)<\/a><\/span> Fiche de donn\u00e9es de s\u00e9curit\u00e9 (FDS) et d&rsquo;autres rapports pertinents avec chaque envoi. Nous prenons \u00e9galement en charge les tests effectu\u00e9s par des tiers afin de garantir la qualit\u00e9 et la fiabilit\u00e9 des produits.<\/p>\n","protected":false},"excerpt":{"rendered":"<p>Poudre de borure de hafnium Aper\u00e7u La poudre de borure de hafnium est un mat\u00e9riau de pointe con\u00e7u pour le d\u00e9p\u00f4t de couches minces de haute performance et les applications \u00e0 haute temp\u00e9rature. D&rsquo;une puret\u00e9 de 99 %, elle pr\u00e9sente une duret\u00e9, une densit\u00e9 et une r\u00e9sistance aux temp\u00e9ratures \u00e9lev\u00e9es excellentes, ce qui la rend [&hellip;]<\/p>\n","protected":false},"featured_media":16801,"template":"","meta":{"_acf_changed":false},"product_brand":[132],"product_cat":[710],"product_tag":[],"class_list":{"0":"post-16800","1":"product","2":"type-product","3":"status-publish","4":"has-post-thumbnail","6":"product_brand-ulpmat","7":"product_cat-materiaux-refractaires","9":"first","10":"instock","11":"shipping-taxable","12":"product-type-variable"},"acf":[],"_links":{"self":[{"href":"https:\/\/ulpmat.com\/fr\/wp-json\/wp\/v2\/product\/16800","targetHints":{"allow":["GET"]}}],"collection":[{"href":"https:\/\/ulpmat.com\/fr\/wp-json\/wp\/v2\/product"}],"about":[{"href":"https:\/\/ulpmat.com\/fr\/wp-json\/wp\/v2\/types\/product"}],"wp:featuredmedia":[{"embeddable":true,"href":"https:\/\/ulpmat.com\/fr\/wp-json\/wp\/v2\/media\/16801"}],"wp:attachment":[{"href":"https:\/\/ulpmat.com\/fr\/wp-json\/wp\/v2\/media?parent=16800"}],"wp:term":[{"taxonomy":"product_brand","embeddable":true,"href":"https:\/\/ulpmat.com\/fr\/wp-json\/wp\/v2\/product_brand?post=16800"},{"taxonomy":"product_cat","embeddable":true,"href":"https:\/\/ulpmat.com\/fr\/wp-json\/wp\/v2\/product_cat?post=16800"},{"taxonomy":"product_tag","embeddable":true,"href":"https:\/\/ulpmat.com\/fr\/wp-json\/wp\/v2\/product_tag?post=16800"}],"curies":[{"name":"wp","href":"https:\/\/api.w.org\/{rel}","templated":true}]}}