{"id":16764,"date":"2025-10-21T14:25:46","date_gmt":"2025-10-21T06:25:46","guid":{"rendered":"https:\/\/ulpmat.com\/product\/borure-de-hafnium\/"},"modified":"2025-10-21T14:25:46","modified_gmt":"2025-10-21T06:25:46","slug":"borure-de-hafnium","status":"publish","type":"product","link":"https:\/\/ulpmat.com\/fr\/produit\/borure-de-hafnium\/","title":{"rendered":"Borure de hafnium"},"content":{"rendered":"<h2><span style=\"font-size: 14pt;\">Cibles de pulv\u00e9risation du borure d&rsquo;hafnium Vue d&rsquo;ensemble<\/span><\/h2>\n<p><span style=\"color: #0000ff;\"><a style=\"color: #0000ff;\" href=\"https:\/\/ulpmat.com\/fr\/recherche\/?type=name&#038;keyword=Hafnium+Boride\">Les cibles de pulv\u00e9risation de borure d&rsquo;hafnium<\/a><\/span> sont des mat\u00e9riaux de haute performance con\u00e7us sp\u00e9cifiquement pour les processus de d\u00e9p\u00f4t de couches minces. D&rsquo;une puret\u00e9 de 99,5 %, elles offrent une densit\u00e9 et une duret\u00e9 excellentes, garantissant un d\u00e9p\u00f4t uniforme de couches minces et une forte adh\u00e9rence, ce qui les rend adapt\u00e9es \u00e0 une vari\u00e9t\u00e9 d&rsquo;environnements \u00e0 haute temp\u00e9rature et \u00e0 haute pression.<\/p>\n<p>Nous proposons des cibles de pulv\u00e9risation de borure d&rsquo;hafnium dans une vari\u00e9t\u00e9 de formes et de tailles, y compris rondes, rectangulaires et personnalis\u00e9es, pour r\u00e9pondre aux besoins sp\u00e9cifiques de nos clients. Nous fournissons \u00e9galement un service apr\u00e8s-vente complet ; n&rsquo;h\u00e9sitez pas \u00e0 <span style=\"color: #0000ff;\"><a style=\"color: #0000ff;\" href=\"https:\/\/ulpmat.com\/fr\/contactez-nous\/\">n&rsquo;h\u00e9sitez pas \u00e0 nous contacter<\/a><\/span> n&rsquo;h\u00e9sitez pas \u00e0 nous contacter si vous avez des questions.<\/p>\n<h2><span style=\"font-size: 14pt;\">Points forts du produit<\/span><\/h2>\n<p>Puret\u00e9 : 99,5<br \/>\nLa densit\u00e9 \u00e9lev\u00e9e garantit un d\u00e9p\u00f4t uniforme de couches minces<br \/>\nDuret\u00e9 et r\u00e9sistance \u00e9lev\u00e9es, adapt\u00e9es aux environnements \u00e0 haute temp\u00e9rature et \u00e0 haute pression<br \/>\nTailles et formes personnalisables<br \/>\nPossibilit\u00e9 de collage sur cible<br \/>\nConvient aux semi-conducteurs, aux rev\u00eatements optiques, \u00e0 l&rsquo;a\u00e9rospatiale et \u00e0 d&rsquo;autres domaines<\/p>\n<h2><span style=\"font-size: 14pt;\">Applications des cibles de pulv\u00e9risation du borure d&rsquo;hafnium<\/span><\/h2>\n<p><span style=\"color: #0000ff;\"><a style=\"color: #0000ff;\" href=\"https:\/\/ulpmat.com\/fr\/candidature\/materiaux-semi-conducteurs\/\">Semi-conducteurs :<\/a> <\/span>En raison de son excellente conductivit\u00e9 et de sa stabilit\u00e9 thermique, elle est largement utilis\u00e9e pour le d\u00e9p\u00f4t de dispositifs \u00e0 haute puissance et de mat\u00e9riaux opto\u00e9lectroniques.<br \/>\nRev\u00eatements optiques : Utilis\u00e9 pour former des films minces de haute duret\u00e9 et de haute r\u00e9flectivit\u00e9, il est particuli\u00e8rement adapt\u00e9 aux applications telles que les composants optiques et les miroirs. A\u00e9rospatiale : Le point de fusion \u00e9lev\u00e9 et la r\u00e9sistance aux temp\u00e9ratures \u00e9lev\u00e9es du HfB\u2082 en font un choix exceptionnel pour les applications a\u00e9rospatiales, ce qui le rend appropri\u00e9 pour la protection contre les temp\u00e9ratures \u00e9lev\u00e9es et les mat\u00e9riaux de blindage thermique.<br \/>\n\u00c9lectricit\u00e9 et \u00e9nergie : il convient au d\u00e9p\u00f4t de dispositifs \u00e9lectroniques de haute puissance, de couches minces solaires et d&rsquo;autres films fonctionnels de haute performance.<\/p>\n<h2><span style=\"font-size: 14pt;\">Rapports<\/span><\/h2>\n<p>Nous fournissons un <span style=\"color: #0000ff;\"><a style=\"color: #0000ff;\" href=\"https:\/\/ulpmat.com\/fr\/service\/analyse-chimique\/\">Certificat d&rsquo;analyse (COA)<\/a><\/span>une fiche de donn\u00e9es de s\u00e9curit\u00e9 (FDS) et d&rsquo;autres rapports pertinents avec chaque envoi. Nous prenons \u00e9galement en charge les tests effectu\u00e9s par des tiers afin de garantir la qualit\u00e9 et la fiabilit\u00e9 des produits.<\/p>\n","protected":false},"excerpt":{"rendered":"<p>Cibles de pulv\u00e9risation du borure d&rsquo;hafnium Vue d&rsquo;ensemble Les cibles de pulv\u00e9risation de borure d&rsquo;hafnium sont des mat\u00e9riaux de haute performance con\u00e7us sp\u00e9cifiquement pour les processus de d\u00e9p\u00f4t de couches minces. D&rsquo;une puret\u00e9 de 99,5 %, elles offrent une densit\u00e9 et une duret\u00e9 excellentes, garantissant un d\u00e9p\u00f4t uniforme de couches minces et une forte adh\u00e9rence, [&hellip;]<\/p>\n","protected":false},"featured_media":16765,"template":"","meta":{"_acf_changed":false},"product_brand":[132],"product_cat":[449],"product_tag":[],"class_list":{"0":"post-16764","1":"product","2":"type-product","3":"status-publish","4":"has-post-thumbnail","6":"product_brand-ulpmat","7":"product_cat-cible-de-pulverisation-ceramique","9":"first","10":"instock","11":"shipping-taxable","12":"product-type-variable"},"acf":[],"_links":{"self":[{"href":"https:\/\/ulpmat.com\/fr\/wp-json\/wp\/v2\/product\/16764","targetHints":{"allow":["GET"]}}],"collection":[{"href":"https:\/\/ulpmat.com\/fr\/wp-json\/wp\/v2\/product"}],"about":[{"href":"https:\/\/ulpmat.com\/fr\/wp-json\/wp\/v2\/types\/product"}],"wp:featuredmedia":[{"embeddable":true,"href":"https:\/\/ulpmat.com\/fr\/wp-json\/wp\/v2\/media\/16765"}],"wp:attachment":[{"href":"https:\/\/ulpmat.com\/fr\/wp-json\/wp\/v2\/media?parent=16764"}],"wp:term":[{"taxonomy":"product_brand","embeddable":true,"href":"https:\/\/ulpmat.com\/fr\/wp-json\/wp\/v2\/product_brand?post=16764"},{"taxonomy":"product_cat","embeddable":true,"href":"https:\/\/ulpmat.com\/fr\/wp-json\/wp\/v2\/product_cat?post=16764"},{"taxonomy":"product_tag","embeddable":true,"href":"https:\/\/ulpmat.com\/fr\/wp-json\/wp\/v2\/product_tag?post=16764"}],"curies":[{"name":"wp","href":"https:\/\/api.w.org\/{rel}","templated":true}]}}