{"id":16662,"date":"2025-10-21T14:25:47","date_gmt":"2025-10-21T06:25:47","guid":{"rendered":"https:\/\/ulpmat.com\/product\/carbure-de-hafnium\/"},"modified":"2025-10-21T14:25:47","modified_gmt":"2025-10-21T06:25:47","slug":"carbure-de-hafnium","status":"publish","type":"product","link":"https:\/\/ulpmat.com\/fr\/produit\/carbure-de-hafnium\/","title":{"rendered":"Carbure de hafnium"},"content":{"rendered":"<h2><span style=\"font-size: 14pt;\">Cibles de pulv\u00e9risation en carbure de hafnium Vue d&rsquo;ensemble<\/span><\/h2>\n<p><span style=\"color: #0000ff;\"><a style=\"color: #0000ff;\" href=\"https:\/\/ulpmat.com\/fr\/recherche\/?type=name&#038;keyword=Hafnium+carbide\">Les cibles de pulv\u00e9risation<\/a><\/span> sont des mat\u00e9riaux c\u00e9ramiques ayant un point de fusion extr\u00eamement \u00e9lev\u00e9 et une excellente r\u00e9sistance \u00e0 la corrosion. Elles sont largement utilis\u00e9es dans les processus de pointe de d\u00e9p\u00f4t de couches minces, tels que les rev\u00eatements \u00e0 haute temp\u00e9rature, \u00e0 haute r\u00e9sistance et r\u00e9sistants \u00e0 l&rsquo;usure. Leur densit\u00e9 \u00e9lev\u00e9e et leur forte stabilit\u00e9 thermique permettent des taux de d\u00e9p\u00f4t stables et une excellente adh\u00e9rence du film.<\/p>\n<p>Nous proposons des cibles de pulv\u00e9risation en carbure d&rsquo;hafnium de diff\u00e9rentes formes et tailles, y compris des cibles rondes, rectangulaires et composites, et nous pouvons les personnaliser pour r\u00e9pondre aux sp\u00e9cifications particuli\u00e8res des clients. Nous fournissons \u00e9galement une solution compl\u00e8te, depuis les conseils sur le choix des mat\u00e9riaux jusqu&rsquo;au traitement des cibles et au service apr\u00e8s-vente <span style=\"color: #0000ff;\"><a style=\"color: #0000ff;\" href=\"https:\/\/ulpmat.com\/fr\/service\/service-apres-vente\/\">service apr\u00e8s-vente.<\/a><\/span><\/p>\n<h2><span style=\"font-size: 14pt;\">Points forts du produit<\/span><\/h2>\n<p>Puret\u00e9 : 99,5<br \/>\nPoint de fusion \u00e9lev\u00e9 (environ 3890\u00b0C), adapt\u00e9 aux environnements extr\u00eames<br \/>\nFaible pression de vapeur et excellente stabilit\u00e9 thermique<br \/>\nTaille, forme et conception des trous personnalisables<br \/>\n<span style=\"color: #0000ff;\"><a style=\"color: #0000ff;\" href=\"https:\/\/ulpmat.com\/fr\/service\/collage-des-cibles\/\">Collage de cibles<\/a><\/span> services de collage cibl\u00e9s disponibles<br \/>\nConvient aux rev\u00eatements fonctionnels \u00e0 haute temp\u00e9rature, aux rev\u00eatements durs et \u00e0 la projection plasma<\/p>\n<h2><span style=\"font-size: 14pt;\">Applications de la cible de pulv\u00e9risation en carbure d&rsquo;hafnium<\/span><\/h2>\n<p>Rev\u00eatements a\u00e9rospatiaux : Utilis\u00e9s comme barri\u00e8res thermiques pour les engins spatiaux et les surfaces structurelles \u00e0 haute temp\u00e9rature, offrant une excellente r\u00e9sistance \u00e0 l&rsquo;ablation.<br \/>\nMicro\u00e9lectronique et semi-conducteurs : Convient comme mat\u00e9riau d&rsquo;\u00e9lectrode, offrant une duret\u00e9 \u00e9lev\u00e9e et une r\u00e9sistance \u00e0 la gravure par plasma. Rev\u00eatement dur pour outils : Am\u00e9liore la dur\u00e9e de vie et la r\u00e9sistance de la surface des outils de coupe.<br \/>\nRev\u00eatement protecteur : Forme un film protecteur r\u00e9sistant \u00e0 la corrosion et aux temp\u00e9ratures \u00e9lev\u00e9es dans des environnements chimiques et thermiques extr\u00eames.<\/p>\n<h2><span style=\"font-size: 14pt;\">Rapports<\/span><\/h2>\n<p>Nous fournissons un <span style=\"color: #0000ff;\"><a style=\"color: #0000ff;\" href=\"https:\/\/ulpmat.com\/fr\/service\/analyse-chimique\/\">Certificat d&rsquo;analyse (COA),<\/a><\/span> Fiche de donn\u00e9es de s\u00e9curit\u00e9 (MSDS) et d&rsquo;autres rapports de conformit\u00e9 avec chaque lot de cibles HfC. Sur demande, nous pouvons \u00e9galement organiser des analyses et des tests de performance par des tiers.<\/p>\n","protected":false},"excerpt":{"rendered":"<p>Cibles de pulv\u00e9risation en carbure de hafnium Vue d&rsquo;ensemble Les cibles de pulv\u00e9risation sont des mat\u00e9riaux c\u00e9ramiques ayant un point de fusion extr\u00eamement \u00e9lev\u00e9 et une excellente r\u00e9sistance \u00e0 la corrosion. Elles sont largement utilis\u00e9es dans les processus de pointe de d\u00e9p\u00f4t de couches minces, tels que les rev\u00eatements \u00e0 haute temp\u00e9rature, \u00e0 haute r\u00e9sistance [&hellip;]<\/p>\n","protected":false},"featured_media":16663,"template":"","meta":{"_acf_changed":false},"product_brand":[132],"product_cat":[449],"product_tag":[],"class_list":{"0":"post-16662","1":"product","2":"type-product","3":"status-publish","4":"has-post-thumbnail","6":"product_brand-ulpmat","7":"product_cat-cible-de-pulverisation-ceramique","9":"first","10":"instock","11":"shipping-taxable","12":"product-type-variable"},"acf":[],"_links":{"self":[{"href":"https:\/\/ulpmat.com\/fr\/wp-json\/wp\/v2\/product\/16662","targetHints":{"allow":["GET"]}}],"collection":[{"href":"https:\/\/ulpmat.com\/fr\/wp-json\/wp\/v2\/product"}],"about":[{"href":"https:\/\/ulpmat.com\/fr\/wp-json\/wp\/v2\/types\/product"}],"wp:featuredmedia":[{"embeddable":true,"href":"https:\/\/ulpmat.com\/fr\/wp-json\/wp\/v2\/media\/16663"}],"wp:attachment":[{"href":"https:\/\/ulpmat.com\/fr\/wp-json\/wp\/v2\/media?parent=16662"}],"wp:term":[{"taxonomy":"product_brand","embeddable":true,"href":"https:\/\/ulpmat.com\/fr\/wp-json\/wp\/v2\/product_brand?post=16662"},{"taxonomy":"product_cat","embeddable":true,"href":"https:\/\/ulpmat.com\/fr\/wp-json\/wp\/v2\/product_cat?post=16662"},{"taxonomy":"product_tag","embeddable":true,"href":"https:\/\/ulpmat.com\/fr\/wp-json\/wp\/v2\/product_tag?post=16662"}],"curies":[{"name":"wp","href":"https:\/\/api.w.org\/{rel}","templated":true}]}}