{"id":16638,"date":"2025-10-21T14:25:47","date_gmt":"2025-10-21T06:25:47","guid":{"rendered":"https:\/\/ulpmat.com\/product\/chlorure-de-hafnium\/"},"modified":"2025-10-21T14:25:47","modified_gmt":"2025-10-21T06:25:47","slug":"chlorure-de-hafnium","status":"publish","type":"product","link":"https:\/\/ulpmat.com\/fr\/produit\/chlorure-de-hafnium\/","title":{"rendered":"Chlorure de hafnium"},"content":{"rendered":"<h2><span style=\"font-size: 14pt;\">Poudre de chlorure de hafnium Aper\u00e7u<\/span><\/h2>\n<p><span style=\"color: #0000ff;\"><a style=\"color: #0000ff;\" href=\"https:\/\/ulpmat.com\/fr\/recherche\/?type=name&#038;keyword=Hafnium+chloride\"> La poudre de chlorure de hafnium<\/a><\/span> est un sel inorganique de haute puret\u00e9 couramment utilis\u00e9 dans les industries de l&rsquo;\u00e9lectronique, de la chimie et des mat\u00e9riaux, en particulier pour le d\u00e9p\u00f4t de couches atomiques (ALD) et la pr\u00e9paration de c\u00e9ramiques de haute performance. Sa grande volatilit\u00e9 et son excellente r\u00e9activit\u00e9 chimique en font un produit adapt\u00e9 aux processus exigeant la plus grande puret\u00e9 et des conditions de r\u00e9action contr\u00f4lables.<\/p>\n<p>Nous proposons la poudre de chlorure d&rsquo;hafnium en diff\u00e9rentes tailles de particules et sp\u00e9cifications d&#8217;emballage, et nous pouvons la personnaliser pour r\u00e9pondre \u00e0 vos besoins sp\u00e9cifiques. Notre \u00e9quipe technique fournit \u00e9galement des conseils en mati\u00e8re d&rsquo;application et un <span style=\"color: #0000ff;\"><a style=\"color: #0000ff;\" href=\"https:\/\/ulpmat.com\/fr\/service\/service-apres-vente\/\">service apr\u00e8s-vente<\/a><\/span> afin de garantir l&rsquo;efficacit\u00e9 et la stabilit\u00e9 des processus exp\u00e9rimentaux et de production.<\/p>\n<h2><span style=\"font-size: 14pt;\">Points forts du produit<\/span><\/h2>\n<p>Puret\u00e9 : 99,8 % \u00e0 99,9 %<br \/>\nVolatile et tr\u00e8s r\u00e9actif, convient au d\u00e9p\u00f4t en phase vapeur ou aux syst\u00e8mes de r\u00e9action \u00e0 haute temp\u00e9rature<br \/>\nContr\u00f4le de la taille des particules disponible sur demande<br \/>\nEmballage personnalis\u00e9 disponible sur demande<\/p>\n<h2><span style=\"font-size: 14pt;\">Applications de la poudre de chlorure d&rsquo;hafnium <\/span><\/h2>\n<p>D\u00e9p\u00f4t de couches atomiques (ALD) : Largement utilis\u00e9 comme pr\u00e9curseur pour les mat\u00e9riaux \u00e0 haute duret\u00e9 (tels que HfO\u2082) dans la pr\u00e9paration des di\u00e9lectriques de grille des transistors \u00e0 semi-conducteurs.<br \/>\nC\u00e9ramiques \u00e0 haute performance : Utilis\u00e9es pour pr\u00e9parer des c\u00e9ramiques \u00e0 base de hafnium \u00e0 point de fusion \u00e9lev\u00e9 pr\u00e9sentant une excellente stabilit\u00e9 thermique et une r\u00e9sistance m\u00e9canique \u00e9lev\u00e9e. Supports et additifs pour catalyseurs : Utilis\u00e9s comme source de chloration ou comme additif m\u00e9tallique dans certaines r\u00e9actions catalytiques sp\u00e9cialis\u00e9es afin d&rsquo;am\u00e9liorer l&rsquo;efficacit\u00e9 catalytique.<br \/>\nR&amp;D : utilis\u00e9 dans des projets de recherche avanc\u00e9e tels que la chimie des mat\u00e9riaux et la synth\u00e8se de pr\u00e9curseurs m\u00e9tallo-organiques.<\/p>\n<h2><span style=\"font-size: 14pt;\">Rapports<\/span><\/h2>\n<p>Nous fournissons un <span style=\"color: #0000ff;\"><a style=\"color: #0000ff;\" href=\"https:\/\/ulpmat.com\/fr\/service\/analyse-chimique\/\">Certificat d&rsquo;analyse (COA)<\/a><\/span>une fiche de donn\u00e9es de s\u00e9curit\u00e9 (FDS) et d&rsquo;autres rapports pertinents avec chaque envoi. Nous prenons \u00e9galement en charge les tests effectu\u00e9s par des tiers pour une meilleure assurance qualit\u00e9.<\/p>\n","protected":false},"excerpt":{"rendered":"<p>Poudre de chlorure de hafnium Aper\u00e7u La poudre de chlorure de hafnium est un sel inorganique de haute puret\u00e9 couramment utilis\u00e9 dans les industries de l&rsquo;\u00e9lectronique, de la chimie et des mat\u00e9riaux, en particulier pour le d\u00e9p\u00f4t de couches atomiques (ALD) et la pr\u00e9paration de c\u00e9ramiques de haute performance. Sa grande volatilit\u00e9 et son excellente [&hellip;]<\/p>\n","protected":false},"featured_media":16639,"template":"","meta":{"_acf_changed":false},"product_brand":[132],"product_cat":[313],"product_tag":[],"class_list":{"0":"post-16638","1":"product","2":"type-product","3":"status-publish","4":"has-post-thumbnail","6":"product_brand-ulpmat","7":"product_cat-materiaux-halogenes","9":"first","10":"instock","11":"shipping-taxable","12":"product-type-variable"},"acf":[],"_links":{"self":[{"href":"https:\/\/ulpmat.com\/fr\/wp-json\/wp\/v2\/product\/16638","targetHints":{"allow":["GET"]}}],"collection":[{"href":"https:\/\/ulpmat.com\/fr\/wp-json\/wp\/v2\/product"}],"about":[{"href":"https:\/\/ulpmat.com\/fr\/wp-json\/wp\/v2\/types\/product"}],"wp:featuredmedia":[{"embeddable":true,"href":"https:\/\/ulpmat.com\/fr\/wp-json\/wp\/v2\/media\/16639"}],"wp:attachment":[{"href":"https:\/\/ulpmat.com\/fr\/wp-json\/wp\/v2\/media?parent=16638"}],"wp:term":[{"taxonomy":"product_brand","embeddable":true,"href":"https:\/\/ulpmat.com\/fr\/wp-json\/wp\/v2\/product_brand?post=16638"},{"taxonomy":"product_cat","embeddable":true,"href":"https:\/\/ulpmat.com\/fr\/wp-json\/wp\/v2\/product_cat?post=16638"},{"taxonomy":"product_tag","embeddable":true,"href":"https:\/\/ulpmat.com\/fr\/wp-json\/wp\/v2\/product_tag?post=16638"}],"curies":[{"name":"wp","href":"https:\/\/api.w.org\/{rel}","templated":true}]}}