{"id":16203,"date":"2025-10-29T15:05:06","date_gmt":"2025-10-29T07:05:06","guid":{"rendered":"https:\/\/ulpmat.com\/product\/aluminate-de-baryum-oxyde-de-baryum-et-daluminium\/"},"modified":"2025-10-29T15:05:06","modified_gmt":"2025-10-29T07:05:06","slug":"aluminate-de-baryum-oxyde-de-baryum-et-daluminium","status":"publish","type":"product","link":"https:\/\/ulpmat.com\/fr\/produit\/aluminate-de-baryum-oxyde-de-baryum-et-daluminium\/","title":{"rendered":"Aluminate de baryum (oxyde de baryum et d&rsquo;aluminium)"},"content":{"rendered":"<h2><span style=\"font-family: georgia, palatino, serif; font-size: 14pt;\">Poudre d&rsquo;aluminate de baryum Aper\u00e7u<\/span><\/h2>\n<p><span style=\"font-family: georgia, palatino, serif;\"><span style=\"color: #0000ff;\"><a style=\"color: #0000ff;\" href=\"https:\/\/ulpmat.com\/fr\/recherche\/?type=name&#038;keyword=Barium+Aluminate\">La poudre d&rsquo;aluminate de baryum<\/a><\/span> est une poudre de haute puret\u00e9 con\u00e7ue sp\u00e9cifiquement pour les c\u00e9ramiques fonctionnelles et les rev\u00eatements de haute performance. D&rsquo;une puret\u00e9 de 99 %, ses particules uniformes et denses pr\u00e9sentent une excellente stabilit\u00e9 thermique et chimique, ce qui garantit d&rsquo;excellentes performances dans toute une s\u00e9rie de processus.<\/span><\/p>\n<p><span style=\"font-family: georgia, palatino, serif;\">Nous proposons une vari\u00e9t\u00e9 de sp\u00e9cifications pour la poudre d&rsquo;aluminate de baryum et pouvons la personnaliser pour r\u00e9pondre \u00e0 vos besoins sp\u00e9cifiques. Nous fournissons \u00e9galement une assistance technique compl\u00e8te et un service apr\u00e8s-vente. Si vous avez des questions lors de l&rsquo;utilisation, n&rsquo;h\u00e9sitez pas \u00e0 <span style=\"color: #0000ff;\"><a style=\"color: #0000ff;\" href=\"https:\/\/ulpmat.com\/fr\/contactez-nous\/\">n&rsquo;h\u00e9sitez pas \u00e0 nous contacter.<\/a><\/span><\/span><\/p>\n<h2><span style=\"font-family: georgia, palatino, serif; font-size: 14pt;\">Points forts du produit<\/span><\/h2>\n<p><span style=\"font-family: georgia, palatino, serif;\">Puret\u00e9 : 99<\/span><br \/>\n<span style=\"font-family: georgia, palatino, serif;\">Particules uniformes avec une excellente dispersibilit\u00e9<\/span><br \/>\n<span style=\"font-family: georgia, palatino, serif;\">Excellente stabilit\u00e9 thermique et chimique<\/span><br \/>\n<span style=\"font-family: georgia, palatino, serif;\"><span style=\"color: #0000ff;\"><a style=\"color: #0000ff;\" href=\"https:\/\/ulpmat.com\/fr\/service\/personnalisation\/\">Personnalisable<\/a> <\/span>taille des particules et sp\u00e9cifications d&#8217;emballage pour r\u00e9pondre aux diverses exigences des processus<\/span><\/p>\n<h2><span style=\"font-family: georgia, palatino, serif; font-size: 14pt;\">Applications<\/span><\/h2>\n<p><span style=\"font-family: georgia, palatino, serif;\">C\u00e9ramiques fonctionnelles : Utilis\u00e9 dans la pr\u00e9paration de substrats c\u00e9ramiques de haute performance<\/span><br \/>\n<span style=\"font-family: georgia, palatino, serif;\"><span style=\"color: #0000ff;\"><a style=\"color: #0000ff;\" href=\"https:\/\/ulpmat.com\/fr\/candidature\/pulverisation-thermique\/\">Mat\u00e9riaux de rev\u00eatement :<\/a><\/span> Utilis\u00e9s dans les rev\u00eatements fonctionnels tels que les rev\u00eatements r\u00e9sistants \u00e0 l&rsquo;usure et \u00e0 la corrosion<\/span><br \/>\n<span style=\"font-family: georgia, palatino, serif;\">Mat\u00e9riaux \u00e9lectroniques : Utilis\u00e9s dans la fabrication d&rsquo;isolants \u00e0 haute temp\u00e9rature et de c\u00e9ramiques \u00e9lectroniques<\/span><br \/>\n<span style=\"font-family: georgia, palatino, serif;\">Mat\u00e9riaux optiques : Composants de certaines c\u00e9ramiques optiques<\/span><\/p>\n<p><span style=\"font-family: georgia, palatino, serif;\">Rapports<\/span><\/p>\n<p><span style=\"font-family: georgia, palatino, serif;\">Nous fournissons un <span style=\"color: #0000ff;\"><a style=\"color: #0000ff;\" href=\"https:\/\/ulpmat.com\/fr\/service\/analyse-chimique\/\">Certificat d&rsquo;analyse (COA)<\/a><\/span>d\u00e9taill\u00e9, une fiche de donn\u00e9es de s\u00e9curit\u00e9 (MSDS) et d&rsquo;autres rapports d&rsquo;essai pertinents avec chaque lot de poudre de BaAl\u2082O\u2084. Nous soutenons les tests effectu\u00e9s par des tiers afin de garantir une qualit\u00e9 de produit constante et fiable.<\/span><\/p>\n","protected":false},"excerpt":{"rendered":"<p>Poudre d&rsquo;aluminate de baryum Aper\u00e7u La poudre d&rsquo;aluminate de baryum est une poudre de haute puret\u00e9 con\u00e7ue sp\u00e9cifiquement pour les c\u00e9ramiques fonctionnelles et les rev\u00eatements de haute performance. D&rsquo;une puret\u00e9 de 99 %, ses particules uniformes et denses pr\u00e9sentent une excellente stabilit\u00e9 thermique et chimique, ce qui garantit d&rsquo;excellentes performances dans toute une s\u00e9rie de [&hellip;]<\/p>\n","protected":false},"featured_media":16204,"template":"","meta":{"_acf_changed":false},"product_brand":[132],"product_cat":[1184],"product_tag":[],"class_list":{"0":"post-16203","1":"product","2":"type-product","3":"status-publish","4":"has-post-thumbnail","6":"product_brand-ulpmat","7":"product_cat-autres-acides","9":"first","10":"instock","11":"shipping-taxable","12":"product-type-variable"},"acf":[],"_links":{"self":[{"href":"https:\/\/ulpmat.com\/fr\/wp-json\/wp\/v2\/product\/16203","targetHints":{"allow":["GET"]}}],"collection":[{"href":"https:\/\/ulpmat.com\/fr\/wp-json\/wp\/v2\/product"}],"about":[{"href":"https:\/\/ulpmat.com\/fr\/wp-json\/wp\/v2\/types\/product"}],"wp:featuredmedia":[{"embeddable":true,"href":"https:\/\/ulpmat.com\/fr\/wp-json\/wp\/v2\/media\/16204"}],"wp:attachment":[{"href":"https:\/\/ulpmat.com\/fr\/wp-json\/wp\/v2\/media?parent=16203"}],"wp:term":[{"taxonomy":"product_brand","embeddable":true,"href":"https:\/\/ulpmat.com\/fr\/wp-json\/wp\/v2\/product_brand?post=16203"},{"taxonomy":"product_cat","embeddable":true,"href":"https:\/\/ulpmat.com\/fr\/wp-json\/wp\/v2\/product_cat?post=16203"},{"taxonomy":"product_tag","embeddable":true,"href":"https:\/\/ulpmat.com\/fr\/wp-json\/wp\/v2\/product_tag?post=16203"}],"curies":[{"name":"wp","href":"https:\/\/api.w.org\/{rel}","templated":true}]}}