{"id":16185,"date":"2025-10-29T15:05:07","date_gmt":"2025-10-29T07:05:07","guid":{"rendered":"https:\/\/ulpmat.com\/product\/borure-de-baryum\/"},"modified":"2025-10-29T15:05:07","modified_gmt":"2025-10-29T07:05:07","slug":"borure-de-baryum","status":"publish","type":"product","link":"https:\/\/ulpmat.com\/fr\/produit\/borure-de-baryum\/","title":{"rendered":"Borure de baryum"},"content":{"rendered":"<h2><span style=\"font-family: georgia, palatino, serif; font-size: 14pt;\">Poudre de borure de baryum Aper\u00e7u<\/span><\/h2>\n<p><span style=\"font-family: georgia, palatino, serif;\"><span style=\"color: #0000ff;\"><a style=\"color: #0000ff;\" href=\"https:\/\/ulpmat.com\/fr\/recherche\/?type=name&#038;keyword=Barium+Boride\">La poudre de borure de baryum<\/a><\/span> est une poudre de haute puret\u00e9 con\u00e7ue sp\u00e9cifiquement pour la pr\u00e9paration de mat\u00e9riaux de haute performance et de rev\u00eatements fonctionnels. Avec une puret\u00e9 de 99,9 %, des particules uniformes et denses, elle offre une excellente stabilit\u00e9 thermique et une excellente conductivit\u00e9 \u00e9lectrique, garantissant des performances sup\u00e9rieures dans une vari\u00e9t\u00e9 d&rsquo;applications haut de gamme.<\/span><\/p>\n<p><span style=\"font-family: georgia, palatino, serif;\">Nous offrons une vari\u00e9t\u00e9 de sp\u00e9cifications de poudre de borure de baryum et pouvons les personnaliser pour r\u00e9pondre \u00e0 vos besoins sp\u00e9cifiques. Nous fournissons \u00e9galement une assistance technique compl\u00e8te et un service apr\u00e8s-vente. Si vous avez des questions pendant l&rsquo;utilisation, n&rsquo;h\u00e9sitez pas \u00e0 nous contacter <span style=\"color: #0000ff;\"><a style=\"color: #0000ff;\" href=\"https:\/\/ulpmat.com\/fr\/contactez-nous\/\">n&rsquo;h\u00e9sitez pas \u00e0 nous contacter.<\/a><\/span><\/span><\/p>\n<h2><span style=\"font-family: georgia, palatino, serif; font-size: 14pt;\">Points forts du produit<\/span><\/h2>\n<p><span style=\"font-family: georgia, palatino, serif;\">Puret\u00e9 : 99,9<\/span><br \/>\n<span style=\"font-family: georgia, palatino, serif;\">Particules uniformes et denses avec une excellente stabilit\u00e9 thermique<\/span><br \/>\n<span style=\"font-family: georgia, palatino, serif;\">Excellentes conductivit\u00e9 \u00e9lectrique et propri\u00e9t\u00e9s m\u00e9caniques<\/span><br \/>\n<span style=\"font-family: georgia, palatino, serif;\"><span style=\"color: #0000ff;\"><a style=\"color: #0000ff;\" href=\"https:\/\/ulpmat.com\/fr\/service\/personnalisation\/\">Personnalisable<\/a><\/span> taille des particules et sp\u00e9cifications d&#8217;emballage personnalisables pour r\u00e9pondre aux diverses exigences des processus<\/span><\/p>\n<h2><span style=\"font-family: georgia, palatino, serif; font-size: 14pt;\">Applications du carbonate de baryum en poudre<\/span><\/h2>\n<p><span style=\"font-family: georgia, palatino, serif;\">Mat\u00e9riaux \u00e9lectroniques : Utilis\u00e9 dans la pr\u00e9paration de dispositifs \u00e9lectroniques et de mat\u00e9riaux conducteurs<\/span><br \/>\n<span style=\"font-family: georgia, palatino, serif;\">Rev\u00eatements fonctionnels : Mati\u00e8re premi\u00e8re essentielle pour les rev\u00eatements r\u00e9sistants \u00e0 l&rsquo;usure et \u00e0 la corrosion<\/span><br \/>\n<span style=\"font-family: georgia, palatino, serif;\">Mat\u00e9riaux haute temp\u00e9rature : Convient aux composants structurels \u00e0 haute temp\u00e9rature et \u00e0 la pr\u00e9paration de c\u00e9ramiques sp\u00e9cialis\u00e9es<\/span><br \/>\n<span style=\"font-family: georgia, palatino, serif;\">Mat\u00e9riaux magn\u00e9tiques : Utilis\u00e9s dans la fabrication de certains composites magn\u00e9tiques<\/span><\/p>\n<h2><span style=\"font-family: georgia, palatino, serif; font-size: 14pt;\">Rapports<\/span><\/h2>\n<p><span style=\"font-family: georgia, palatino, serif;\">Nous fournissons un<span style=\"color: #0000ff;\"><a style=\"color: #0000ff;\" href=\"https:\/\/ulpmat.com\/fr\/service\/analyse-chimique\/\"> Certificat d&rsquo;analyse (COA<\/a><\/span>), une fiche de donn\u00e9es de s\u00e9curit\u00e9 (FDS) et d&rsquo;autres rapports d&rsquo;essai pertinents avec chaque lot de poudre de BaB\u2086. Nous soutenons les tests effectu\u00e9s par des tiers afin de garantir une qualit\u00e9 de produit constante et fiable.<\/span><\/p>\n","protected":false},"excerpt":{"rendered":"<p>Poudre de borure de baryum Aper\u00e7u La poudre de borure de baryum est une poudre de haute puret\u00e9 con\u00e7ue sp\u00e9cifiquement pour la pr\u00e9paration de mat\u00e9riaux de haute performance et de rev\u00eatements fonctionnels. Avec une puret\u00e9 de 99,9 %, des particules uniformes et denses, elle offre une excellente stabilit\u00e9 thermique et une excellente conductivit\u00e9 \u00e9lectrique, garantissant [&hellip;]<\/p>\n","protected":false},"featured_media":16186,"template":"","meta":{"_acf_changed":false},"product_brand":[132],"product_cat":[710],"product_tag":[],"class_list":{"0":"post-16185","1":"product","2":"type-product","3":"status-publish","4":"has-post-thumbnail","6":"product_brand-ulpmat","7":"product_cat-materiaux-refractaires","9":"first","10":"instock","11":"shipping-taxable","12":"product-type-variable"},"acf":[],"_links":{"self":[{"href":"https:\/\/ulpmat.com\/fr\/wp-json\/wp\/v2\/product\/16185","targetHints":{"allow":["GET"]}}],"collection":[{"href":"https:\/\/ulpmat.com\/fr\/wp-json\/wp\/v2\/product"}],"about":[{"href":"https:\/\/ulpmat.com\/fr\/wp-json\/wp\/v2\/types\/product"}],"wp:featuredmedia":[{"embeddable":true,"href":"https:\/\/ulpmat.com\/fr\/wp-json\/wp\/v2\/media\/16186"}],"wp:attachment":[{"href":"https:\/\/ulpmat.com\/fr\/wp-json\/wp\/v2\/media?parent=16185"}],"wp:term":[{"taxonomy":"product_brand","embeddable":true,"href":"https:\/\/ulpmat.com\/fr\/wp-json\/wp\/v2\/product_brand?post=16185"},{"taxonomy":"product_cat","embeddable":true,"href":"https:\/\/ulpmat.com\/fr\/wp-json\/wp\/v2\/product_cat?post=16185"},{"taxonomy":"product_tag","embeddable":true,"href":"https:\/\/ulpmat.com\/fr\/wp-json\/wp\/v2\/product_tag?post=16185"}],"curies":[{"name":"wp","href":"https:\/\/api.w.org\/{rel}","templated":true}]}}