{"id":16161,"date":"2025-10-29T15:05:07","date_gmt":"2025-10-29T07:05:07","guid":{"rendered":"https:\/\/ulpmat.com\/product\/carbonate-de-baryum\/"},"modified":"2025-10-29T15:05:07","modified_gmt":"2025-10-29T07:05:07","slug":"carbonate-de-baryum","status":"publish","type":"product","link":"https:\/\/ulpmat.com\/fr\/produit\/carbonate-de-baryum\/","title":{"rendered":"Carbonate de baryum"},"content":{"rendered":"<h2><span style=\"font-family: georgia, palatino, serif;\"><span style=\"font-size: 14pt;\">Carbonate de<\/span> baryum en poudre Aper\u00e7u<\/span><\/h2>\n<p><span style=\"font-family: georgia, palatino, serif;\"><span style=\"color: #0000ff;\"><a style=\"color: #0000ff;\" href=\"https:\/\/ulpmat.com\/fr\/recherche\/?type=name&#038;keyword=Barium+Carbonate\">La poudre de carbonate de baryum<\/a><\/span> est un mat\u00e9riau de haute puret\u00e9 con\u00e7u sp\u00e9cifiquement pour la pr\u00e9paration de c\u00e9ramiques, de rev\u00eatements et de mat\u00e9riaux fonctionnels. D&rsquo;une puret\u00e9 allant jusqu&rsquo;\u00e0 99,9 %, ses particules finement divis\u00e9es pr\u00e9sentent une excellente stabilit\u00e9 chimique et une excellente dispersibilit\u00e9, ce qui garantit des performances stables dans toute une s\u00e9rie de processus.<\/span><\/p>\n<p><span style=\"font-family: georgia, palatino, serif;\">Nous offrons une vari\u00e9t\u00e9 de sp\u00e9cifications de poudre de carbonate de baryum et pouvons les personnaliser pour r\u00e9pondre \u00e0 vos besoins sp\u00e9cifiques. Nous fournissons \u00e9galement une assistance technique compl\u00e8te et un service apr\u00e8s-vente. Si vous avez des questions pendant l&rsquo;utilisation, n&rsquo;h\u00e9sitez pas \u00e0 <span style=\"color: #0000ff;\"><a style=\"color: #0000ff;\" href=\"https:\/\/ulpmat.com\/fr\/contactez-nous\/\">nous contacter<\/a><\/span>.<\/span><\/p>\n<h2><span style=\"font-family: georgia, palatino, serif; font-size: 14pt;\">Points forts du produit<\/span><\/h2>\n<p><span style=\"font-family: georgia, palatino, serif;\">Puret\u00e9 : 99,9<\/span><br \/>\n<span style=\"font-family: georgia, palatino, serif;\">Particules uniformes avec une excellente dispersibilit\u00e9<\/span><br \/>\n<span style=\"font-family: georgia, palatino, serif;\">Excellente stabilit\u00e9 chimique et thermique<\/span><br \/>\n<span style=\"font-family: georgia, palatino, serif;\"><span style=\"color: #0000ff;\"><a style=\"color: #0000ff;\" href=\"https:\/\/ulpmat.com\/fr\/service\/personnalisation\/\">Personnalisable<\/a><\/span> taille des particules et sp\u00e9cifications d&#8217;emballage pour r\u00e9pondre aux diverses exigences des processus<\/span><\/p>\n<h2><span style=\"font-family: georgia, palatino, serif; font-size: 14pt;\">Applications de la poudre de carbonate de baryum<\/span><\/h2>\n<p><span style=\"font-family: georgia, palatino, serif;\">Fabrication de c\u00e9ramiques : Composant cl\u00e9 des mat\u00e9riaux c\u00e9ramiques, am\u00e9liorant les propri\u00e9t\u00e9s des mat\u00e9riaux<\/span><br \/>\n<span style=\"font-family: georgia, palatino, serif;\">Industrie des rev\u00eatements : Utilis\u00e9 dans la pr\u00e9paration de rev\u00eatements fonctionnels et de pigments<\/span><br \/>\n<span style=\"font-family: georgia, palatino, serif;\"><span style=\"color: #0000ff;\"><a style=\"color: #0000ff;\" href=\"https:\/\/ulpmat.com\/fr\/candidature\/materiaux-optiques\/\">Mat\u00e9riaux optiques :<\/a><\/span> Comme pr\u00e9curseur de certaines c\u00e9ramiques optiques<\/span><br \/>\n<span style=\"font-family: georgia, palatino, serif;\">Support de catalyseur : Utilis\u00e9 dans la fabrication de catalyseurs et d&rsquo;adsorbants<\/span><\/p>\n<h2><span style=\"font-family: georgia, palatino, serif; font-size: 14pt;\">Rapports<\/span><\/h2>\n<p><span style=\"font-family: georgia, palatino, serif;\">Nous fournissons un <span style=\"color: #0000ff;\"><a style=\"color: #0000ff;\" href=\"https:\/\/ulpmat.com\/fr\/service\/analyse-chimique\/\">Certificat d&rsquo;analyse (COA)<\/a><\/span>d\u00e9taill\u00e9, une fiche de donn\u00e9es de s\u00e9curit\u00e9 (MSDS) et d&rsquo;autres rapports d&rsquo;essai pertinents avec chaque lot de poudre de BaCO\u2083. Nous soutenons les tests effectu\u00e9s par des tiers afin de garantir une qualit\u00e9 constante et fiable des produits.<\/span><\/p>\n","protected":false},"excerpt":{"rendered":"<p>Carbonate de baryum en poudre Aper\u00e7u La poudre de carbonate de baryum est un mat\u00e9riau de haute puret\u00e9 con\u00e7u sp\u00e9cifiquement pour la pr\u00e9paration de c\u00e9ramiques, de rev\u00eatements et de mat\u00e9riaux fonctionnels. D&rsquo;une puret\u00e9 allant jusqu&rsquo;\u00e0 99,9 %, ses particules finement divis\u00e9es pr\u00e9sentent une excellente stabilit\u00e9 chimique et une excellente dispersibilit\u00e9, ce qui garantit des performances [&hellip;]<\/p>\n","protected":false},"featured_media":16162,"template":"","meta":{"_acf_changed":false},"product_brand":[132],"product_cat":[1184],"product_tag":[],"class_list":{"0":"post-16161","1":"product","2":"type-product","3":"status-publish","4":"has-post-thumbnail","6":"product_brand-ulpmat","7":"product_cat-autres-acides","9":"first","10":"instock","11":"shipping-taxable","12":"product-type-variable"},"acf":[],"_links":{"self":[{"href":"https:\/\/ulpmat.com\/fr\/wp-json\/wp\/v2\/product\/16161","targetHints":{"allow":["GET"]}}],"collection":[{"href":"https:\/\/ulpmat.com\/fr\/wp-json\/wp\/v2\/product"}],"about":[{"href":"https:\/\/ulpmat.com\/fr\/wp-json\/wp\/v2\/types\/product"}],"wp:featuredmedia":[{"embeddable":true,"href":"https:\/\/ulpmat.com\/fr\/wp-json\/wp\/v2\/media\/16162"}],"wp:attachment":[{"href":"https:\/\/ulpmat.com\/fr\/wp-json\/wp\/v2\/media?parent=16161"}],"wp:term":[{"taxonomy":"product_brand","embeddable":true,"href":"https:\/\/ulpmat.com\/fr\/wp-json\/wp\/v2\/product_brand?post=16161"},{"taxonomy":"product_cat","embeddable":true,"href":"https:\/\/ulpmat.com\/fr\/wp-json\/wp\/v2\/product_cat?post=16161"},{"taxonomy":"product_tag","embeddable":true,"href":"https:\/\/ulpmat.com\/fr\/wp-json\/wp\/v2\/product_tag?post=16161"}],"curies":[{"name":"wp","href":"https:\/\/api.w.org\/{rel}","templated":true}]}}