{"id":16101,"date":"2025-10-29T15:05:09","date_gmt":"2025-10-29T07:05:09","guid":{"rendered":"https:\/\/ulpmat.com\/product\/fluorure-de-baryum-2\/"},"modified":"2025-10-29T15:05:09","modified_gmt":"2025-10-29T07:05:09","slug":"fluorure-de-baryum-2","status":"publish","type":"product","link":"https:\/\/ulpmat.com\/fr\/produit\/fluorure-de-baryum-2\/","title":{"rendered":"Fluorure de baryum"},"content":{"rendered":"<h2><span style=\"font-family: georgia, palatino, serif; font-size: 14pt;\">Fluorure de baryum en poudre Aper\u00e7u<\/span><\/h2>\n<p><span style=\"font-family: georgia, palatino, serif;\"><span style=\"color: #0000ff;\"><a style=\"color: #0000ff;\" href=\"https:\/\/ulpmat.com\/fr\/recherche\/?type=name&#038;keyword=Barium+Fluoride\">La poudre de fluorure de baryum<\/a><\/span> est un mat\u00e9riau de haute puret\u00e9 con\u00e7u sp\u00e9cifiquement pour la pr\u00e9paration des mat\u00e9riaux optiques et les processus de rev\u00eatement fonctionnel. D&rsquo;une puret\u00e9 allant jusqu&rsquo;\u00e0 99,99 %, ses particules fines et uniformes pr\u00e9sentent une excellente stabilit\u00e9 thermique et chimique, ce qui garantit une performance constante et fiable du mat\u00e9riau.<\/span><\/p>\n<p><span style=\"font-family: georgia, palatino, serif;\">Nous proposons la poudre de fluorure de baryum dans une vari\u00e9t\u00e9 de tailles de particules et de sp\u00e9cifications d&#8217;emballage, et nous pouvons la personnaliser pour r\u00e9pondre \u00e0 vos besoins sp\u00e9cifiques. Nous fournissons \u00e9galement une assistance technique compl\u00e8te et un service apr\u00e8s-vente &#8211; si vous avez des questions pendant l&rsquo;utilisation, n&rsquo;h\u00e9sitez pas \u00e0 <span style=\"color: #0000ff;\"><a style=\"color: #0000ff;\" href=\"https:\/\/ulpmat.com\/fr\/contactez-nous\/\">n&rsquo;h\u00e9sitez pas \u00e0 nous contacter.<\/a><\/span><\/span><\/p>\n<h2><span style=\"font-family: georgia, palatino, serif; font-size: 14pt;\">Points forts du produit<\/span><\/h2>\n<p><span style=\"font-family: georgia, palatino, serif;\">Puret\u00e9 : 99 % \u00e0 99,99 %<\/span><br \/>\n<span style=\"font-family: georgia, palatino, serif;\">Taille de particule uniforme pour une dispersion et un traitement faciles<\/span><br \/>\n<span style=\"font-family: georgia, palatino, serif;\">Excellente stabilit\u00e9 thermique et chimique<\/span><br \/>\n<span style=\"font-family: georgia, palatino, serif;\">Taille des particules et sp\u00e9cifications d&#8217;emballage personnalisables pour r\u00e9pondre aux diverses exigences des processus<\/span><\/p>\n<h2><span style=\"font-family: georgia, palatino, serif; font-size: 14pt;\">Applications de la poudre de fluorure de baryum <\/span><\/h2>\n<p><span style=\"font-family: georgia, palatino, serif;\"><span style=\"color: #0000ff;\"><a style=\"color: #0000ff;\" href=\"https:\/\/ulpmat.com\/fr\/candidature\/materiaux-optiques\/\">Mat\u00e9riaux optiques :<\/a><\/span> Utilis\u00e9s dans la fabrication de composants optiques UV \u00e0 IR, tels que les lentilles et les fen\u00eatres<\/span><br \/>\n<span style=\"font-family: georgia, palatino, serif;\">D\u00e9p\u00f4t de couches minces : Sert de mati\u00e8re premi\u00e8re de haute qualit\u00e9 pour des proc\u00e9d\u00e9s tels que la pulv\u00e9risation cathodique et le d\u00e9p\u00f4t chimique en phase vapeur (CVD)<\/span><br \/>\n<span style=\"font-family: georgia, palatino, serif;\">Technologie laser : Utilis\u00e9e dans la fabrication de lasers et de dispositifs optiques connexes<\/span><br \/>\n<span style=\"font-family: georgia, palatino, serif;\">Rev\u00eatements fonctionnels : Utilis\u00e9s pour la pr\u00e9paration de rev\u00eatements de haute performance, r\u00e9sistants \u00e0 l&rsquo;usure et \u00e0 la corrosion<\/span><\/p>\n<h2><span style=\"font-family: georgia, palatino, serif; font-size: 14pt;\">Rapports<\/span><\/h2>\n<p><span style=\"font-family: georgia, palatino, serif;\">Nous fournissons un <span style=\"color: #0000ff;\"><a style=\"color: #0000ff;\" href=\"https:\/\/ulpmat.com\/fr\/service\/analyse-chimique\/\">Certificat d&rsquo;analyse (COA)<\/a><\/span>d\u00e9taill\u00e9, une fiche de donn\u00e9es de s\u00e9curit\u00e9 (MSDS) et d&rsquo;autres rapports d&rsquo;essai pertinents pour chaque lot de poudre de BaF\u2082. Nous prenons en charge les tests effectu\u00e9s par des tiers afin de garantir une qualit\u00e9 de produit constante et fiable.<\/span><\/p>\n","protected":false},"excerpt":{"rendered":"<p>Fluorure de baryum en poudre Aper\u00e7u La poudre de fluorure de baryum est un mat\u00e9riau de haute puret\u00e9 con\u00e7u sp\u00e9cifiquement pour la pr\u00e9paration des mat\u00e9riaux optiques et les processus de rev\u00eatement fonctionnel. D&rsquo;une puret\u00e9 allant jusqu&rsquo;\u00e0 99,99 %, ses particules fines et uniformes pr\u00e9sentent une excellente stabilit\u00e9 thermique et chimique, ce qui garantit une performance [&hellip;]<\/p>\n","protected":false},"featured_media":16102,"template":"","meta":{"_acf_changed":false},"product_brand":[132],"product_cat":[313],"product_tag":[],"class_list":{"0":"post-16101","1":"product","2":"type-product","3":"status-publish","4":"has-post-thumbnail","6":"product_brand-ulpmat","7":"product_cat-materiaux-halogenes","9":"first","10":"instock","11":"shipping-taxable","12":"product-type-variable"},"acf":[],"_links":{"self":[{"href":"https:\/\/ulpmat.com\/fr\/wp-json\/wp\/v2\/product\/16101","targetHints":{"allow":["GET"]}}],"collection":[{"href":"https:\/\/ulpmat.com\/fr\/wp-json\/wp\/v2\/product"}],"about":[{"href":"https:\/\/ulpmat.com\/fr\/wp-json\/wp\/v2\/types\/product"}],"wp:featuredmedia":[{"embeddable":true,"href":"https:\/\/ulpmat.com\/fr\/wp-json\/wp\/v2\/media\/16102"}],"wp:attachment":[{"href":"https:\/\/ulpmat.com\/fr\/wp-json\/wp\/v2\/media?parent=16101"}],"wp:term":[{"taxonomy":"product_brand","embeddable":true,"href":"https:\/\/ulpmat.com\/fr\/wp-json\/wp\/v2\/product_brand?post=16101"},{"taxonomy":"product_cat","embeddable":true,"href":"https:\/\/ulpmat.com\/fr\/wp-json\/wp\/v2\/product_cat?post=16101"},{"taxonomy":"product_tag","embeddable":true,"href":"https:\/\/ulpmat.com\/fr\/wp-json\/wp\/v2\/product_tag?post=16101"}],"curies":[{"name":"wp","href":"https:\/\/api.w.org\/{rel}","templated":true}]}}