{"id":15789,"date":"2025-10-29T15:05:12","date_gmt":"2025-10-29T07:05:12","guid":{"rendered":"https:\/\/ulpmat.com\/product\/titanate-de-baryum-et-de-strontium\/"},"modified":"2025-10-29T15:05:12","modified_gmt":"2025-10-29T07:05:12","slug":"titanate-de-baryum-et-de-strontium","status":"publish","type":"product","link":"https:\/\/ulpmat.com\/fr\/produit\/titanate-de-baryum-et-de-strontium\/","title":{"rendered":"Titanate de baryum et de strontium"},"content":{"rendered":"<h2><span style=\"font-family: georgia, palatino, serif; font-size: 14pt;\">Cibles de pulv\u00e9risation cathodique en titane de baryum et strontium Vue d&rsquo;ensemble<\/span><\/h2>\n<p><span style=\"font-family: georgia, palatino, serif;\"><span style=\"color: #0000ff;\"><a style=\"color: #0000ff;\" href=\"https:\/\/ulpmat.com\/fr\/recherche\/?type=name&#038;keyword=Barium+Strontium+Titanate\"> Les cibles de pulv\u00e9risation cathodique en titanate de baryum et de strontium<\/a> <\/span>sont sp\u00e9cialement con\u00e7ues pour les processus de d\u00e9p\u00f4t de couches minces. Elles se caract\u00e9risent par une grande puret\u00e9 et une excellente densit\u00e9, ce qui garantit un d\u00e9p\u00f4t uniforme et des performances stables. Avec une puret\u00e9 de 99,95 % et une teneur en impuret\u00e9s extr\u00eamement faible, elles conviennent \u00e0 la production de couches minces en c\u00e9ramique \u00e9lectronique de haute performance.<\/span><\/p>\n<p><span style=\"font-family: georgia, palatino, serif;\">Nous proposons une vari\u00e9t\u00e9 de cibles de pulv\u00e9risation de titanate de baryum et de strontium de diff\u00e9rentes tailles, y compris des formes rondes et rectangulaires, et nous pouvons \u00e9galement les personnaliser pour r\u00e9pondre aux besoins des clients. Nous fournissons \u00e9galement un service apr\u00e8s-vente complet ; n&rsquo;h\u00e9sitez pas \u00e0 <span style=\"color: #0000ff;\"><a style=\"color: #0000ff;\" href=\"https:\/\/ulpmat.com\/fr\/contactez-nous\/\">n&rsquo;h\u00e9sitez pas \u00e0 nous contacter<\/a> <\/span>n&rsquo;h\u00e9sitez pas \u00e0 nous contacter pour toute question.<\/span><\/p>\n<h2><span style=\"font-family: georgia, palatino, serif; font-size: 14pt;\">Points forts du produit<\/span><\/h2>\n<p><span style=\"font-family: georgia, palatino, serif;\">Puret\u00e9 : 99,95<\/span><br \/>\n<span style=\"font-family: georgia, palatino, serif;\">La densit\u00e9 \u00e9lev\u00e9e garantit un d\u00e9p\u00f4t uniforme de couches minces<\/span><br \/>\n<span style=\"font-family: georgia, palatino, serif;\">Taille et forme personnalisables<\/span><br \/>\n<span style=\"font-family: georgia, palatino, serif;\">Excellentes propri\u00e9t\u00e9s di\u00e9lectriques et stabilit\u00e9 thermique<\/span><\/p>\n<h2><span style=\"font-family: georgia, palatino, serif; font-size: 14pt;\">Applications de la cible de pulv\u00e9risation du titanate de baryum et de strontium<\/span><\/h2>\n<p><span style=\"font-family: georgia, palatino, serif;\">Couches minces en c\u00e9ramique fonctionnelle : Utilis\u00e9es pour la production de couches minces di\u00e9lectriques et ferro\u00e9lectriques de haute performance, largement utilis\u00e9es dans les composants \u00e9lectroniques tels que les capteurs et les condensateurs.<\/span><br \/>\n<span style=\"font-family: georgia, palatino, serif;\">Dispositifs \u00e9lectroniques : Convient \u00e0 la fabrication de transistors en couches minces, de couches di\u00e9lectriques et de dispositifs micro\u00e9lectroniques.<\/span><br \/>\n<span style=\"font-family: georgia, palatino, serif;\">Mat\u00e9riaux opto\u00e9lectroniques : Utilis\u00e9s pour la production de couches minces opto\u00e9lectroniques multifonctionnelles, am\u00e9liorant l&rsquo;efficacit\u00e9 et la stabilit\u00e9 des dispositifs.<\/span><\/p>\n<h2><span style=\"font-family: georgia, palatino, serif; font-size: 14pt;\">Rapports<\/span><\/h2>\n<p><span style=\"font-family: georgia, palatino, serif;\">Nous fournissons un <span style=\"color: #0000ff;\"><a style=\"color: #0000ff;\" href=\"https:\/\/ulpmat.com\/fr\/service\/support-technique\/\">Certificat d&rsquo;analyse (COA)<\/a><\/span>une fiche de donn\u00e9es de s\u00e9curit\u00e9 et d&rsquo;autres rapports pertinents pour chaque lot de cibles de pulv\u00e9risation BaSrTiO\u2083. Nous prenons \u00e9galement en charge les tests effectu\u00e9s par des tiers afin de garantir que la qualit\u00e9 des produits r\u00e9pond aux normes du client.<\/span><\/p>\n","protected":false},"excerpt":{"rendered":"<p>Cibles de pulv\u00e9risation cathodique en titane de baryum et strontium Vue d&rsquo;ensemble Les cibles de pulv\u00e9risation cathodique en titanate de baryum et de strontium sont sp\u00e9cialement con\u00e7ues pour les processus de d\u00e9p\u00f4t de couches minces. Elles se caract\u00e9risent par une grande puret\u00e9 et une excellente densit\u00e9, ce qui garantit un d\u00e9p\u00f4t uniforme et des performances [&hellip;]<\/p>\n","protected":false},"featured_media":15790,"template":"","meta":{"_acf_changed":false},"product_brand":[132],"product_cat":[449],"product_tag":[],"class_list":{"0":"post-15789","1":"product","2":"type-product","3":"status-publish","4":"has-post-thumbnail","6":"product_brand-ulpmat","7":"product_cat-cible-de-pulverisation-ceramique","9":"first","10":"instock","11":"shipping-taxable","12":"product-type-variable"},"acf":[],"_links":{"self":[{"href":"https:\/\/ulpmat.com\/fr\/wp-json\/wp\/v2\/product\/15789","targetHints":{"allow":["GET"]}}],"collection":[{"href":"https:\/\/ulpmat.com\/fr\/wp-json\/wp\/v2\/product"}],"about":[{"href":"https:\/\/ulpmat.com\/fr\/wp-json\/wp\/v2\/types\/product"}],"wp:featuredmedia":[{"embeddable":true,"href":"https:\/\/ulpmat.com\/fr\/wp-json\/wp\/v2\/media\/15790"}],"wp:attachment":[{"href":"https:\/\/ulpmat.com\/fr\/wp-json\/wp\/v2\/media?parent=15789"}],"wp:term":[{"taxonomy":"product_brand","embeddable":true,"href":"https:\/\/ulpmat.com\/fr\/wp-json\/wp\/v2\/product_brand?post=15789"},{"taxonomy":"product_cat","embeddable":true,"href":"https:\/\/ulpmat.com\/fr\/wp-json\/wp\/v2\/product_cat?post=15789"},{"taxonomy":"product_tag","embeddable":true,"href":"https:\/\/ulpmat.com\/fr\/wp-json\/wp\/v2\/product_tag?post=15789"}],"curies":[{"name":"wp","href":"https:\/\/api.w.org\/{rel}","templated":true}]}}