{"id":15747,"date":"2025-10-29T15:05:13","date_gmt":"2025-10-29T07:05:13","guid":{"rendered":"https:\/\/ulpmat.com\/product\/titanate-de-baryum-oxyde-de-baryum-et-de-titane-2\/"},"modified":"2025-10-29T15:05:13","modified_gmt":"2025-10-29T07:05:13","slug":"titanate-de-baryum-oxyde-de-baryum-et-de-titane-2","status":"publish","type":"product","link":"https:\/\/ulpmat.com\/fr\/produit\/titanate-de-baryum-oxyde-de-baryum-et-de-titane-2\/","title":{"rendered":"Titanate de baryum (oxyde de baryum et de titane)"},"content":{"rendered":"<h2><span style=\"font-family: georgia, palatino, serif; font-size: 14pt;\">Poudre de titanate de baryum Aper\u00e7u<\/span><\/h2>\n<p><span style=\"font-family: georgia, palatino, serif;\"><span style=\"color: #0000ff;\"><a style=\"color: #0000ff;\" href=\"https:\/\/ulpmat.com\/fr\/recherche\/?type=name&#038;keyword=Barium+Titanate\">La poudre de titanate de baryum<\/a> <\/span>est un mat\u00e9riau c\u00e9ramique fonctionnel de haute puret\u00e9 con\u00e7u pour la fabrication de c\u00e9ramiques \u00e9lectroniques et de films minces. Avec une puret\u00e9 allant jusqu&rsquo;\u00e0 99,99 %, des particules fines et uniformes et une excellente stabilit\u00e9 thermique et chimique, elle garantit la stabilit\u00e9 et la fiabilit\u00e9 des c\u00e9ramiques et des films minces obtenus.<\/span><\/p>\n<p><span style=\"font-family: georgia, palatino, serif;\">Nous offrons une vari\u00e9t\u00e9 de sp\u00e9cifications de poudre de titanate de baryum, personnalisables pour r\u00e9pondre \u00e0 vos besoins. Nous fournissons \u00e9galement une assistance technique compl\u00e8te et un service apr\u00e8s-vente. N&rsquo;h\u00e9sitez pas \u00e0 nous contacter pour toute question.<\/span><\/p>\n<h2><span style=\"font-family: georgia, palatino, serif; font-size: 14pt;\">Points forts du produit<\/span><\/h2>\n<p><span style=\"font-family: georgia, palatino, serif;\">Puret\u00e9 : 99 % \u00e0 99,99 %<\/span><br \/>\n<span style=\"font-family: georgia, palatino, serif;\">Particules fines et uniformes, adapt\u00e9es au frittage des c\u00e9ramiques et au d\u00e9p\u00f4t de couches minces<\/span><br \/>\n<span style=\"font-family: georgia, palatino, serif;\">Stabilit\u00e9 thermique et chimique \u00e9lev\u00e9e<\/span><br \/>\n<span style=\"font-family: georgia, palatino, serif;\"><span style=\"color: #0000ff;\"><a style=\"color: #0000ff;\" href=\"https:\/\/ulpmat.com\/fr\/service\/personnalisation\/\">Emballage<\/a> <\/span>emballage<\/span><br \/>\n<span style=\"font-family: georgia, palatino, serif;\">Convient aux c\u00e9ramiques \u00e9lectroniques, aux mat\u00e9riaux pi\u00e9zo\u00e9lectriques et aux dispositifs \u00e0 couches minces<\/span><\/p>\n<h2><span style=\"font-family: georgia, palatino, serif; font-size: 14pt;\">Applications de la poudre de titanate de baryum<\/span><\/h2>\n<p><span style=\"font-family: georgia, palatino, serif;\">C\u00e9ramiques fonctionnelles : Utilis\u00e9es dans la fabrication de composants c\u00e9ramiques ferro\u00e9lectriques et pi\u00e9zo\u00e9lectriques tels que les condensateurs et les capteurs.<\/span><br \/>\n<span style=\"font-family: georgia, palatino, serif;\">Fabrication de couches minces : Utilis\u00e9e comme poudre cible ou mati\u00e8re premi\u00e8re dans les processus de d\u00e9p\u00f4t de couches minces pour am\u00e9liorer les performances des couches minces.<\/span><br \/>\n<span style=\"font-family: georgia, palatino, serif;\">Appareils \u00e9lectroniques : Largement utilis\u00e9 dans la fabrication de mat\u00e9riaux di\u00e9lectriques et de dispositifs micro\u00e9lectroniques.<\/span><\/p>\n<h2><span style=\"font-family: georgia, palatino, serif; font-size: 14pt;\">Rapports<\/span><\/h2>\n<p><span style=\"font-family: georgia, palatino, serif;\">Nous fournissons un <span style=\"color: #0000ff;\"><a style=\"color: #0000ff;\" href=\"https:\/\/ulpmat.com\/fr\/service\/analyse-chimique\/\">Certificat d&rsquo;analyse (COA)<\/a><\/span>une fiche de donn\u00e9es de s\u00e9curit\u00e9 et d&rsquo;autres rapports de qualit\u00e9 pertinents pour chaque lot de poudre de BaTiO\u2083. Nous prenons \u00e9galement en charge les tests effectu\u00e9s par des tiers afin de garantir que la qualit\u00e9 des produits r\u00e9pond aux exigences des clients.<\/span><\/p>\n","protected":false},"excerpt":{"rendered":"<p>Poudre de titanate de baryum Aper\u00e7u La poudre de titanate de baryum est un mat\u00e9riau c\u00e9ramique fonctionnel de haute puret\u00e9 con\u00e7u pour la fabrication de c\u00e9ramiques \u00e9lectroniques et de films minces. Avec une puret\u00e9 allant jusqu&rsquo;\u00e0 99,99 %, des particules fines et uniformes et une excellente stabilit\u00e9 thermique et chimique, elle garantit la stabilit\u00e9 et [&hellip;]<\/p>\n","protected":false},"featured_media":15748,"template":"","meta":{"_acf_changed":false},"product_brand":[132],"product_cat":[1184],"product_tag":[],"class_list":{"0":"post-15747","1":"product","2":"type-product","3":"status-publish","4":"has-post-thumbnail","6":"product_brand-ulpmat","7":"product_cat-autres-acides","9":"first","10":"instock","11":"shipping-taxable","12":"product-type-variable"},"acf":[],"_links":{"self":[{"href":"https:\/\/ulpmat.com\/fr\/wp-json\/wp\/v2\/product\/15747","targetHints":{"allow":["GET"]}}],"collection":[{"href":"https:\/\/ulpmat.com\/fr\/wp-json\/wp\/v2\/product"}],"about":[{"href":"https:\/\/ulpmat.com\/fr\/wp-json\/wp\/v2\/types\/product"}],"wp:featuredmedia":[{"embeddable":true,"href":"https:\/\/ulpmat.com\/fr\/wp-json\/wp\/v2\/media\/15748"}],"wp:attachment":[{"href":"https:\/\/ulpmat.com\/fr\/wp-json\/wp\/v2\/media?parent=15747"}],"wp:term":[{"taxonomy":"product_brand","embeddable":true,"href":"https:\/\/ulpmat.com\/fr\/wp-json\/wp\/v2\/product_brand?post=15747"},{"taxonomy":"product_cat","embeddable":true,"href":"https:\/\/ulpmat.com\/fr\/wp-json\/wp\/v2\/product_cat?post=15747"},{"taxonomy":"product_tag","embeddable":true,"href":"https:\/\/ulpmat.com\/fr\/wp-json\/wp\/v2\/product_tag?post=15747"}],"curies":[{"name":"wp","href":"https:\/\/api.w.org\/{rel}","templated":true}]}}