{"id":15687,"date":"2025-10-29T15:05:13","date_gmt":"2025-10-29T07:05:13","guid":{"rendered":"https:\/\/ulpmat.com\/product\/titanate-de-baryum-oxyde-de-baryum-et-de-titane\/"},"modified":"2025-10-29T15:05:13","modified_gmt":"2025-10-29T07:05:13","slug":"titanate-de-baryum-oxyde-de-baryum-et-de-titane","status":"publish","type":"product","link":"https:\/\/ulpmat.com\/fr\/produit\/titanate-de-baryum-oxyde-de-baryum-et-de-titane\/","title":{"rendered":"Titanate de baryum (oxyde de baryum et de titane)"},"content":{"rendered":"<h2><span style=\"font-family: georgia, palatino, serif; font-size: 14pt;\">Cibles de pulv\u00e9risation cathodique en titanate de baryum Vue d&rsquo;ensemble<\/span><\/h2>\n<p><span style=\"font-family: georgia, palatino, serif;\"><span style=\"color: #0000ff;\"><a style=\"color: #0000ff;\" href=\"https:\/\/ulpmat.com\/fr\/recherche\/?type=name&#038;keyword=Barium+Strontium+Titanate\">Les cibles de pulv\u00e9risation en titanate de baryum<\/a><\/span>sont sp\u00e9cialement con\u00e7ues pour le d\u00e9p\u00f4t de couches minces c\u00e9ramiques fonctionnelles. Elles se caract\u00e9risent par une grande puret\u00e9 et une excellente densit\u00e9, ce qui garantit un d\u00e9p\u00f4t uniforme et des performances stables. Avec une puret\u00e9 de 99,9 % et des niveaux d&rsquo;impuret\u00e9 extr\u00eamement bas, elles sont largement utilis\u00e9es dans la fabrication de dispositifs ferro\u00e9lectriques, pi\u00e9zo\u00e9lectriques et capacitifs.<\/span><\/p>\n<p><span style=\"font-family: georgia, palatino, serif;\">Nous proposons des cibles de pulv\u00e9risation de titanate de baryum dans une vari\u00e9t\u00e9 de formes et de tailles, y compris des formes rondes et rectangulaires, qui peuvent \u00eatre personnalis\u00e9es pour r\u00e9pondre aux besoins des clients. Nous fournissons \u00e9galement un service apr\u00e8s-vente complet ; n&rsquo;h\u00e9sitez pas \u00e0 <span style=\"color: #0000ff;\"><a style=\"color: #0000ff;\" href=\"https:\/\/ulpmat.com\/fr\/contactez-nous\/\">n&rsquo;h\u00e9sitez pas \u00e0 nous contacter<\/a><\/span> n&rsquo;h\u00e9sitez pas \u00e0 nous contacter pour toute question.<\/span><\/p>\n<h2><span style=\"font-family: georgia, palatino, serif; font-size: 14pt;\">Points forts du produit<\/span><\/h2>\n<p><span style=\"font-family: georgia, palatino, serif;\">Puret\u00e9 : 99,9<\/span><br \/>\n<span style=\"font-family: georgia, palatino, serif;\">La densit\u00e9 \u00e9lev\u00e9e garantit un d\u00e9p\u00f4t uniforme et de haute qualit\u00e9 des couches minces<\/span><br \/>\n<span style=\"font-family: georgia, palatino, serif;\">Tailles et formes personnalisables<\/span><br \/>\n<span style=\"font-family: georgia, palatino, serif;\"><span style=\"color: #0000ff;\"><a style=\"color: #0000ff;\" href=\"https:\/\/ulpmat.com\/fr\/service\/collage-des-cibles\/\">Collage sur cible<\/a><\/span> disponible<\/span><br \/>\n<span style=\"font-family: georgia, palatino, serif;\">Excellentes propri\u00e9t\u00e9s ferro\u00e9lectriques et stabilit\u00e9 thermique<\/span><\/p>\n<h2><span style=\"font-family: georgia, palatino, serif; font-size: 14pt;\">Applications de la cible de pulv\u00e9risation du titanate de baryum<\/span><\/h2>\n<p><span style=\"font-family: georgia, palatino, serif;\">Couches minces c\u00e9ramiques fonctionnelles : Largement utilis\u00e9es dans la pr\u00e9paration de mat\u00e9riaux ferro\u00e9lectriques et pi\u00e9zo\u00e9lectriques, adapt\u00e9es \u00e0 la fabrication de capteurs, de condensateurs et de m\u00e9moires non volatiles.<\/span><br \/>\n<span style=\"font-family: georgia, palatino, serif;\">Dispositifs \u00e9lectroniques : Utilis\u00e9s comme mat\u00e9riaux di\u00e9lectriques de haute performance dans les transistors \u00e0 couche mince et les composants micro\u00e9lectroniques.<\/span><br \/>\n<span style=\"font-family: georgia, palatino, serif;\">Mat\u00e9riaux opto\u00e9lectroniques : Utilis\u00e9s dans la pr\u00e9paration de couches minces pour des dispositifs opto\u00e9lectroniques multifonctionnels, am\u00e9liorant les performances et la fiabilit\u00e9 des dispositifs.<\/span><\/p>\n<h2><span style=\"font-family: georgia, palatino, serif; font-size: 14pt;\">Rapports<\/span><\/h2>\n<p><span style=\"font-family: georgia, palatino, serif;\">Nous fournissons un<span style=\"color: #0000ff;\"><a style=\"color: #0000ff;\" href=\"https:\/\/ulpmat.com\/fr\/service\/analyse-chimique\/\"> Un certificat d&rsquo;analyse (COA)<\/a><\/span> Fiche de donn\u00e9es de s\u00e9curit\u00e9 (MSDS) et d&rsquo;autres rapports pertinents pour chaque lot de cibles de pulv\u00e9risation BaTiO\u2083. Nous prenons \u00e9galement en charge les tests effectu\u00e9s par des tiers afin de garantir que la qualit\u00e9 des produits r\u00e9pond aux exigences des clients.<\/span><\/p>\n","protected":false},"excerpt":{"rendered":"<p>Cibles de pulv\u00e9risation cathodique en titanate de baryum Vue d&rsquo;ensemble Les cibles de pulv\u00e9risation en titanate de baryumsont sp\u00e9cialement con\u00e7ues pour le d\u00e9p\u00f4t de couches minces c\u00e9ramiques fonctionnelles. Elles se caract\u00e9risent par une grande puret\u00e9 et une excellente densit\u00e9, ce qui garantit un d\u00e9p\u00f4t uniforme et des performances stables. Avec une puret\u00e9 de 99,9 % [&hellip;]<\/p>\n","protected":false},"featured_media":15688,"template":"","meta":{"_acf_changed":false},"product_brand":[132],"product_cat":[335],"product_tag":[],"class_list":{"0":"post-15687","1":"product","2":"type-product","3":"status-publish","4":"has-post-thumbnail","6":"product_brand-ulpmat","7":"product_cat-oxydes","9":"first","10":"instock","11":"shipping-taxable","12":"product-type-variable"},"acf":[],"_links":{"self":[{"href":"https:\/\/ulpmat.com\/fr\/wp-json\/wp\/v2\/product\/15687","targetHints":{"allow":["GET"]}}],"collection":[{"href":"https:\/\/ulpmat.com\/fr\/wp-json\/wp\/v2\/product"}],"about":[{"href":"https:\/\/ulpmat.com\/fr\/wp-json\/wp\/v2\/types\/product"}],"wp:featuredmedia":[{"embeddable":true,"href":"https:\/\/ulpmat.com\/fr\/wp-json\/wp\/v2\/media\/15688"}],"wp:attachment":[{"href":"https:\/\/ulpmat.com\/fr\/wp-json\/wp\/v2\/media?parent=15687"}],"wp:term":[{"taxonomy":"product_brand","embeddable":true,"href":"https:\/\/ulpmat.com\/fr\/wp-json\/wp\/v2\/product_brand?post=15687"},{"taxonomy":"product_cat","embeddable":true,"href":"https:\/\/ulpmat.com\/fr\/wp-json\/wp\/v2\/product_cat?post=15687"},{"taxonomy":"product_tag","embeddable":true,"href":"https:\/\/ulpmat.com\/fr\/wp-json\/wp\/v2\/product_tag?post=15687"}],"curies":[{"name":"wp","href":"https:\/\/api.w.org\/{rel}","templated":true}]}}