{"id":15372,"date":"2025-10-30T11:35:51","date_gmt":"2025-10-30T03:35:51","guid":{"rendered":"https:\/\/ulpmat.com\/product\/hydroxyde-de-cesium-hydrate\/"},"modified":"2025-10-30T11:35:51","modified_gmt":"2025-10-30T03:35:51","slug":"hydroxyde-de-cesium-hydrate","status":"publish","type":"product","link":"https:\/\/ulpmat.com\/fr\/produit\/hydroxyde-de-cesium-hydrate\/","title":{"rendered":"Hydroxyde de c\u00e9sium hydrat\u00e9"},"content":{"rendered":"<h2><span style=\"font-family: georgia, palatino, serif; font-size: 14pt;\">Poudre d&rsquo;hydroxyde de c\u00e9sium hydrat\u00e9 Aper\u00e7u<\/span><\/h2>\n<p><span style=\"font-family: georgia, palatino, serif;\"><span style=\"color: #0000ff;\"><a style=\"color: #0000ff;\" href=\"https:\/\/ulpmat.com\/fr\/recherche\/?type=name&#038;keyword=Cesium+hydroxide+hydrate\">La poudre d&rsquo;hydroxyde de c\u00e9sium hydrat\u00e9<\/a> <\/span>est un compos\u00e9 inorganique de haute puret\u00e9 couramment utilis\u00e9 dans des applications avanc\u00e9es telles que la synth\u00e8se, la catalyse et la recherche sur les \u00e9lectrolytes. Notre poudre d&rsquo;hydrate d&rsquo;hydroxyde de c\u00e9sium pr\u00e9sente des niveaux d&rsquo;impuret\u00e9 extr\u00eamement faibles et une excellente stabilit\u00e9, ce qui permet de r\u00e9pondre aux besoins des utilisateurs scientifiques et industriels dans une vari\u00e9t\u00e9 d&rsquo;environnements extr\u00eames.<\/span><\/p>\n<p><span style=\"font-family: georgia, palatino, serif;\">Nous proposons diff\u00e9rentes qualit\u00e9s de poudre de CsOH-H\u2082O et pouvons personnaliser les sp\u00e9cifications d&#8217;emballage pour r\u00e9pondre aux besoins des clients. Tous les produits sont accompagn\u00e9s de rapports d&rsquo;inspection de la qualit\u00e9 afin de garantir leur tra\u00e7abilit\u00e9 et leur stabilit\u00e9.<\/span><\/p>\n<h2><span style=\"font-family: georgia, palatino, serif; font-size: 14pt;\">Points forts du produit<\/span><\/h2>\n<p><span style=\"font-family: georgia, palatino, serif;\">Puret\u00e9 : 99,9<\/span><br \/>\n<span style=\"font-family: georgia, palatino, serif;\">Hydroxyde de c\u00e9sium contenant un hydrate de cristallisation<\/span><br \/>\n<span style=\"font-family: georgia, palatino, serif;\">Tr\u00e8s hygroscopique et tr\u00e8s r\u00e9actif<\/span><br \/>\n<span style=\"font-family: georgia, palatino, serif;\">Emballage personnalisable<\/span><br \/>\n<span style=\"font-family: georgia, palatino, serif;\">Produit stable et de faible impuret\u00e9.<\/span><\/p>\n<h2><span style=\"font-family: georgia, palatino, serif; font-size: 14pt;\">Applications de la poudre d&rsquo;hydroxyde de c\u00e9sium hydrat\u00e9<\/span><\/h2>\n<p><span style=\"font-family: georgia, palatino, serif;\">Synth\u00e8se inorganique et pr\u00e9paration de catalyseurs : Utilis\u00e9 dans la synth\u00e8se de compos\u00e9s \u00e0 base de c\u00e9sium et de catalyseurs \u00e0 base de m\u00e9taux de transition.<\/span><br \/>\n<span style=\"font-family: georgia, palatino, serif;\">\u00c9lectrochimie et mat\u00e9riaux de stockage de l&rsquo;\u00e9nergie : Utilis\u00e9 dans le d\u00e9veloppement d&rsquo;\u00e9lectrolytes pour les piles alcalines et de nouvelles batteries sodium-ion\/c\u00e9sium-ion.<\/span><br \/>\n<span style=\"font-family: georgia, palatino, serif;\">Chimie analytique et r\u00e9actifs de laboratoire : Le CsOH-H\u2082O de haute puret\u00e9 est tr\u00e8s efficace dans l&rsquo;analyse des \u00e9l\u00e9ments traces et dans la s\u00e9paration et la purification. Modification des mat\u00e9riaux : Utilis\u00e9 pour manipuler les propri\u00e9t\u00e9s de certaines c\u00e9ramiques et de certains mat\u00e9riaux en verre, afin d&rsquo;am\u00e9liorer leurs caract\u00e9ristiques thermiques et \u00e9lectriques.<\/span><\/p>\n<h2><span style=\"font-family: georgia, palatino, serif; font-size: 14pt;\">Rapports<\/span><\/h2>\n<p><span style=\"font-family: georgia, palatino, serif;\">Nous fournissons un <span style=\"color: #0000ff;\"><a style=\"color: #0000ff;\" href=\"https:\/\/ulpmat.com\/fr\/service\/analyse-chimique\/\">Un certificat d&rsquo;analyse (COA)<\/a><\/span> Nous fournissons un certificat d&rsquo;analyse (COA), une fiche de donn\u00e9es de s\u00e9curit\u00e9 (MSDS) et des rapports pertinents tels que la taille des particules et les diagrammes XRD pour chaque lot de poudre de CsOH-H\u2082O. Nous r\u00e9pondons \u00e9galement aux demandes d&rsquo;essais de tierces parties command\u00e9s par nos clients afin de renforcer le contr\u00f4le de la qualit\u00e9 des produits.<\/span><\/p>\n","protected":false},"excerpt":{"rendered":"<p>Poudre d&rsquo;hydroxyde de c\u00e9sium hydrat\u00e9 Aper\u00e7u La poudre d&rsquo;hydroxyde de c\u00e9sium hydrat\u00e9 est un compos\u00e9 inorganique de haute puret\u00e9 couramment utilis\u00e9 dans des applications avanc\u00e9es telles que la synth\u00e8se, la catalyse et la recherche sur les \u00e9lectrolytes. Notre poudre d&rsquo;hydrate d&rsquo;hydroxyde de c\u00e9sium pr\u00e9sente des niveaux d&rsquo;impuret\u00e9 extr\u00eamement faibles et une excellente stabilit\u00e9, ce qui [&hellip;]<\/p>\n","protected":false},"featured_media":15373,"template":"","meta":{"_acf_changed":false},"product_brand":[132],"product_cat":[335],"product_tag":[],"class_list":{"0":"post-15372","1":"product","2":"type-product","3":"status-publish","4":"has-post-thumbnail","6":"product_brand-ulpmat","7":"product_cat-oxydes","9":"first","10":"instock","11":"shipping-taxable","12":"product-type-variable"},"acf":[],"_links":{"self":[{"href":"https:\/\/ulpmat.com\/fr\/wp-json\/wp\/v2\/product\/15372","targetHints":{"allow":["GET"]}}],"collection":[{"href":"https:\/\/ulpmat.com\/fr\/wp-json\/wp\/v2\/product"}],"about":[{"href":"https:\/\/ulpmat.com\/fr\/wp-json\/wp\/v2\/types\/product"}],"wp:featuredmedia":[{"embeddable":true,"href":"https:\/\/ulpmat.com\/fr\/wp-json\/wp\/v2\/media\/15373"}],"wp:attachment":[{"href":"https:\/\/ulpmat.com\/fr\/wp-json\/wp\/v2\/media?parent=15372"}],"wp:term":[{"taxonomy":"product_brand","embeddable":true,"href":"https:\/\/ulpmat.com\/fr\/wp-json\/wp\/v2\/product_brand?post=15372"},{"taxonomy":"product_cat","embeddable":true,"href":"https:\/\/ulpmat.com\/fr\/wp-json\/wp\/v2\/product_cat?post=15372"},{"taxonomy":"product_tag","embeddable":true,"href":"https:\/\/ulpmat.com\/fr\/wp-json\/wp\/v2\/product_tag?post=15372"}],"curies":[{"name":"wp","href":"https:\/\/api.w.org\/{rel}","templated":true}]}}