{"id":15354,"date":"2025-10-30T11:35:51","date_gmt":"2025-10-30T03:35:51","guid":{"rendered":"https:\/\/ulpmat.com\/product\/bromure-de-cesium-et-de-plomb\/"},"modified":"2025-10-30T11:35:51","modified_gmt":"2025-10-30T03:35:51","slug":"bromure-de-cesium-et-de-plomb","status":"publish","type":"product","link":"https:\/\/ulpmat.com\/fr\/produit\/bromure-de-cesium-et-de-plomb\/","title":{"rendered":"Bromure de c\u00e9sium et de plomb"},"content":{"rendered":"<h2><span style=\"font-family: georgia, palatino, serif; font-size: 14pt;\">Cibles de pulv\u00e9risation au bromure de c\u00e9sium et de plomb Vue d&rsquo;ensemble<\/span><\/h2>\n<p><span style=\"font-family: georgia, palatino, serif;\"><span style=\"color: #0000ff;\"><a style=\"color: #0000ff;\" href=\"https:\/\/ulpmat.com\/fr\/recherche\/?type=name&#038;keyword=Cesium+Lead+Bromide\"> Les cibles de pulv\u00e9risation au bromure de plomb c\u00e9sium<\/a> <\/span>sont des cibles c\u00e9ramiques de haute performance sp\u00e9cialement con\u00e7ues pour la fabrication de couches minces photovolta\u00efques en p\u00e9rovskite. Elles offrent une puret\u00e9, une densit\u00e9 et une composition de phase contr\u00f4l\u00e9e exceptionnelles. Ces cibles pr\u00e9sentent un large potentiel d&rsquo;application dans les cellules solaires en p\u00e9rovskite, les photod\u00e9tecteurs et les dispositifs d&rsquo;\u00e9mission de lumi\u00e8re. Leur formulation pr\u00e9cise garantit la formation d&rsquo;un film uniforme, ce qui les rend adapt\u00e9es \u00e0 une vari\u00e9t\u00e9 de proc\u00e9d\u00e9s PVD, y compris la pulv\u00e9risation RF et DC.<\/span><\/p>\n<p><span style=\"font-family: georgia, palatino, serif;\">Nous proposons une vari\u00e9t\u00e9 de cibles de pulv\u00e9risation du bromure de c\u00e9sium et de plomb de formes rondes et rectangulaires, personnalisables pour r\u00e9pondre aux exigences sp\u00e9cifiques de votre processus. Nous fournissons \u00e9galement des conseils techniques professionnels avant la vente et une assistance apr\u00e8s-vente compl\u00e8te<span style=\"color: #0000ff;\"><a style=\"color: #0000ff;\" href=\"https:\/\/ulpmat.com\/fr\/service\/service-apres-vente\/\"> et un service apr\u00e8s-vente complet.<\/a><\/span> N&rsquo;h\u00e9sitez pas \u00e0 nous <span style=\"color: #0000ff;\"><a style=\"color: #0000ff;\" href=\"https:\/\/ulpmat.com\/fr\/service\/service-apres-vente\/\">n&rsquo;h\u00e9sitez pas \u00e0 nous contacter<\/a><\/span> pour toute question.<\/span><\/p>\n<h2><span style=\"font-family: georgia, palatino, serif; font-size: 14pt;\">Points forts du produit<\/span><\/h2>\n<p><span style=\"font-family: georgia, palatino, serif;\">Puret\u00e9 : 99,99 %<\/span><br \/>\n<span style=\"font-family: georgia, palatino, serif;\">Densit\u00e9 \u00e9lev\u00e9e et excellente uniformit\u00e9 du film<\/span><br \/>\n<span style=\"font-family: georgia, palatino, serif;\">Formes et tailles personnalisables<\/span><br \/>\n<span style=\"font-family: georgia, palatino, serif;\"><span style=\"color: #0000ff;\"><a style=\"color: #0000ff;\" href=\"https:\/\/ulpmat.com\/fr\/service\/collage-des-cibles\/\">Collage cibl\u00e9<\/a><\/span> services disponibles<\/span><br \/>\n<span style=\"font-family: georgia, palatino, serif;\">Excellente stabilit\u00e9, adapt\u00e9e \u00e0 une vari\u00e9t\u00e9 d&rsquo;applications, y compris le d\u00e9p\u00f4t \u00e0 basse temp\u00e9rature et la fabrication de dispositifs flexibles.<\/span><\/p>\n<h2><span style=\"font-family: georgia, palatino, serif; font-size: 14pt;\">Applications des cibles de pulv\u00e9risation de bromure de c\u00e9sium et de plomb<\/span><\/h2>\n<p><span style=\"font-family: georgia, palatino, serif;\">Cellules solaires en p\u00e9rovskite : Utilis\u00e9e comme couche absorbant la lumi\u00e8re ou comme mat\u00e9riau pr\u00e9curseur de p\u00e9rovskite pour am\u00e9liorer l&rsquo;efficacit\u00e9 des dispositifs et la facilit\u00e9 de traitement. Photod\u00e9tecteurs : Ils offrent une grande sensibilit\u00e9 dans la gamme de longueurs d&rsquo;onde UV-visible et conviennent \u00e0 l&rsquo;imagerie et \u00e0 la d\u00e9tection.<\/span><br \/>\n<span style=\"font-family: georgia, palatino, serif;\">Diodes \u00e9lectroluminescentes (DEL) : Elles sont utilis\u00e9es dans les couches \u00e9mettrices de lumi\u00e8re en p\u00e9rovskite et offrent une grande puret\u00e9 de couleur et une excellente efficacit\u00e9 lumineuse.<\/span><br \/>\n<span style=\"font-family: georgia, palatino, serif;\">Dispositifs opto\u00e9lectroniques int\u00e9gr\u00e9s : Ils peuvent \u00eatre utilis\u00e9s dans la fabrication de couches minces fonctionnelles pour l&rsquo;\u00e9lectronique flexible ou les micro-nanostructures.<\/span><\/p>\n<h2><span style=\"font-family: georgia, palatino, serif; font-size: 14pt;\">Rapports<\/span><\/h2>\n<p><span style=\"font-family: georgia, palatino, serif;\">Nous fournissons un <span style=\"color: #0000ff;\"><a style=\"color: #0000ff;\" href=\"https:\/\/ulpmat.com\/fr\/service\/analyse-chimique\/\">Un certificat d&rsquo;analyse (COA)<\/a><\/span> Nous fournissons un certificat d&rsquo;analyse (COA) complet, une fiche de donn\u00e9es de s\u00e9curit\u00e9 (MSDS) et les rapports d&rsquo;essais XRD et EDS n\u00e9cessaires pour chaque lot de nos cibles de pulv\u00e9risation CsPbBr\u2083. Nous prenons \u00e9galement en charge les services de test de tiers pour garantir la stabilit\u00e9 et la coh\u00e9rence en R&amp;D ou en production de masse.<\/span><\/p>\n","protected":false},"excerpt":{"rendered":"<p>Cibles de pulv\u00e9risation au bromure de c\u00e9sium et de plomb Vue d&rsquo;ensemble Les cibles de pulv\u00e9risation au bromure de plomb c\u00e9sium sont des cibles c\u00e9ramiques de haute performance sp\u00e9cialement con\u00e7ues pour la fabrication de couches minces photovolta\u00efques en p\u00e9rovskite. Elles offrent une puret\u00e9, une densit\u00e9 et une composition de phase contr\u00f4l\u00e9e exceptionnelles. Ces cibles pr\u00e9sentent [&hellip;]<\/p>\n","protected":false},"featured_media":15355,"template":"","meta":{"_acf_changed":false},"product_brand":[132],"product_cat":[449],"product_tag":[],"class_list":{"0":"post-15354","1":"product","2":"type-product","3":"status-publish","4":"has-post-thumbnail","6":"product_brand-ulpmat","7":"product_cat-cible-de-pulverisation-ceramique","9":"first","10":"instock","11":"shipping-taxable","12":"product-type-variable"},"acf":[],"_links":{"self":[{"href":"https:\/\/ulpmat.com\/fr\/wp-json\/wp\/v2\/product\/15354","targetHints":{"allow":["GET"]}}],"collection":[{"href":"https:\/\/ulpmat.com\/fr\/wp-json\/wp\/v2\/product"}],"about":[{"href":"https:\/\/ulpmat.com\/fr\/wp-json\/wp\/v2\/types\/product"}],"wp:featuredmedia":[{"embeddable":true,"href":"https:\/\/ulpmat.com\/fr\/wp-json\/wp\/v2\/media\/15355"}],"wp:attachment":[{"href":"https:\/\/ulpmat.com\/fr\/wp-json\/wp\/v2\/media?parent=15354"}],"wp:term":[{"taxonomy":"product_brand","embeddable":true,"href":"https:\/\/ulpmat.com\/fr\/wp-json\/wp\/v2\/product_brand?post=15354"},{"taxonomy":"product_cat","embeddable":true,"href":"https:\/\/ulpmat.com\/fr\/wp-json\/wp\/v2\/product_cat?post=15354"},{"taxonomy":"product_tag","embeddable":true,"href":"https:\/\/ulpmat.com\/fr\/wp-json\/wp\/v2\/product_tag?post=15354"}],"curies":[{"name":"wp","href":"https:\/\/api.w.org\/{rel}","templated":true}]}}