{"id":12972,"date":"2025-07-18T17:14:32","date_gmt":"2025-07-18T09:14:32","guid":{"rendered":"https:\/\/ulpmat.com\/product\/metal-en-aluminium-9\/"},"modified":"2025-07-18T17:14:32","modified_gmt":"2025-07-18T09:14:32","slug":"metal-en-aluminium-9","status":"publish","type":"product","link":"https:\/\/ulpmat.com\/fr\/produit\/metal-en-aluminium-9\/","title":{"rendered":"M\u00e9tal en aluminium"},"content":{"rendered":"<h2><span style=\"font-size: 14pt;\">Vue d&rsquo;ensemble des cibles de pulv\u00e9risation d&rsquo;aluminium<\/span><\/h2>\n<p><strong><span style=\"color: #3366ff;\"><a style=\"color: #3366ff;\" href=\"https:\/\/ulpmat.com\/fr\/recherche\/?type=element&#038;keyword=al\">Les cibles de pulv\u00e9risation <\/a><\/span><\/strong>sont des mat\u00e9riaux de haute performance con\u00e7us pour \u00eatre utilis\u00e9s dans les processus de d\u00e9p\u00f4t de couches minces. D&rsquo;une puret\u00e9 allant jusqu&rsquo;\u00e0 99,99995 % et d&rsquo;une excellente densit\u00e9, elles garantissent la formation d&rsquo;un film uniforme, une forte adh\u00e9rence et un minimum d&rsquo;impuret\u00e9s.<\/p>\n<p>Nous proposons des cibles de pulv\u00e9risation d&rsquo;aluminium de haute puret\u00e9 dans une vari\u00e9t\u00e9 de formes et de tailles, y compris des formes rondes et rectangulaires, et nous pouvons les personnaliser en fonction de vos exigences sp\u00e9cifiques. Nous fournissons \u00e9galement un service apr\u00e8s-vente complet <span style=\"color: #3366ff;\"><a style=\"color: #3366ff;\" href=\"https:\/\/ulpmat.com\/fr\/contactez-nous\/\">n&rsquo;h\u00e9sitez pas \u00e0 nous contacter<\/a><\/span> n&rsquo;h\u00e9sitez pas \u00e0 nous contacter si vous avez des questions concernant leur utilisation.<\/p>\n<h2><span style=\"font-size: 14pt;\">Points forts du produit<\/span><\/h2>\n<p>Puret\u00e9 : \u226599,99 % \u00e0 99,99995 %<br \/>\nDensit\u00e9 \u00e9lev\u00e9e pour un d\u00e9p\u00f4t de film uniforme<br \/>\nTailles et formes personnalisables<br \/>\nId\u00e9al pour les semi-conducteurs, les \u00e9crans, les cellules solaires et les rev\u00eatements optiques<\/p>\n<h2><span style=\"font-size: 14pt;\">Applications des cibles de pulv\u00e9risation d&rsquo;aluminium<\/span><\/h2>\n<p><strong>Semi-conducteurs :<\/strong> Utilis\u00e9es pour les interconnexions et les couches de contact dans les circuits int\u00e9gr\u00e9s et les micropuces, gr\u00e2ce \u00e0 l&rsquo;excellente conductivit\u00e9 de l&rsquo;aluminium, \u00e0 sa faible r\u00e9sistivit\u00e9 et \u00e0 sa compatibilit\u00e9 avec les processus de fabrication standard.<\/p>\n<p><strong>\u00c9crans plats :<\/strong> Appliqu\u00e9 comme couches r\u00e9fl\u00e9chissantes ou \u00e9lectrodes dans les panneaux LCD et OLED, am\u00e9liorant la luminosit\u00e9, la conductivit\u00e9 et les performances globales de l&rsquo;\u00e9cran.<\/p>\n<p><strong>Photovolta\u00efque :<\/strong> sert d&rsquo;\u00e9lectrode arri\u00e8re stable et r\u00e9fl\u00e9chissante dans les cellules solaires \u00e0 couche mince, am\u00e9liorant la capture de la lumi\u00e8re et l&rsquo;efficacit\u00e9 \u00e0 long terme.<\/p>\n<p><strong>Rev\u00eatements optiques :<\/strong> Cible de pulv\u00e9risation d&rsquo;aluminium utilis\u00e9e pour d\u00e9poser des rev\u00eatements hautement r\u00e9fl\u00e9chissants ou fonctionnels sur des miroirs, des lentilles et des dispositifs optiques pour des applications dans les domaines de l&rsquo;optique, de l&rsquo;\u00e9clairage et des instruments de pr\u00e9cision.<\/p>\n<h2><span style=\"font-size: 14pt;\">Rapports<\/span><\/h2>\n<p>Nous fournissons un certificat d&rsquo;analyse (COA), une fiche de donn\u00e9es de s\u00e9curit\u00e9 (MSDS) et d&rsquo;autres documents techniques pertinents avec chaque envoi afin de garantir une transparence et une tra\u00e7abilit\u00e9 totales. Pour une meilleure assurance qualit\u00e9, nous prenons \u00e9galement en charge les tests effectu\u00e9s par des tiers sur demande, ce qui t\u00e9moigne de notre engagement en faveur d&rsquo;une qualit\u00e9 constante des produits et de la confiance des clients.<\/p>\n","protected":false},"excerpt":{"rendered":"<p>Vue d&rsquo;ensemble des cibles de pulv\u00e9risation d&rsquo;aluminium Les cibles de pulv\u00e9risation sont des mat\u00e9riaux de haute performance con\u00e7us pour \u00eatre utilis\u00e9s dans les processus de d\u00e9p\u00f4t de couches minces. D&rsquo;une puret\u00e9 allant jusqu&rsquo;\u00e0 99,99995 % et d&rsquo;une excellente densit\u00e9, elles garantissent la formation d&rsquo;un film uniforme, une forte adh\u00e9rence et un minimum d&rsquo;impuret\u00e9s. Nous proposons [&hellip;]<\/p>\n","protected":false},"featured_media":5306,"template":"","meta":{"_acf_changed":false},"product_brand":[132],"product_cat":[274],"product_tag":[1160],"class_list":{"0":"post-12972","1":"product","2":"type-product","3":"status-publish","4":"has-post-thumbnail","6":"product_brand-ulpmat","7":"product_cat-cible-de-pulverisation-metallique","8":"product_tag-metal-en-aluminium","10":"first","11":"instock","12":"shipping-taxable","13":"product-type-variable"},"acf":[],"_links":{"self":[{"href":"https:\/\/ulpmat.com\/fr\/wp-json\/wp\/v2\/product\/12972","targetHints":{"allow":["GET"]}}],"collection":[{"href":"https:\/\/ulpmat.com\/fr\/wp-json\/wp\/v2\/product"}],"about":[{"href":"https:\/\/ulpmat.com\/fr\/wp-json\/wp\/v2\/types\/product"}],"wp:featuredmedia":[{"embeddable":true,"href":"https:\/\/ulpmat.com\/fr\/wp-json\/wp\/v2\/media\/5306"}],"wp:attachment":[{"href":"https:\/\/ulpmat.com\/fr\/wp-json\/wp\/v2\/media?parent=12972"}],"wp:term":[{"taxonomy":"product_brand","embeddable":true,"href":"https:\/\/ulpmat.com\/fr\/wp-json\/wp\/v2\/product_brand?post=12972"},{"taxonomy":"product_cat","embeddable":true,"href":"https:\/\/ulpmat.com\/fr\/wp-json\/wp\/v2\/product_cat?post=12972"},{"taxonomy":"product_tag","embeddable":true,"href":"https:\/\/ulpmat.com\/fr\/wp-json\/wp\/v2\/product_tag?post=12972"}],"curies":[{"name":"wp","href":"https:\/\/api.w.org\/{rel}","templated":true}]}}