{"id":12948,"date":"2025-07-18T17:14:34","date_gmt":"2025-07-18T09:14:34","guid":{"rendered":"https:\/\/ulpmat.com\/product\/metal-en-aluminium-7\/"},"modified":"2025-07-18T17:14:34","modified_gmt":"2025-07-18T09:14:34","slug":"metal-en-aluminium-7","status":"publish","type":"product","link":"https:\/\/ulpmat.com\/fr\/produit\/metal-en-aluminium-7\/","title":{"rendered":"M\u00e9tal en aluminium"},"content":{"rendered":"<h2><span style=\"font-size: 14pt;\">Aper\u00e7u de la poudre m\u00e9tallique d&rsquo;aluminium<\/span><\/h2>\n<p><strong><span style=\"color: #3366ff;\"><a style=\"color: #3366ff;\" href=\"https:\/\/ulpmat.com\/fr\/recherche\/?type=element&#038;keyword=Al\">La poudre m\u00e9tallique d&rsquo;aluminium<\/a><\/span><\/strong> est un mat\u00e9riau de haute performance largement utilis\u00e9 dans divers processus industriels et de fabrication. Avec des niveaux de puret\u00e9 allant jusqu&rsquo;\u00e0 99,999 %, notre poudre d&rsquo;aluminium offre une excellente distribution de la taille des particules, garantissant l&rsquo;uniformit\u00e9 et la coh\u00e9rence dans une large gamme d&rsquo;applications.<\/p>\n<p>Notre poudre d&rsquo;aluminium est disponible en diff\u00e9rentes tailles de particules et peut \u00eatre personnalis\u00e9e pour r\u00e9pondre aux besoins d&rsquo;applications sp\u00e9cifiques. Nous fournissons \u00e9galement un service apr\u00e8s-vente complet &#8211; n&rsquo;h\u00e9sitez pas \u00e0 <span style=\"color: #3366ff;\"><a style=\"color: #3366ff;\" href=\"https:\/\/ulpmat.com\/fr\/contactez-nous\/\">n&rsquo;h\u00e9sitez pas \u00e0 nous contacter<\/a><\/span> n&rsquo;h\u00e9sitez pas \u00e0 nous contacter si vous avez des questions concernant leur utilisation.<\/p>\n<h2><span style=\"font-size: 14pt;\">Points forts du produit<\/span><\/h2>\n<p>Puret\u00e9 : \u226599,99 % \u00e0 99,999 %<br \/>\nExcellente r\u00e9partition de la taille des particules pour une plus grande uniformit\u00e9<br \/>\nTaille des particules personnalisable<\/p>\n<h2><span style=\"font-size: 14pt;\">Applications de la poudre d&rsquo;aluminium<\/span><\/h2>\n<p>A\u00e9rospatiale : Utilis\u00e9e dans les formulations de carburant, les propulseurs de fus\u00e9e et les composants structurels l\u00e9gers.<br \/>\nStockage d&rsquo;\u00e9nergie : Utilis\u00e9e dans les syst\u00e8mes \u00e9nerg\u00e9tiques, tels que les batteries et les piles \u00e0 combustible, pour une lib\u00e9ration efficace de l&rsquo;\u00e9nergie.<br \/>\nPyrotechnie : Composant cl\u00e9 des feux d&rsquo;artifice et autres mat\u00e9riaux explosifs en raison de sa grande r\u00e9activit\u00e9.<br \/>\nRev\u00eatements : Il s&rsquo;agit de rev\u00eatements durables et r\u00e9sistants \u00e0 la corrosion pour diverses surfaces, notamment pour les applications automobiles et industrielles.<\/p>\n<h2><span style=\"font-size: 14pt;\">Rapports<\/span><\/h2>\n<p>Nous fournissons un certificat d&rsquo;analyse (COA), une fiche de donn\u00e9es de s\u00e9curit\u00e9 (MSDS) et d&rsquo;autres rapports pertinents avec chaque exp\u00e9dition. En outre, nous prenons en charge les tests effectu\u00e9s par des tiers pour une meilleure assurance qualit\u00e9.<\/p>\n<h2><span style=\"font-size: 14pt;\">Pourquoi nous choisir ?<\/span><\/h2>\n<p>Mat\u00e9riaux de haute puret\u00e9 : Notre poudre d&rsquo;aluminium de haute puret\u00e9 a une puret\u00e9 allant jusqu&rsquo;\u00e0 99,999% pour des performances sup\u00e9rieures.<br \/>\nCapacit\u00e9 de personnalisation : Des tailles de particules et des compositions sur mesure pour r\u00e9pondre aux besoins d&rsquo;applications sp\u00e9cifiques.<br \/>\nFabrication avanc\u00e9e : Des installations de pointe et un contr\u00f4le strict de la qualit\u00e9 garantissent des produits coh\u00e9rents et performants.<br \/>\nExpertise technique : Notre \u00e9quipe de recherche et d\u00e9veloppement fournit une assistance experte pour la s\u00e9lection des mat\u00e9riaux et l&rsquo;optimisation des applications.<br \/>\nService fiable : Nous offrons une r\u00e9ponse rapide, une assistance mondiale et des partenariats \u00e0 long terme.<\/p>\n","protected":false},"excerpt":{"rendered":"<p>La poudre d&rsquo;aluminium est un mat\u00e9riau de haute performance largement utilis\u00e9 dans divers processus industriels et de fabrication. Avec des niveaux de puret\u00e9 allant jusqu&rsquo;\u00e0 99,999 %, notre poudre d&rsquo;aluminium offre une excellente distribution de la taille des particules, garantissant l&rsquo;uniformit\u00e9 et la coh\u00e9rence dans une large gamme d&rsquo;applications.<\/p>\n","protected":false},"featured_media":5318,"template":"","meta":{"_acf_changed":false},"product_brand":[],"product_cat":[276],"product_tag":[1160],"class_list":{"0":"post-12948","1":"product","2":"type-product","3":"status-publish","4":"has-post-thumbnail","6":"product_cat-metaux-purs-et-alliages","7":"product_tag-metal-en-aluminium","9":"first","10":"instock","11":"shipping-taxable","12":"product-type-variable"},"acf":[],"_links":{"self":[{"href":"https:\/\/ulpmat.com\/fr\/wp-json\/wp\/v2\/product\/12948","targetHints":{"allow":["GET"]}}],"collection":[{"href":"https:\/\/ulpmat.com\/fr\/wp-json\/wp\/v2\/product"}],"about":[{"href":"https:\/\/ulpmat.com\/fr\/wp-json\/wp\/v2\/types\/product"}],"wp:featuredmedia":[{"embeddable":true,"href":"https:\/\/ulpmat.com\/fr\/wp-json\/wp\/v2\/media\/5318"}],"wp:attachment":[{"href":"https:\/\/ulpmat.com\/fr\/wp-json\/wp\/v2\/media?parent=12948"}],"wp:term":[{"taxonomy":"product_brand","embeddable":true,"href":"https:\/\/ulpmat.com\/fr\/wp-json\/wp\/v2\/product_brand?post=12948"},{"taxonomy":"product_cat","embeddable":true,"href":"https:\/\/ulpmat.com\/fr\/wp-json\/wp\/v2\/product_cat?post=12948"},{"taxonomy":"product_tag","embeddable":true,"href":"https:\/\/ulpmat.com\/fr\/wp-json\/wp\/v2\/product_tag?post=12948"}],"curies":[{"name":"wp","href":"https:\/\/api.w.org\/{rel}","templated":true}]}}