{"id":12933,"date":"2025-07-18T17:14:35","date_gmt":"2025-07-18T09:14:35","guid":{"rendered":"https:\/\/ulpmat.com\/product\/metal-en-aluminium-6\/"},"modified":"2025-07-18T17:14:35","modified_gmt":"2025-07-18T09:14:35","slug":"metal-en-aluminium-6","status":"publish","type":"product","link":"https:\/\/ulpmat.com\/fr\/produit\/metal-en-aluminium-6\/","title":{"rendered":"M\u00e9tal en aluminium"},"content":{"rendered":"<h2><span style=\"font-size: 14pt;\">Aper\u00e7u de la poudre sph\u00e9rique d&rsquo;aluminium<\/span><\/h2>\n<p><span style=\"color: #3366ff;\"><strong><a style=\"color: #3366ff;\" href=\"https:\/\/ulpmat.com\/fr\/recherche\/?type=element&#038;keyword=Al\">La poudre sph\u00e9rique d&rsquo;aluminium<\/a><\/strong><\/span> est un mat\u00e9riau de haute performance connu pour la forme uniforme de ses particules, ce qui le rend id\u00e9al pour les applications avanc\u00e9es qui n\u00e9cessitent un contr\u00f4le pr\u00e9cis des propri\u00e9t\u00e9s du mat\u00e9riau. Avec des puret\u00e9s allant jusqu&rsquo;\u00e0 99,99 %, notre poudre sph\u00e9rique d&rsquo;aluminium garantit des performances constantes et une excellente fluidit\u00e9.<\/p>\n<p>Notre poudre sph\u00e9rique d&rsquo;aluminium est disponible en diff\u00e9rentes tailles de particules et peut \u00eatre personnalis\u00e9e pour r\u00e9pondre aux exigences d&rsquo;applications sp\u00e9cifiques. Elle est con\u00e7ue pour r\u00e9pondre aux normes industrielles les plus strictes, garantissant des performances optimales dans une vari\u00e9t\u00e9 d&rsquo;environnements exigeants. Nous fournissons \u00e9galement un service apr\u00e8s-vente complet &#8211; n&rsquo;h\u00e9sitez pas \u00e0 <span style=\"color: #3366ff;\"><a style=\"color: #3366ff;\" href=\"https:\/\/ulpmat.com\/fr\/contactez-nous\/\">n&rsquo;h\u00e9sitez pas \u00e0 nous contacter<\/a><\/span> n&rsquo;h\u00e9sitez pas \u00e0 nous contacter si vous avez des questions concernant leur utilisation.<\/p>\n<h2><span style=\"font-size: 14pt;\">Points forts du produit :<\/span><\/h2>\n<p>Puret\u00e9 : \u226599.99%<br \/>\nForme sph\u00e9rique uniforme des particules pour une meilleure fluidit\u00e9<br \/>\nDensit\u00e9 \u00e9lev\u00e9e et excellente efficacit\u00e9 d&#8217;emballage<br \/>\nTaille des particules personnalisable<\/p>\n<h2><span style=\"font-size: 14pt;\">Applications de la poudre sph\u00e9rique d&rsquo;aluminium<\/span><\/h2>\n<p>impression 3D : Utilis\u00e9e dans la fabrication additive (AM) pour cr\u00e9er des composants l\u00e9gers et performants avec une pr\u00e9cision sup\u00e9rieure.<br \/>\nA\u00e9rospatiale : Id\u00e9ale pour les composants structurels l\u00e9gers et les formulations de carburant dans les applications a\u00e9rospatiales.<br \/>\nAutomobile : Appliqu\u00e9e \u00e0 la production de pi\u00e8ces l\u00e9g\u00e8res et \u00e9conomes en \u00e9nergie pour l&rsquo;industrie automobile.<br \/>\nStockage d&rsquo;\u00e9nergie : Mat\u00e9riau efficace dans les batteries, les supercondensateurs et les piles \u00e0 combustible en raison de sa surface et de sa r\u00e9activit\u00e9 \u00e9lev\u00e9es.<\/p>\n<h2><span style=\"font-size: 14pt;\">Rapports<\/span><\/h2>\n<p>Nous fournissons un certificat d&rsquo;analyse (COA), une fiche de donn\u00e9es de s\u00e9curit\u00e9 (MSDS) et d&rsquo;autres rapports pertinents avec chaque exp\u00e9dition. En outre, nous prenons en charge les tests effectu\u00e9s par des tiers pour une meilleure assurance qualit\u00e9.<\/p>\n<h2><span style=\"font-size: 14pt;\">Pourquoi nous choisir ?<\/span><\/h2>\n<p>Mat\u00e9riaux de haute puret\u00e9 : Notre poudre sph\u00e9rique d&rsquo;aluminium est disponible dans des puret\u00e9s allant jusqu&rsquo;\u00e0 99,99 %, offrant des performances et une fiabilit\u00e9 sup\u00e9rieures.<br \/>\nCapacit\u00e9 de personnalisation : Nous fournissons des tailles de particules et des compositions sur mesure pour r\u00e9pondre aux besoins sp\u00e9cifiques des clients.<br \/>\nFabrication avanc\u00e9e : Nos m\u00e9thodes de production de pointe garantissent l&rsquo;uniformit\u00e9 et la coh\u00e9rence de chaque lot.<br \/>\nExpertise technique : Notre \u00e9quipe de recherche et d\u00e9veloppement est pr\u00eate \u00e0 fournir une assistance pour la s\u00e9lection des mat\u00e9riaux, l&rsquo;optimisation des processus et des conseils sp\u00e9cifiques \u00e0 l&rsquo;application.<br \/>\nUn service fiable : Nous accordons la priorit\u00e9 aux temps de r\u00e9ponse rapides, \u00e0 l&rsquo;assistance mondiale et \u00e0 l&rsquo;\u00e9tablissement de partenariats \u00e0 long terme avec nos clients.<\/p>\n","protected":false},"excerpt":{"rendered":"<p><span style=\"color: #3366ff;\"><strong><a style=\"color: #3366ff;\" href=\"https:\/\/ulpmat.com\/fr\/recherche\/?type=element&#038;keyword=Al\">La poudre sph\u00e9rique d&rsquo;aluminium<\/a><\/strong><\/span> est un mat\u00e9riau de haute performance connu pour la forme uniforme de ses particules, ce qui le rend id\u00e9al pour les applications avanc\u00e9es qui n\u00e9cessitent un contr\u00f4le pr\u00e9cis des propri\u00e9t\u00e9s du mat\u00e9riau. Avec des puret\u00e9s allant jusqu&rsquo;\u00e0 99,99 %, notre poudre d&rsquo;aluminium sph\u00e9rique garantit des performances constantes et une excellente fluidit\u00e9.<\/p>\n","protected":false},"featured_media":54213,"template":"","meta":{"_acf_changed":false},"product_brand":[132],"product_cat":[1141],"product_tag":[986],"class_list":{"0":"post-12933","1":"product","2":"type-product","3":"status-publish","4":"has-post-thumbnail","6":"product_brand-ulpmat","7":"product_cat-impression-3d-de-poudre-spherique","8":"product_tag-n-a-fr","10":"first","11":"instock","12":"shipping-taxable","13":"product-type-variable"},"acf":[],"_links":{"self":[{"href":"https:\/\/ulpmat.com\/fr\/wp-json\/wp\/v2\/product\/12933","targetHints":{"allow":["GET"]}}],"collection":[{"href":"https:\/\/ulpmat.com\/fr\/wp-json\/wp\/v2\/product"}],"about":[{"href":"https:\/\/ulpmat.com\/fr\/wp-json\/wp\/v2\/types\/product"}],"wp:featuredmedia":[{"embeddable":true,"href":"https:\/\/ulpmat.com\/fr\/wp-json\/wp\/v2\/media\/54213"}],"wp:attachment":[{"href":"https:\/\/ulpmat.com\/fr\/wp-json\/wp\/v2\/media?parent=12933"}],"wp:term":[{"taxonomy":"product_brand","embeddable":true,"href":"https:\/\/ulpmat.com\/fr\/wp-json\/wp\/v2\/product_brand?post=12933"},{"taxonomy":"product_cat","embeddable":true,"href":"https:\/\/ulpmat.com\/fr\/wp-json\/wp\/v2\/product_cat?post=12933"},{"taxonomy":"product_tag","embeddable":true,"href":"https:\/\/ulpmat.com\/fr\/wp-json\/wp\/v2\/product_tag?post=12933"}],"curies":[{"name":"wp","href":"https:\/\/api.w.org\/{rel}","templated":true}]}}