{"id":12873,"date":"2025-07-18T17:14:36","date_gmt":"2025-07-18T09:14:36","guid":{"rendered":"https:\/\/ulpmat.com\/product\/borure-daluminium\/"},"modified":"2025-07-18T17:14:36","modified_gmt":"2025-07-18T09:14:36","slug":"borure-daluminium","status":"publish","type":"product","link":"https:\/\/ulpmat.com\/fr\/produit\/borure-daluminium\/","title":{"rendered":"Borure d&rsquo;aluminium"},"content":{"rendered":"<h2><span style=\"font-size: 14pt;\">Aper\u00e7u du borure d&rsquo;aluminium<\/span><\/h2>\n<p><strong><span style=\"color: #3366ff;\"><a style=\"color: #3366ff;\" href=\"https:\/\/ulpmat.com\/fr\/recherche\/?type=element&#038;keyword=alb2\">La poudre de borure d&rsquo;aluminium<\/a><\/span><\/strong> (AlB2) est un mat\u00e9riau tr\u00e8s performant qui pr\u00e9sente une excellente stabilit\u00e9 thermique, un point de fusion \u00e9lev\u00e9 et une bonne conductivit\u00e9 \u00e9lectrique. Il pr\u00e9sente \u00e9galement une duret\u00e9 \u00e9lev\u00e9e et une faible densit\u00e9, ce qui le rend tr\u00e8s prometteur pour les applications dans les composants structurels \u00e0 haute temp\u00e9rature, les mat\u00e9riaux d&rsquo;\u00e9lectrodes et les mat\u00e9riaux superdurs.<\/p>\n<p>Notre poudre d&rsquo;AlB2 est produite \u00e0 l&rsquo;aide de proc\u00e9d\u00e9s de fabrication avanc\u00e9s qui garantissent une grande puret\u00e9 et une taille de particule constante. Nous fournissons \u00e9galement un service apr\u00e8s-vente complet <span style=\"color: #3366ff;\"><a style=\"color: #3366ff;\" href=\"https:\/\/ulpmat.com\/fr\/contactez-nous\/\">n&rsquo;h\u00e9sitez pas \u00e0 nous contacter<\/a><\/span> n&rsquo;h\u00e9sitez pas \u00e0 nous contacter si vous avez des questions concernant leur utilisation.<\/p>\n<h2><span style=\"font-size: 14pt;\">Points forts du produit :<\/span><\/h2>\n<p>Puret\u00e9 : \u226599%<br \/>\nExcellente duret\u00e9 et r\u00e9sistance \u00e0 l&rsquo;usure<br \/>\nConductivit\u00e9 thermique et \u00e9lectrique \u00e9lev\u00e9e<br \/>\nExcellente r\u00e9sistance \u00e0 l&rsquo;oxydation et \u00e0 la corrosion<br \/>\nDisponible en tailles et formes de particules personnalisables<\/p>\n<h2><span style=\"font-size: 14pt;\">Applications de la poudre de borure d&rsquo;aluminium<\/span><\/h2>\n<p>C\u00e9ramiques de pointe : Utilis\u00e9es dans la production de c\u00e9ramiques r\u00e9sistantes \u00e0 l&rsquo;usure et aux temp\u00e9ratures \u00e9lev\u00e9es pour les outils de coupe et les machines industrielles.<br \/>\nRev\u00eatements : Appliqu\u00e9s en tant que rev\u00eatement dur et durable pour les composants qui fonctionnent dans des conditions de contraintes et de temp\u00e9ratures \u00e9lev\u00e9es.<br \/>\nA\u00e9rospatiale : Mat\u00e9riau utilis\u00e9 dans les composants qui n\u00e9cessitent \u00e0 la fois une conductivit\u00e9 thermique \u00e9lev\u00e9e et une r\u00e9sistance exceptionnelle \u00e0 l&rsquo;usure.<br \/>\nComposants \u00e9lectroniques : Utilis\u00e9 dans l&rsquo;\u00e9lectronique pour les substrats et les composants qui exigent une conductivit\u00e9 \u00e9lev\u00e9e et une r\u00e9sistance \u00e0 la chaleur.<br \/>\nCatalyse : Utilis\u00e9 dans les applications de catalyse en raison de ses propri\u00e9t\u00e9s chimiques uniques.<\/p>\n<h2><span style=\"font-size: 14pt;\">Rapports<\/span><\/h2>\n<p>Nous fournissons un certificat d&rsquo;analyse (COA), une fiche de donn\u00e9es de s\u00e9curit\u00e9 (MSDS) et d&rsquo;autres rapports pertinents avec chaque exp\u00e9dition pour garantir la qualit\u00e9 du produit. En outre, des tests effectu\u00e9s par des tiers sont disponibles pour v\u00e9rifier la puret\u00e9 et les propri\u00e9t\u00e9s de notre poudre d&rsquo;AlB\u2082.<\/p>\n<h2><span style=\"font-size: 14pt;\">Pourquoi nous choisir ?<\/span><\/h2>\n<p>Mat\u00e9riaux de haute puret\u00e9 : Notre poudre d&rsquo;AlB\u2082 est disponible avec une puret\u00e9 allant jusqu&rsquo;\u00e0 99 %, ce qui garantit d&rsquo;excellentes performances dans les applications critiques.<br \/>\nCapacit\u00e9 de personnalisation : Nous fournissons des tailles et des formes de particules personnalis\u00e9es pour r\u00e9pondre \u00e0 des exigences sp\u00e9cifiques.<br \/>\nFabrication avanc\u00e9e : Notre processus de production de haute pr\u00e9cision garantit l&rsquo;uniformit\u00e9 et la qualit\u00e9 constante des lots.<br \/>\nExpertise technique : Notre \u00e9quipe exp\u00e9riment\u00e9e offre une assistance pour la s\u00e9lection des mat\u00e9riaux, l&rsquo;application et l&rsquo;optimisation des processus.<br \/>\nService fiable : Nous proposons des livraisons rapides, des exp\u00e9ditions internationales et une assistance client\u00e8le d\u00e9di\u00e9e.<\/p>\n","protected":false},"excerpt":{"rendered":"<p>La poudre de borure d&rsquo;aluminium (AlB2) est un mat\u00e9riau tr\u00e8s performant qui pr\u00e9sente une excellente stabilit\u00e9 thermique, un point de fusion \u00e9lev\u00e9 et une bonne conductivit\u00e9 \u00e9lectrique. Il se caract\u00e9rise \u00e9galement par une duret\u00e9 \u00e9lev\u00e9e et une faible densit\u00e9, ce qui le rend tr\u00e8s prometteur pour les applications dans les composants structurels \u00e0 haute temp\u00e9rature, les mat\u00e9riaux d&rsquo;\u00e9lectrodes et les mat\u00e9riaux superdurs.<\/p>\n","protected":false},"featured_media":5336,"template":"","meta":{"_acf_changed":false},"product_brand":[],"product_cat":[710],"product_tag":[1154],"class_list":{"0":"post-12873","1":"product","2":"type-product","3":"status-publish","4":"has-post-thumbnail","6":"product_cat-materiaux-refractaires","7":"product_tag-borure-daluminium","9":"first","10":"instock","11":"shipping-taxable","12":"product-type-variable"},"acf":[],"_links":{"self":[{"href":"https:\/\/ulpmat.com\/fr\/wp-json\/wp\/v2\/product\/12873","targetHints":{"allow":["GET"]}}],"collection":[{"href":"https:\/\/ulpmat.com\/fr\/wp-json\/wp\/v2\/product"}],"about":[{"href":"https:\/\/ulpmat.com\/fr\/wp-json\/wp\/v2\/types\/product"}],"wp:featuredmedia":[{"embeddable":true,"href":"https:\/\/ulpmat.com\/fr\/wp-json\/wp\/v2\/media\/5336"}],"wp:attachment":[{"href":"https:\/\/ulpmat.com\/fr\/wp-json\/wp\/v2\/media?parent=12873"}],"wp:term":[{"taxonomy":"product_brand","embeddable":true,"href":"https:\/\/ulpmat.com\/fr\/wp-json\/wp\/v2\/product_brand?post=12873"},{"taxonomy":"product_cat","embeddable":true,"href":"https:\/\/ulpmat.com\/fr\/wp-json\/wp\/v2\/product_cat?post=12873"},{"taxonomy":"product_tag","embeddable":true,"href":"https:\/\/ulpmat.com\/fr\/wp-json\/wp\/v2\/product_tag?post=12873"}],"curies":[{"name":"wp","href":"https:\/\/api.w.org\/{rel}","templated":true}]}}