{"id":12858,"date":"2025-07-18T17:14:37","date_gmt":"2025-07-18T09:14:37","guid":{"rendered":"https:\/\/ulpmat.com\/product\/alliage-daluminium-et-de-cobalt\/"},"modified":"2025-07-18T17:14:37","modified_gmt":"2025-07-18T09:14:37","slug":"alliage-daluminium-et-de-cobalt","status":"publish","type":"product","link":"https:\/\/ulpmat.com\/fr\/produit\/alliage-daluminium-et-de-cobalt\/","title":{"rendered":"Alliage d&rsquo;aluminium et de cobalt"},"content":{"rendered":"<h2><span style=\"font-size: 14pt;\">Alliage d&rsquo;aluminium et de cobalt Aper\u00e7u<\/span><\/h2>\n<p><strong><span style=\"color: #3366ff;\"><a style=\"color: #3366ff;\" href=\"https:\/\/ulpmat.com\/fr\/recherche\/?type=element&#038;keyword=alco\">La poudre d&rsquo;alliage d&rsquo;aluminium et de cobalt<\/a><\/span><\/strong> est un mat\u00e9riau haute performance compos\u00e9 d&rsquo;un m\u00e9lange d&rsquo;aluminium et de cobalt, combinant la l\u00e9g\u00e8ret\u00e9 et la r\u00e9sistance \u00e0 la corrosion de l&rsquo;aluminium avec les propri\u00e9t\u00e9s magn\u00e9tiques et la r\u00e9sistance du cobalt. Cette poudre d&rsquo;alliage unique est id\u00e9ale pour les applications qui requi\u00e8rent une combinaison de caract\u00e9ristiques magn\u00e9tiques fortes, une stabilit\u00e9 thermique \u00e9lev\u00e9e et une excellente r\u00e9sistance \u00e0 l&rsquo;usure.<\/p>\n<p>Notre poudre d&rsquo;AlCo est produite avec pr\u00e9cision, garantissant une grande puret\u00e9, une distribution granulom\u00e9trique uniforme et une excellente r\u00e9activit\u00e9 pour diverses applications industrielles. Nous fournissons \u00e9galement un service apr\u00e8s-vente complet <span style=\"color: #3366ff;\"><a style=\"color: #3366ff;\" href=\"https:\/\/ulpmat.com\/fr\/contactez-nous\/\">n&rsquo;h\u00e9sitez pas \u00e0 nous contacter<\/a><\/span> n&rsquo;h\u00e9sitez pas \u00e0 nous contacter si vous avez des questions concernant leur utilisation.<\/p>\n<h2><span style=\"font-size: 14pt;\">Points forts du produit :<\/span><\/h2>\n<p>Grande puret\u00e9 et composition uniforme<br \/>\nExcellentes propri\u00e9t\u00e9s magn\u00e9tiques<br \/>\nConductivit\u00e9 thermique et \u00e9lectrique \u00e9lev\u00e9e<br \/>\nBonne r\u00e9sistance \u00e0 l&rsquo;usure et \u00e0 la corrosion<br \/>\nDisponible dans une gamme de tailles de particules pour diff\u00e9rentes applications<\/p>\n<h2><span style=\"font-size: 14pt;\">Applications de la poudre d&rsquo;alliage d&rsquo;aluminium et de cobalt<\/span><\/h2>\n<p>M\u00e9tallurgie des poudres : Utilis\u00e9e pour produire des mat\u00e9riaux et des alliages magn\u00e9tiques de haute performance par des proc\u00e9d\u00e9s de m\u00e9tallurgie des poudres.<br \/>\nComposants magn\u00e9tiques : Id\u00e9al pour la production de composants magn\u00e9tiques dans les moteurs \u00e9lectriques, les capteurs magn\u00e9tiques et les actionneurs.<br \/>\nBlindage \u00e9lectromagn\u00e9tique : Appliqu\u00e9 \u00e0 la production de mat\u00e9riaux de blindage contre les interf\u00e9rences \u00e9lectromagn\u00e9tiques (EMI), o\u00f9 les propri\u00e9t\u00e9s magn\u00e9tiques de l&rsquo;AlCo sont essentielles.<br \/>\nD\u00e9p\u00f4t de couches minces : Utilis\u00e9 dans la pulv\u00e9risation cathodique et d&rsquo;autres m\u00e9thodes de d\u00e9p\u00f4t pour cr\u00e9er des films magn\u00e9tiques minces pour le stockage de donn\u00e9es, les capteurs et d&rsquo;autres dispositifs \u00e9lectroniques.<br \/>\nCatalyse : La poudre d&rsquo;AlCo peut \u00eatre utilis\u00e9e comme catalyseur dans certaines r\u00e9actions chimiques gr\u00e2ce \u00e0 sa combinaison unique de stabilit\u00e9 thermique et de propri\u00e9t\u00e9s catalytiques.<\/p>\n<h2><span style=\"font-size: 14pt;\">Rapports<\/span><\/h2>\n<p>Nous fournissons un certificat d&rsquo;analyse (COA), une fiche de donn\u00e9es de s\u00e9curit\u00e9 (MSDS) et d&rsquo;autres rapports pertinents avec chaque exp\u00e9dition, garantissant que notre poudre d&rsquo;AlCo r\u00e9pond aux normes de qualit\u00e9 les plus \u00e9lev\u00e9es. En outre, nous prenons en charge les tests effectu\u00e9s par des tiers pour v\u00e9rifier la puret\u00e9 et les caract\u00e9ristiques de performance.<\/p>\n<h2><span style=\"font-size: 14pt;\">Pourquoi nous choisir ?<\/span><\/h2>\n<p>En tant que <strong>fournisseur<\/strong> fiable <strong>de poudre d&rsquo;aluminium-cobalt<\/strong>, nous fournissons une poudre de haute puret\u00e9 avec une composition uniforme pour garantir des performances constantes dans toutes les applications. Nous proposons des tailles de particules, des compositions et des emballages personnalis\u00e9s pour r\u00e9pondre aux exigences sp\u00e9cifiques des clients. Gr\u00e2ce \u00e0 des techniques de fabrication avanc\u00e9es et \u00e0 un contr\u00f4le de qualit\u00e9 strict, nos poudres pr\u00e9sentent des caract\u00e9ristiques constantes, soutenues par des conseils techniques d&rsquo;experts sur la s\u00e9lection des mat\u00e9riaux, l&rsquo;optimisation des processus et les solutions sp\u00e9cifiques aux applications. Nous assurons \u00e9galement un service mondial fiable avec une exp\u00e9dition rapide et une excellente assistance \u00e0 la client\u00e8le.<\/p>\n","protected":false},"excerpt":{"rendered":"<p>Alliage d&rsquo;aluminium et de cobalt Aper\u00e7u La poudre d&rsquo;alliage d&rsquo;aluminium et de cobalt est un mat\u00e9riau haute performance compos\u00e9 d&rsquo;un m\u00e9lange d&rsquo;aluminium et de cobalt, combinant la l\u00e9g\u00e8ret\u00e9 et la r\u00e9sistance \u00e0 la corrosion de l&rsquo;aluminium avec les propri\u00e9t\u00e9s magn\u00e9tiques et la r\u00e9sistance du cobalt. Cette poudre d&rsquo;alliage unique est id\u00e9ale pour les applications qui [&hellip;]<\/p>\n","protected":false},"featured_media":5342,"template":"","meta":{"_acf_changed":false},"product_brand":[132],"product_cat":[276],"product_tag":[1142],"class_list":{"0":"post-12858","1":"product","2":"type-product","3":"status-publish","4":"has-post-thumbnail","6":"product_brand-ulpmat","7":"product_cat-metaux-purs-et-alliages","8":"product_tag-alliage-daluminium","10":"first","11":"instock","12":"shipping-taxable","13":"product-type-variable"},"acf":[],"_links":{"self":[{"href":"https:\/\/ulpmat.com\/fr\/wp-json\/wp\/v2\/product\/12858","targetHints":{"allow":["GET"]}}],"collection":[{"href":"https:\/\/ulpmat.com\/fr\/wp-json\/wp\/v2\/product"}],"about":[{"href":"https:\/\/ulpmat.com\/fr\/wp-json\/wp\/v2\/types\/product"}],"wp:featuredmedia":[{"embeddable":true,"href":"https:\/\/ulpmat.com\/fr\/wp-json\/wp\/v2\/media\/5342"}],"wp:attachment":[{"href":"https:\/\/ulpmat.com\/fr\/wp-json\/wp\/v2\/media?parent=12858"}],"wp:term":[{"taxonomy":"product_brand","embeddable":true,"href":"https:\/\/ulpmat.com\/fr\/wp-json\/wp\/v2\/product_brand?post=12858"},{"taxonomy":"product_cat","embeddable":true,"href":"https:\/\/ulpmat.com\/fr\/wp-json\/wp\/v2\/product_cat?post=12858"},{"taxonomy":"product_tag","embeddable":true,"href":"https:\/\/ulpmat.com\/fr\/wp-json\/wp\/v2\/product_tag?post=12858"}],"curies":[{"name":"wp","href":"https:\/\/api.w.org\/{rel}","templated":true}]}}