{"id":12786,"date":"2025-07-18T17:14:38","date_gmt":"2025-07-18T09:14:38","guid":{"rendered":"https:\/\/ulpmat.com\/product\/alliage-daluminium-et-de-cuivre-3\/"},"modified":"2025-07-18T17:14:38","modified_gmt":"2025-07-18T09:14:38","slug":"alliage-daluminium-et-de-cuivre-3","status":"publish","type":"product","link":"https:\/\/ulpmat.com\/fr\/produit\/alliage-daluminium-et-de-cuivre-3\/","title":{"rendered":"Alliage d&rsquo;aluminium et de cuivre"},"content":{"rendered":"<h2><span style=\"font-size: 14pt;\">Vue d&rsquo;ensemble des alliages d&rsquo;aluminium et de cuivre<\/span><\/h2>\n<p><strong><span style=\"color: #3366ff;\"><a style=\"color: #3366ff;\" href=\"https:\/\/ulpmat.com\/fr\/recherche\/?type=element&#038;keyword=alcu\">Les granul\u00e9s d&rsquo;alliage aluminium-cuivre<\/a><\/span><\/strong> sont des mat\u00e9riaux de haute performance con\u00e7us pour des applications m\u00e9tallurgiques et de couches minces exigeantes. Leur taille uniforme, leur faible teneur en gaz et leur excellente conductivit\u00e9 thermique et \u00e9lectrique les destinent \u00e0 la fois \u00e0 la production industrielle et \u00e0 la recherche-d\u00e9veloppement de pointe. Nous proposons des compositions et des tailles de particules personnalisables pour r\u00e9pondre \u00e0 des besoins sp\u00e9cifiques, ainsi qu&rsquo;un service apr\u00e8s-vente complet <span style=\"color: #3366ff;\"><a style=\"color: #3366ff;\" href=\"https:\/\/ulpmat.com\/fr\/contactez-nous\/\">n&rsquo;h\u00e9sitez pas \u00e0 nous contacter<\/a> <\/span>n&rsquo;h\u00e9sitez pas \u00e0 nous contacter si vous avez des questions concernant son utilisation.<\/p>\n<p>Nous proposons des granul\u00e9s d&rsquo;alliage AlCu dans diverses compositions standard telles que Al-2wt%Cu, Al-4wt%Cu et Al-8wt%Cu, ainsi que des formulations personnalis\u00e9es. Chaque lot est produit \u00e0 l&rsquo;aide de mati\u00e8res premi\u00e8res de haute puret\u00e9 et de techniques de fusion contr\u00f4l\u00e9es avec pr\u00e9cision afin de garantir la coh\u00e9rence, la propret\u00e9 et d&rsquo;excellentes performances.<\/p>\n<h2><span style=\"font-size: 14pt;\">Points forts du produit :<\/span><\/h2>\n<p>Puret\u00e9 : \u226599,9%<br \/>\nDisponible dans des rapports AlCu standard et personnalis\u00e9s (par exemple, 2 %, 4 %, 8 %)<br \/>\nExcellente conductivit\u00e9 thermique et \u00e9lectrique<br \/>\nTaille uniforme des granul\u00e9s et forte densit\u00e9 d&#8217;empaquetage<br \/>\nFaible teneur en oxyg\u00e8ne et en impuret\u00e9s<\/p>\n<h2><span style=\"font-size: 14pt;\">Applications des granul\u00e9s d&rsquo;alliage d&rsquo;aluminium et de cuivre<\/span><\/h2>\n<p>Evaporation sous vide : Utilis\u00e9s comme source d&rsquo;alliage pour les couches minces fonctionnelles, en particulier dans les rev\u00eatements r\u00e9fl\u00e9chissants et conducteurs.<br \/>\nAdditifs m\u00e9tallurgiques : Am\u00e9liorent la r\u00e9sistance m\u00e9canique, la stabilit\u00e9 thermique et la r\u00e9sistance \u00e0 l&rsquo;usure des alliages \u00e0 base d&rsquo;aluminium.<br \/>\nAlliages de brasage : Ils entrent dans la composition des mat\u00e9riaux d&rsquo;apport pour le brasage de l&rsquo;aluminium et am\u00e9liorent la mouillabilit\u00e9 et la force d&rsquo;adh\u00e9rence.<br \/>\nM\u00e9tallurgie des poudres : Utilis\u00e9 comme base pour la production de poudres d&rsquo;alliage par pulv\u00e9risation ou impression 3D.<br \/>\nGestion thermique \u00e9lectronique : Mat\u00e9riau de base pour les alliages d&rsquo;aluminium \u00e0 haute performance dans l&#8217;emballage \u00e9lectronique et les composants de refroidissement.<\/p>\n<h2><span style=\"font-size: 14pt;\">Rapports<\/span><\/h2>\n<p>Certificat d&rsquo;analyse (COA)<br \/>\nFiche de donn\u00e9es de s\u00e9curit\u00e9 (MSDS)<br \/>\nDocumentation de conformit\u00e9 RoHS (sur demande)<br \/>\nDes tests effectu\u00e9s par des tiers sont disponibles pour des v\u00e9rifications suppl\u00e9mentaires<\/p>\n<h2><span style=\"font-size: 14pt;\">Pourquoi nous choisir ?<\/span><\/h2>\n<p>En tant que <strong>fournisseur<\/strong> fiable <strong>d&rsquo;alliages aluminium-cuivre<\/strong>, nous proposons des mati\u00e8res premi\u00e8res de haute puret\u00e9 (\u226599,9 %) avec des compositions sur mesure, offrant des pourcentages de Cu standard et personnalis\u00e9s pour r\u00e9pondre aux divers besoins des applications. Nos proc\u00e9d\u00e9s de fabrication avanc\u00e9s, notamment la fusion sous vide et la granulation contr\u00f4l\u00e9e, garantissent l&rsquo;uniformit\u00e9 et la propret\u00e9. Soutenus par une assistance technique experte pour la s\u00e9lection des mat\u00e9riaux, la conception des processus et l&rsquo;optimisation des applications, nous garantissons \u00e9galement un service mondial avec une r\u00e9ponse rapide, une logistique fiable et une documentation d&rsquo;exportation compl\u00e8te.<\/p>\n","protected":false},"excerpt":{"rendered":"<p>Vue d&rsquo;ensemble des alliages d&rsquo;aluminium et de cuivre Les granul\u00e9s d&rsquo;alliage aluminium-cuivre sont des mat\u00e9riaux de haute performance con\u00e7us pour des applications m\u00e9tallurgiques et de couches minces exigeantes. Leur taille uniforme, leur faible teneur en gaz et leur excellente conductivit\u00e9 thermique et \u00e9lectrique les destinent \u00e0 la fois \u00e0 la production industrielle et \u00e0 la [&hellip;]<\/p>\n","protected":false},"featured_media":5360,"template":"","meta":{"_acf_changed":false},"product_brand":[132],"product_cat":[296],"product_tag":[1142],"class_list":{"0":"post-12786","1":"product","2":"type-product","3":"status-publish","4":"has-post-thumbnail","6":"product_brand-ulpmat","7":"product_cat-materiaux-devaporation","8":"product_tag-alliage-daluminium","10":"first","11":"instock","12":"shipping-taxable","13":"product-type-variable"},"acf":[],"_links":{"self":[{"href":"https:\/\/ulpmat.com\/fr\/wp-json\/wp\/v2\/product\/12786","targetHints":{"allow":["GET"]}}],"collection":[{"href":"https:\/\/ulpmat.com\/fr\/wp-json\/wp\/v2\/product"}],"about":[{"href":"https:\/\/ulpmat.com\/fr\/wp-json\/wp\/v2\/types\/product"}],"wp:featuredmedia":[{"embeddable":true,"href":"https:\/\/ulpmat.com\/fr\/wp-json\/wp\/v2\/media\/5360"}],"wp:attachment":[{"href":"https:\/\/ulpmat.com\/fr\/wp-json\/wp\/v2\/media?parent=12786"}],"wp:term":[{"taxonomy":"product_brand","embeddable":true,"href":"https:\/\/ulpmat.com\/fr\/wp-json\/wp\/v2\/product_brand?post=12786"},{"taxonomy":"product_cat","embeddable":true,"href":"https:\/\/ulpmat.com\/fr\/wp-json\/wp\/v2\/product_cat?post=12786"},{"taxonomy":"product_tag","embeddable":true,"href":"https:\/\/ulpmat.com\/fr\/wp-json\/wp\/v2\/product_tag?post=12786"}],"curies":[{"name":"wp","href":"https:\/\/api.w.org\/{rel}","templated":true}]}}