{"id":12757,"date":"2025-07-18T17:14:39","date_gmt":"2025-07-18T09:14:39","guid":{"rendered":"https:\/\/ulpmat.com\/product\/alliage-daluminium-de-cuivre-et-de-fer\/"},"modified":"2025-07-18T17:14:39","modified_gmt":"2025-07-18T09:14:39","slug":"alliage-daluminium-de-cuivre-et-de-fer","status":"publish","type":"product","link":"https:\/\/ulpmat.com\/fr\/produit\/alliage-daluminium-de-cuivre-et-de-fer\/","title":{"rendered":"Alliage d&rsquo;aluminium, de cuivre et de fer"},"content":{"rendered":"<h2><span style=\"font-size: 14pt;\">Aper\u00e7u des alliages d&rsquo;aluminium, de cuivre et de fer<\/span><\/h2>\n<p><strong><span style=\"color: #3366ff;\"><a style=\"color: #3366ff;\" href=\"https:\/\/ulpmat.com\/fr\/recherche\/?type=element&#038;keyword=alcufe\">Aluminium, cuivre et fer<\/a><\/span><\/strong> Les cibles de pulv\u00e9risation d&rsquo;alliages sont des mat\u00e9riaux fonctionnels avanc\u00e9s con\u00e7us pour \u00eatre utilis\u00e9s dans les processus de d\u00e9p\u00f4t de couches minces, en particulier lorsque des films d&rsquo;alliages complexes ou des structures quasi-cristallines sont souhait\u00e9s. Nous proposons des compositions et des tailles personnalisables pour r\u00e9pondre \u00e0 des besoins sp\u00e9cifiques, ainsi qu&rsquo;un service apr\u00e8s-vente complet. N&rsquo;h\u00e9sitez pas \u00e0 nous contacter si vous avez des questions concernant l&rsquo;utilisation de ces cibles.<\/p>\n<p>L&rsquo;AlCuFe se distingue par sa capacit\u00e9 \u00e0 former des phases quasicristallines stables, qui pr\u00e9sentent des propri\u00e9t\u00e9s uniques telles qu&rsquo;une faible conductivit\u00e9 thermique, une grande duret\u00e9 et une excellente r\u00e9sistance \u00e0 l&rsquo;oxydation. Ces caract\u00e9ristiques rendent les cibles d&rsquo;AlCuFe particuli\u00e8rement adapt\u00e9es \u00e0 la R&amp;D de pointe et aux applications de grande valeur n\u00e9cessitant des performances \u00e9lectroniques, thermiques ou structurelles inhabituelles.<\/p>\n<h2><span style=\"font-size: 14pt;\">Points forts du produit<\/span><\/h2>\n<p>Puret\u00e9 : \u226599,5<br \/>\nDisponible dans des rapports Al\/Cu\/Fe standard et personnalis\u00e9s<br \/>\nFavorise la formation de couches minces quasi-cristallines<br \/>\nExcellente duret\u00e9 et r\u00e9sistance \u00e0 l&rsquo;usure<br \/>\nBonne stabilit\u00e9 thermique et chimique<br \/>\nGrande uniformit\u00e9 de pulv\u00e9risation et faible teneur en impuret\u00e9s<br \/>\nTaille, forme et composition personnalisables<\/p>\n<h2><span style=\"font-size: 14pt;\">Applications des cibles de pulv\u00e9risation AlCuFe<\/span><\/h2>\n<p>Rev\u00eatements quasicristallins : Utilis\u00e9s pour d\u00e9poser des films minces pr\u00e9sentant une faible friction, une duret\u00e9 \u00e9lev\u00e9e et une bonne r\u00e9sistance \u00e0 l&rsquo;oxydation<br \/>\nIng\u00e9nierie des surfaces : Forme des couches dures et r\u00e9sistantes \u00e0 l&rsquo;usure sur les outils de coupe, les moules et les pi\u00e8ces de machines<br \/>\nRev\u00eatements \u00e0 barri\u00e8re thermique : Id\u00e9al pour les composants expos\u00e9s \u00e0 des contraintes thermiques en raison de leur faible conductivit\u00e9 thermique<br \/>\nRev\u00eatements d\u00e9coratifs et fonctionnels : Appliqu\u00e9s pour cr\u00e9er des finitions m\u00e9talliques durables avec des propri\u00e9t\u00e9s optiques\/\u00e9lectriques uniques<br \/>\n\u00c9lectronique avanc\u00e9e : Soutien au d\u00e9veloppement exp\u00e9rimental de films d&rsquo;alliage \u00e0 faible perte ou thermiquement stables<\/p>\n<h2><span style=\"font-size: 14pt;\">Rapports<\/span><\/h2>\n<p>Certificat d&rsquo;analyse (COA)<br \/>\nFiche de donn\u00e9es de s\u00e9curit\u00e9 (MSDS)<br \/>\nStructure de phase ou analyse XRD (sur demande)<br \/>\nEssais par une tierce partie disponibles sur demande du client<\/p>\n","protected":false},"excerpt":{"rendered":"<p>Aper\u00e7u des alliages d&rsquo;aluminium, de cuivre et de fer Aluminium, cuivre et fer Les cibles de pulv\u00e9risation d&rsquo;alliages sont des mat\u00e9riaux fonctionnels avanc\u00e9s con\u00e7us pour \u00eatre utilis\u00e9s dans les processus de d\u00e9p\u00f4t de couches minces, en particulier lorsque des films d&rsquo;alliages complexes ou des structures quasi-cristallines sont souhait\u00e9s. Nous proposons des compositions et des tailles [&hellip;]<\/p>\n","protected":false},"featured_media":6650,"template":"","meta":{"_acf_changed":false},"product_brand":[132],"product_cat":[560],"product_tag":[1142],"class_list":{"0":"post-12757","1":"product","2":"type-product","3":"status-publish","4":"has-post-thumbnail","6":"product_brand-ulpmat","7":"product_cat-cible-de-pulverisation-dalliage","8":"product_tag-alliage-daluminium","10":"first","11":"instock","12":"shipping-taxable","13":"product-type-variable"},"acf":[],"_links":{"self":[{"href":"https:\/\/ulpmat.com\/fr\/wp-json\/wp\/v2\/product\/12757","targetHints":{"allow":["GET"]}}],"collection":[{"href":"https:\/\/ulpmat.com\/fr\/wp-json\/wp\/v2\/product"}],"about":[{"href":"https:\/\/ulpmat.com\/fr\/wp-json\/wp\/v2\/types\/product"}],"wp:featuredmedia":[{"embeddable":true,"href":"https:\/\/ulpmat.com\/fr\/wp-json\/wp\/v2\/media\/6650"}],"wp:attachment":[{"href":"https:\/\/ulpmat.com\/fr\/wp-json\/wp\/v2\/media?parent=12757"}],"wp:term":[{"taxonomy":"product_brand","embeddable":true,"href":"https:\/\/ulpmat.com\/fr\/wp-json\/wp\/v2\/product_brand?post=12757"},{"taxonomy":"product_cat","embeddable":true,"href":"https:\/\/ulpmat.com\/fr\/wp-json\/wp\/v2\/product_cat?post=12757"},{"taxonomy":"product_tag","embeddable":true,"href":"https:\/\/ulpmat.com\/fr\/wp-json\/wp\/v2\/product_tag?post=12757"}],"curies":[{"name":"wp","href":"https:\/\/api.w.org\/{rel}","templated":true}]}}