{"id":12736,"date":"2025-07-18T17:14:39","date_gmt":"2025-07-18T09:14:39","guid":{"rendered":"https:\/\/ulpmat.com\/product\/alliage-daluminium-et-de-fer\/"},"modified":"2025-07-18T17:14:39","modified_gmt":"2025-07-18T09:14:39","slug":"alliage-daluminium-et-de-fer","status":"publish","type":"product","link":"https:\/\/ulpmat.com\/fr\/produit\/alliage-daluminium-et-de-fer\/","title":{"rendered":"Alliage d&rsquo;aluminium et de fer"},"content":{"rendered":"<h2><span style=\"font-size: 14pt;\">Vue d&rsquo;ensemble de l&rsquo;alliage d&rsquo;aluminium et de fer<\/span><\/h2>\n<p><strong><span style=\"color: #3366ff;\"><a style=\"color: #3366ff;\" href=\"https:\/\/ulpmat.com\/fr\/recherche\/?type=element&#038;keyword=alfe\">Alliage d&rsquo;aluminium et de fer<\/a><\/span><\/strong> Les cibles de pulv\u00e9risation en alliage sont des alliages sp\u00e9cialis\u00e9s con\u00e7us pour les applications de couches minces n\u00e9cessitant une duret\u00e9, une stabilit\u00e9 thermique et une r\u00e9sistance m\u00e9canique accrues. Avec des niveaux de puret\u00e9 \u00e9lev\u00e9s (\u226599,5 %) et des rapports Al\/Fe personnalisables, ces cibles conviennent aux semi-conducteurs, aux rev\u00eatements de protection, aux mat\u00e9riaux magn\u00e9tiques et aux applications de recherche avanc\u00e9e.<\/p>\n<p>Combinant la l\u00e9g\u00e8ret\u00e9 et la nature conductrice de l&rsquo;aluminium avec la r\u00e9sistance et les propri\u00e9t\u00e9s ferromagn\u00e9tiques du fer, les cibles AlFe offrent des performances robustes dans les syst\u00e8mes de d\u00e9p\u00f4t physique en phase vapeur (PVD). Elles permettent la formation de couches minces dures, uniformes et adh\u00e9rentes pr\u00e9sentant des caract\u00e9ristiques \u00e9lectriques, thermiques et magn\u00e9tiques adapt\u00e9es.<\/p>\n<h2><span style=\"font-size: 14pt;\">Points forts du produit<\/span><\/h2>\n<p>Puret\u00e9 : \u226599,5<br \/>\nDisponibles dans des rapports Al\/Fe standard et personnalis\u00e9s (par exemple, Al-1Fe, Al-40Fe)<br \/>\nDensit\u00e9 \u00e9lev\u00e9e et faible porosit\u00e9 pour une pulv\u00e9risation uniforme<br \/>\nExcellente stabilit\u00e9 thermique et m\u00e9canique<br \/>\nComportement ferromagn\u00e9tique favoris\u00e9 par la teneur en Fe<br \/>\nFormes et liaisons personnalis\u00e9es disponibles<\/p>\n<h2><span style=\"font-size: 14pt;\">Applications des cibles de pulv\u00e9risation d&rsquo;AlFe<\/span><\/h2>\n<p>Semi-conducteurs : Pour les couches tampons ou les films barri\u00e8res n\u00e9cessitant une durabilit\u00e9 m\u00e9canique<br \/>\nRev\u00eatements magn\u00e9tiques : Utilis\u00e9s dans les applications de capteurs et d&rsquo;enregistrements magn\u00e9tiques<br \/>\nRev\u00eatements protecteurs durs : Am\u00e9lioration de la duret\u00e9 de la surface et de la r\u00e9sistance \u00e0 l&rsquo;oxydation<br \/>\nM\u00e9tallurgie des couches minces : Convient \u00e0 la cr\u00e9ation de couches m\u00e9talliques multifonctionnelles dans les MEMS et les emballages de circuits int\u00e9gr\u00e9s<br \/>\nScience des mat\u00e9riaux R&amp;D : Utilis\u00e9 dans la recherche sur les films d&rsquo;alliage et le d\u00e9veloppement de mat\u00e9riaux magn\u00e9tiques<\/p>\n<h2><span style=\"font-size: 14pt;\">Rapports<\/span><\/h2>\n<p>Chaque envoi de cible de pulv\u00e9risation d&rsquo;AlFe comprend :<br \/>\nUn certificat d&rsquo;analyse (COA)<br \/>\nFiche de donn\u00e9es de s\u00e9curit\u00e9 (MSDS)<br \/>\nRapport d&rsquo;inspection de la qualit\u00e9 de la surface et des dimensions (sur demande)<br \/>\nUn support de test tiers est disponible sur demande<\/p>\n","protected":false},"excerpt":{"rendered":"<p>Vue d&rsquo;ensemble de l&rsquo;alliage d&rsquo;aluminium et de fer Alliage d&rsquo;aluminium et de fer Les cibles de pulv\u00e9risation en alliage sont des alliages sp\u00e9cialis\u00e9s con\u00e7us pour les applications de couches minces n\u00e9cessitant une duret\u00e9, une stabilit\u00e9 thermique et une r\u00e9sistance m\u00e9canique accrues. Avec des niveaux de puret\u00e9 \u00e9lev\u00e9s (\u226599,5 %) et des rapports Al\/Fe personnalisables, ces [&hellip;]<\/p>\n","protected":false},"featured_media":6644,"template":"","meta":{"_acf_changed":false},"product_brand":[132],"product_cat":[560],"product_tag":[1142],"class_list":{"0":"post-12736","1":"product","2":"type-product","3":"status-publish","4":"has-post-thumbnail","6":"product_brand-ulpmat","7":"product_cat-cible-de-pulverisation-dalliage","8":"product_tag-alliage-daluminium","10":"first","11":"instock","12":"shipping-taxable","13":"product-type-variable"},"acf":[],"_links":{"self":[{"href":"https:\/\/ulpmat.com\/fr\/wp-json\/wp\/v2\/product\/12736","targetHints":{"allow":["GET"]}}],"collection":[{"href":"https:\/\/ulpmat.com\/fr\/wp-json\/wp\/v2\/product"}],"about":[{"href":"https:\/\/ulpmat.com\/fr\/wp-json\/wp\/v2\/types\/product"}],"wp:featuredmedia":[{"embeddable":true,"href":"https:\/\/ulpmat.com\/fr\/wp-json\/wp\/v2\/media\/6644"}],"wp:attachment":[{"href":"https:\/\/ulpmat.com\/fr\/wp-json\/wp\/v2\/media?parent=12736"}],"wp:term":[{"taxonomy":"product_brand","embeddable":true,"href":"https:\/\/ulpmat.com\/fr\/wp-json\/wp\/v2\/product_brand?post=12736"},{"taxonomy":"product_cat","embeddable":true,"href":"https:\/\/ulpmat.com\/fr\/wp-json\/wp\/v2\/product_cat?post=12736"},{"taxonomy":"product_tag","embeddable":true,"href":"https:\/\/ulpmat.com\/fr\/wp-json\/wp\/v2\/product_tag?post=12736"}],"curies":[{"name":"wp","href":"https:\/\/api.w.org\/{rel}","templated":true}]}}