{"id":12721,"date":"2025-07-18T17:14:40","date_gmt":"2025-07-18T09:14:40","guid":{"rendered":"https:\/\/ulpmat.com\/product\/alliage-daluminium-et-de-magnesium-2\/"},"modified":"2025-07-18T17:14:40","modified_gmt":"2025-07-18T09:14:40","slug":"alliage-daluminium-et-de-magnesium-2","status":"publish","type":"product","link":"https:\/\/ulpmat.com\/fr\/produit\/alliage-daluminium-et-de-magnesium-2\/","title":{"rendered":"Alliage d&rsquo;aluminium et de magn\u00e9sium"},"content":{"rendered":"<h2><span style=\"font-size: 14pt;\">Alliage d&rsquo;aluminium et de magn\u00e9sium Aper\u00e7u<\/span><\/h2>\n<p><strong><span style=\"color: #3366ff;\"><a style=\"color: #3366ff;\" href=\"https:\/\/ulpmat.com\/fr\/recherche\/?type=element&#038;keyword=Al%2CMg\">La poudre d&rsquo;alliage d&rsquo;aluminium et de magn\u00e9sium<\/a><\/span><\/strong> la poudre d&rsquo;alliage d&rsquo;aluminium et de magn\u00e9sium est un mat\u00e9riau de haute performance con\u00e7u pour des applications qui n\u00e9cessitent des propri\u00e9t\u00e9s m\u00e9caniques am\u00e9lior\u00e9es, une r\u00e9sistance \u00e0 la corrosion et un rapport r\u00e9sistance\/poids \u00e9lev\u00e9. Nous proposons des compositions et des tailles personnalisables pour r\u00e9pondre \u00e0 des besoins sp\u00e9cifiques, ainsi qu&rsquo;un service apr\u00e8s-vente complet. N&rsquo;h\u00e9sitez pas \u00e0 nous contacter si vous avez des questions concernant son utilisation.<\/p>\n<p>Notre poudre d&rsquo;aluminium et de magn\u00e9sium est produite \u00e0 l&rsquo;aide de techniques d&rsquo;atomisation avanc\u00e9es afin de garantir l&rsquo;uniformit\u00e9 de la taille, de la puret\u00e9 et de la consistance des particules. Disponible dans diverses compositions standard, telles que Al-3wt%Mg, Al-5wt%Mg et Al-10wt%Mg, cette poudre peut \u00eatre personnalis\u00e9e pour r\u00e9pondre aux exigences sp\u00e9cifiques de diff\u00e9rentes applications industrielles.<\/p>\n<h2><span style=\"font-size: 14pt;\">Points forts du produit<\/span><\/h2>\n<p>Puret\u00e9 : \u226599,9<br \/>\nRapports Al\/Mg standard et personnalis\u00e9s (par exemple, 3 %, 5 %, 10 %)<br \/>\nR\u00e9sistance accrue \u00e0 la corrosion<br \/>\nPropri\u00e9t\u00e9s m\u00e9caniques am\u00e9lior\u00e9es<br \/>\nId\u00e9al pour la m\u00e9tallurgie des poudres, la fabrication additive et les applications de rev\u00eatement<br \/>\nPoudre fine avec une taille de particule uniforme pour une excellente aptitude au traitement<\/p>\n<h2><span style=\"font-size: 14pt;\">Applications de la poudre d&rsquo;AlMg<\/span><\/h2>\n<p>M\u00e9tallurgie des poudres : Utilis\u00e9e pour cr\u00e9er des composants l\u00e9gers et tr\u00e8s r\u00e9sistants dans l&rsquo;automobile, l&rsquo;a\u00e9rospatiale et d&rsquo;autres industries.<br \/>\nFabrication additive : Convient aux proc\u00e9d\u00e9s d&rsquo;impression 3D tels que le frittage laser et la fusion sur lit de poudre m\u00e9tallique.<br \/>\nRev\u00eatements et pulv\u00e9risation thermique : Id\u00e9al pour cr\u00e9er des rev\u00eatements durables pr\u00e9sentant une r\u00e9sistance \u00e9lev\u00e9e \u00e0 la corrosion et \u00e0 l&rsquo;usure.<br \/>\nAlliages de brasage : Sert de mat\u00e9riau de base pour les m\u00e9taux d&rsquo;apport pour le brasage de l&rsquo;aluminium, am\u00e9liorant la solidit\u00e9 des joints et la r\u00e9sistance \u00e0 la chaleur.<br \/>\nEmballage \u00e9lectronique : Utilis\u00e9 dans les dissipateurs de chaleur, les composants de gestion thermique et les emballages \u00e9lectroniques.<br \/>\nAlliages l\u00e9gers : Utilis\u00e9s pour cr\u00e9er des alliages d&rsquo;aluminium et de magn\u00e9sium pour diverses applications structurelles et fonctionnelles.<\/p>\n<h2><span style=\"font-size: 14pt;\">Rapports<\/span><\/h2>\n<p>Certificat d&rsquo;analyse (COA)<br \/>\nFiche de donn\u00e9es de s\u00e9curit\u00e9 (MSDS)<br \/>\nDocumentation de conformit\u00e9 RoHS (sur demande)<br \/>\nSupport d&rsquo;essais par des tiers disponible sur demande<\/p>\n<h2><span style=\"font-size: 14pt;\">Pourquoi nous choisir ?<\/span><\/h2>\n<p>Poudres AlMg de haute puret\u00e9 : Elles sont fabriqu\u00e9es \u00e0 partir d&rsquo;aluminium et de magn\u00e9sium purs \u00e0 \u226599,9 %.<br \/>\nFormulations personnalis\u00e9es : Nous proposons une gamme de rapports Al\/Mg pour r\u00e9pondre aux exigences d&rsquo;applications sp\u00e9cifiques.<br \/>\nFabrication avanc\u00e9e : Nous utilisons des techniques d&rsquo;atomisation de pointe pour produire des poudres de haute qualit\u00e9 aux propri\u00e9t\u00e9s constantes.<br \/>\nExpertise technique : Nos ing\u00e9nieurs offrent des conseils d&rsquo;experts sur la s\u00e9lection des mat\u00e9riaux, l&rsquo;optimisation des processus et le soutien aux applications.<br \/>\nService global : Nous fournissons des r\u00e9ponses rapides, une logistique fiable et une assistance compl\u00e8te en mati\u00e8re de documentation d&rsquo;exportation.<\/p>\n","protected":false},"excerpt":{"rendered":"<p>Alliage d&rsquo;aluminium et de magn\u00e9sium Aper\u00e7u La poudre d&rsquo;alliage d&rsquo;aluminium et de magn\u00e9sium la poudre d&rsquo;alliage d&rsquo;aluminium et de magn\u00e9sium est un mat\u00e9riau de haute performance con\u00e7u pour des applications qui n\u00e9cessitent des propri\u00e9t\u00e9s m\u00e9caniques am\u00e9lior\u00e9es, une r\u00e9sistance \u00e0 la corrosion et un rapport r\u00e9sistance\/poids \u00e9lev\u00e9. Nous proposons des compositions et des tailles personnalisables pour [&hellip;]<\/p>\n","protected":false},"featured_media":6608,"template":"","meta":{"_acf_changed":false},"product_brand":[132],"product_cat":[276],"product_tag":[1142],"class_list":{"0":"post-12721","1":"product","2":"type-product","3":"status-publish","4":"has-post-thumbnail","6":"product_brand-ulpmat","7":"product_cat-metaux-purs-et-alliages","8":"product_tag-alliage-daluminium","10":"first","11":"instock","12":"shipping-taxable","13":"product-type-variable"},"acf":[],"_links":{"self":[{"href":"https:\/\/ulpmat.com\/fr\/wp-json\/wp\/v2\/product\/12721","targetHints":{"allow":["GET"]}}],"collection":[{"href":"https:\/\/ulpmat.com\/fr\/wp-json\/wp\/v2\/product"}],"about":[{"href":"https:\/\/ulpmat.com\/fr\/wp-json\/wp\/v2\/types\/product"}],"wp:featuredmedia":[{"embeddable":true,"href":"https:\/\/ulpmat.com\/fr\/wp-json\/wp\/v2\/media\/6608"}],"wp:attachment":[{"href":"https:\/\/ulpmat.com\/fr\/wp-json\/wp\/v2\/media?parent=12721"}],"wp:term":[{"taxonomy":"product_brand","embeddable":true,"href":"https:\/\/ulpmat.com\/fr\/wp-json\/wp\/v2\/product_brand?post=12721"},{"taxonomy":"product_cat","embeddable":true,"href":"https:\/\/ulpmat.com\/fr\/wp-json\/wp\/v2\/product_cat?post=12721"},{"taxonomy":"product_tag","embeddable":true,"href":"https:\/\/ulpmat.com\/fr\/wp-json\/wp\/v2\/product_tag?post=12721"}],"curies":[{"name":"wp","href":"https:\/\/api.w.org\/{rel}","templated":true}]}}