{"id":12712,"date":"2025-07-18T17:14:40","date_gmt":"2025-07-18T09:14:40","guid":{"rendered":"https:\/\/ulpmat.com\/product\/alliage-daluminium-et-de-magnesium\/"},"modified":"2025-07-18T17:14:40","modified_gmt":"2025-07-18T09:14:40","slug":"alliage-daluminium-et-de-magnesium","status":"publish","type":"product","link":"https:\/\/ulpmat.com\/fr\/produit\/alliage-daluminium-et-de-magnesium\/","title":{"rendered":"Alliage d&rsquo;aluminium et de magn\u00e9sium"},"content":{"rendered":"<h2><span style=\"font-size: 14pt;\">Alliage d&rsquo;aluminium et de magn\u00e9sium Aper\u00e7u<\/span><\/h2>\n<p><strong><span style=\"color: #3366ff;\"><a style=\"color: #3366ff;\" href=\"https:\/\/ulpmat.com\/fr\/recherche\/?type=element&#038;keyword=almg\">Les cibles de pulv\u00e9risation de l&rsquo;alliage d&rsquo;aluminium-magn\u00e9sium<\/a><\/span><\/strong> Les cibles de pulv\u00e9risation en alliage d&rsquo;aluminium-magn\u00e9sium sont des mat\u00e9riaux de haute performance sp\u00e9cialement con\u00e7us pour les applications de d\u00e9p\u00f4t de couches minces dans des secteurs tels que l&rsquo;\u00e9lectronique, l&rsquo;automobile, l&rsquo;a\u00e9rospatiale et l&rsquo;\u00e9nergie. En combinant les propri\u00e9t\u00e9s de l\u00e9g\u00e8ret\u00e9 et de conductivit\u00e9 de l&rsquo;aluminium avec les caract\u00e9ristiques de r\u00e9sistance du magn\u00e9sium, les cibles de pulv\u00e9risation AlMg sont id\u00e9ales pour les applications n\u00e9cessitant une r\u00e9sistance m\u00e9canique \u00e9lev\u00e9e, une r\u00e9sistance \u00e0 la corrosion et une excellente conductivit\u00e9 thermique et \u00e9lectrique.<\/p>\n<p>Nous proposons des compositions et des tailles personnalisables pour r\u00e9pondre \u00e0 des besoins sp\u00e9cifiques, ainsi qu&rsquo;un service apr\u00e8s-vente complet <span style=\"color: #3366ff;\"><a style=\"color: #3366ff;\" href=\"https:\/\/ulpmat.com\/fr\/contactez-nous\/\">n&rsquo;h\u00e9sitez pas \u00e0 nous contacter<\/a><\/span> n&rsquo;h\u00e9sitez pas \u00e0 nous contacter si vous avez des questions concernant son utilisation.<\/p>\n<h2><span style=\"font-size: 14pt;\">Points forts du produit<\/span><\/h2>\n<p>Puret\u00e9 : \u226599,9<br \/>\nRapports Al\/Mg personnalisables (par exemple, 3 %, 5 %, 10 %)<br \/>\nExcellente conductivit\u00e9 thermique et \u00e9lectrique<br \/>\nHaute densit\u00e9 pour des taux de pulv\u00e9risation constants<br \/>\nId\u00e9al pour les semi-conducteurs, les rev\u00eatements optiques et les applications d&rsquo;alliage<br \/>\nFaibles niveaux d&rsquo;impuret\u00e9s pour des couches minces de haute qualit\u00e9<\/p>\n<h2><span style=\"font-size: 14pt;\">Applications des cibles de pulv\u00e9risation d&rsquo;AlMg<\/span><\/h2>\n<p>Semi-conducteurs : Utilis\u00e9es pour le d\u00e9p\u00f4t de couches conductrices ou r\u00e9fl\u00e9chissantes dans les composants \u00e9lectroniques.<br \/>\nRev\u00eatements optiques : Appliqu\u00e9s dans la fabrication de rev\u00eatements r\u00e9fl\u00e9chissants pour les miroirs, les lentilles et les filtres optiques.<br \/>\nM\u00e9tallisation : Id\u00e9al pour le d\u00e9p\u00f4t de films m\u00e9talliques minces sur divers substrats, en particulier pour les alliages \u00e0 base d&rsquo;aluminium.<br \/>\nAlliage : Utilis\u00e9 dans la production d&rsquo;alliages d&rsquo;aluminium et de magn\u00e9sium, il am\u00e9liore les propri\u00e9t\u00e9s m\u00e9caniques et la r\u00e9sistance \u00e0 la corrosion.<br \/>\nCellules solaires : Peut \u00eatre utilis\u00e9 dans la technologie des couches minces photovolta\u00efques pour am\u00e9liorer l&rsquo;efficacit\u00e9 \u00e9nerg\u00e9tique.<br \/>\nAutomobile et a\u00e9rospatiale : Pour des rev\u00eatements l\u00e9gers et tr\u00e8s r\u00e9sistants, offrant une excellente r\u00e9sistance \u00e0 l&rsquo;usure et \u00e0 la corrosion.<\/p>\n<h2><span style=\"font-size: 14pt;\">Rapports<\/span><\/h2>\n<p>Certificat d&rsquo;analyse (COA)<br \/>\nFiche de donn\u00e9es de s\u00e9curit\u00e9 (FDS)<br \/>\nDocumentation de conformit\u00e9 RoHS (sur demande)<br \/>\nSupport d&rsquo;essais par des tiers disponible sur demande<\/p>\n","protected":false},"excerpt":{"rendered":"<p>Alliage d&rsquo;aluminium et de magn\u00e9sium Aper\u00e7u Les cibles de pulv\u00e9risation de l&rsquo;alliage d&rsquo;aluminium-magn\u00e9sium Les cibles de pulv\u00e9risation en alliage d&rsquo;aluminium-magn\u00e9sium sont des mat\u00e9riaux de haute performance sp\u00e9cialement con\u00e7us pour les applications de d\u00e9p\u00f4t de couches minces dans des secteurs tels que l&rsquo;\u00e9lectronique, l&rsquo;automobile, l&rsquo;a\u00e9rospatiale et l&rsquo;\u00e9nergie. En combinant les propri\u00e9t\u00e9s de l\u00e9g\u00e8ret\u00e9 et de conductivit\u00e9 [&hellip;]<\/p>\n","protected":false},"featured_media":6674,"template":"","meta":{"_acf_changed":false},"product_brand":[132],"product_cat":[560],"product_tag":[1142],"class_list":{"0":"post-12712","1":"product","2":"type-product","3":"status-publish","4":"has-post-thumbnail","6":"product_brand-ulpmat","7":"product_cat-cible-de-pulverisation-dalliage","8":"product_tag-alliage-daluminium","10":"first","11":"instock","12":"shipping-taxable","13":"product-type-variable"},"acf":[],"_links":{"self":[{"href":"https:\/\/ulpmat.com\/fr\/wp-json\/wp\/v2\/product\/12712","targetHints":{"allow":["GET"]}}],"collection":[{"href":"https:\/\/ulpmat.com\/fr\/wp-json\/wp\/v2\/product"}],"about":[{"href":"https:\/\/ulpmat.com\/fr\/wp-json\/wp\/v2\/types\/product"}],"wp:featuredmedia":[{"embeddable":true,"href":"https:\/\/ulpmat.com\/fr\/wp-json\/wp\/v2\/media\/6674"}],"wp:attachment":[{"href":"https:\/\/ulpmat.com\/fr\/wp-json\/wp\/v2\/media?parent=12712"}],"wp:term":[{"taxonomy":"product_brand","embeddable":true,"href":"https:\/\/ulpmat.com\/fr\/wp-json\/wp\/v2\/product_brand?post=12712"},{"taxonomy":"product_cat","embeddable":true,"href":"https:\/\/ulpmat.com\/fr\/wp-json\/wp\/v2\/product_cat?post=12712"},{"taxonomy":"product_tag","embeddable":true,"href":"https:\/\/ulpmat.com\/fr\/wp-json\/wp\/v2\/product_tag?post=12712"}],"curies":[{"name":"wp","href":"https:\/\/api.w.org\/{rel}","templated":true}]}}