{"id":12706,"date":"2025-07-18T17:14:40","date_gmt":"2025-07-18T09:14:40","guid":{"rendered":"https:\/\/ulpmat.com\/product\/alliage-daluminium-et-de-molybdene\/"},"modified":"2025-07-18T17:14:40","modified_gmt":"2025-07-18T09:14:40","slug":"alliage-daluminium-et-de-molybdene","status":"publish","type":"product","link":"https:\/\/ulpmat.com\/fr\/produit\/alliage-daluminium-et-de-molybdene\/","title":{"rendered":"Alliage d&rsquo;aluminium et de molybd\u00e8ne"},"content":{"rendered":"<h2><span style=\"font-size: 14pt;\">Aper\u00e7u de l&rsquo;alliage d&rsquo;aluminium et de molybd\u00e8ne<\/span><\/h2>\n<p><strong><span style=\"color: #3366ff;\"><a style=\"color: #3366ff;\" href=\"https:\/\/ulpmat.com\/fr\/recherche\/?type=element&#038;keyword=almo\">Les cibles de pulv\u00e9risation de l&rsquo;alliage d&rsquo;aluminium-molybd\u00e8ne<\/a><\/span><\/strong> Les cibles de pulv\u00e9risation en alliage d&rsquo;aluminium-molybd\u00e8ne sont des mat\u00e9riaux de haute performance con\u00e7us pour le d\u00e9p\u00f4t de couches minces dans les industries exigeant une grande puret\u00e9, une excellente conductivit\u00e9 \u00e9lectrique et thermique et des propri\u00e9t\u00e9s m\u00e9caniques sup\u00e9rieures. La combinaison de la l\u00e9g\u00e8ret\u00e9 de l&rsquo;aluminium et de la r\u00e9sistance et du point de fusion \u00e9lev\u00e9 du molybd\u00e8ne fait des cibles de pulv\u00e9risation d&rsquo;AlMo des mat\u00e9riaux id\u00e9aux pour les applications exigeantes dans les domaines de l&rsquo;\u00e9lectronique, de l&rsquo;a\u00e9rospatiale et de l&rsquo;\u00e9nergie.<\/p>\n<p>Nous proposons des compositions et des tailles personnalisables pour r\u00e9pondre \u00e0 des besoins sp\u00e9cifiques, ainsi qu&rsquo;un service apr\u00e8s-vente complet <span style=\"color: #3366ff;\"><a style=\"color: #3366ff;\" href=\"https:\/\/ulpmat.com\/fr\/contactez-nous\/\">n&rsquo;h\u00e9sitez pas \u00e0 nous contacter<\/a><\/span> n&rsquo;h\u00e9sitez pas \u00e0 nous contacter si vous avez des questions concernant son utilisation.<\/p>\n<h2><span style=\"font-size: 14pt;\">Points forts du produit<\/span><\/h2>\n<p>Puret\u00e9 : \u226599,9<br \/>\nDisponible dans des rapports Al\/Mo standard et personnalis\u00e9s (par exemple, 1 %, 5 %, 10 %)<br \/>\nPoint de fusion \u00e9lev\u00e9 et excellente r\u00e9sistance m\u00e9canique<br \/>\nConductivit\u00e9 \u00e9lectrique et thermique sup\u00e9rieure<br \/>\nTaux de pulv\u00e9risation stables et mat\u00e9riau cible de haute densit\u00e9<br \/>\nFaibles niveaux d&rsquo;impuret\u00e9s pour des couches minces de haute qualit\u00e9<\/p>\n<h2><span style=\"font-size: 14pt;\">Applications des cibles de pulv\u00e9risation d&rsquo;AlMo<\/span><\/h2>\n<p>Semi-conducteurs : Utilis\u00e9es pour cr\u00e9er des films conducteurs et des interconnexions dans les composants \u00e9lectroniques, elles fournissent des rev\u00eatements de haute qualit\u00e9 pour les dispositifs \u00e0 semi-conducteurs.<br \/>\nRev\u00eatements de protection : Id\u00e9al pour produire des rev\u00eatements durables et r\u00e9sistants \u00e0 l&rsquo;usure pour les composants soumis \u00e0 des environnements difficiles, tels que les pi\u00e8ces pour l&rsquo;a\u00e9rospatiale et l&rsquo;automobile.<br \/>\nRev\u00eatements optiques : Appliqu\u00e9s dans le d\u00e9p\u00f4t de rev\u00eatements pour les filtres optiques, les miroirs et les lentilles, garantissant durabilit\u00e9 et performance.<br \/>\nApplications \u00e0 haute temp\u00e9rature : Utilis\u00e9es dans les alliages et les mat\u00e9riaux composites \u00e0 haute performance qui doivent fonctionner dans des conditions de temp\u00e9rature \u00e9lev\u00e9e, y compris dans les applications a\u00e9rospatiales et \u00e9nerg\u00e9tiques.<br \/>\nBatteries \u00e0 couche mince : Les cibles de pulv\u00e9risation d&rsquo;AlMo sont utilis\u00e9es dans la production de couches minces pour les dispositifs de stockage d&rsquo;\u00e9nergie, tels que les batteries et les supercondensateurs.<\/p>\n<h2><span style=\"font-size: 14pt;\">Rapports<\/span><\/h2>\n<p>Certificat d&rsquo;analyse (COA)<br \/>\nFiche de donn\u00e9es de s\u00e9curit\u00e9 (MSDS)<br \/>\nDocumentation de conformit\u00e9 RoHS (sur demande)<br \/>\nSupport d&rsquo;essais par des tiers disponible sur demande<\/p>\n","protected":false},"excerpt":{"rendered":"<p>Aper\u00e7u de l&rsquo;alliage d&rsquo;aluminium et de molybd\u00e8ne Les cibles de pulv\u00e9risation de l&rsquo;alliage d&rsquo;aluminium-molybd\u00e8ne Les cibles de pulv\u00e9risation en alliage d&rsquo;aluminium-molybd\u00e8ne sont des mat\u00e9riaux de haute performance con\u00e7us pour le d\u00e9p\u00f4t de couches minces dans les industries exigeant une grande puret\u00e9, une excellente conductivit\u00e9 \u00e9lectrique et thermique et des propri\u00e9t\u00e9s m\u00e9caniques sup\u00e9rieures. La combinaison de [&hellip;]<\/p>\n","protected":false},"featured_media":6668,"template":"","meta":{"_acf_changed":false},"product_brand":[132],"product_cat":[560],"product_tag":[1142],"class_list":{"0":"post-12706","1":"product","2":"type-product","3":"status-publish","4":"has-post-thumbnail","6":"product_brand-ulpmat","7":"product_cat-cible-de-pulverisation-dalliage","8":"product_tag-alliage-daluminium","10":"first","11":"instock","12":"shipping-taxable","13":"product-type-variable"},"acf":[],"_links":{"self":[{"href":"https:\/\/ulpmat.com\/fr\/wp-json\/wp\/v2\/product\/12706","targetHints":{"allow":["GET"]}}],"collection":[{"href":"https:\/\/ulpmat.com\/fr\/wp-json\/wp\/v2\/product"}],"about":[{"href":"https:\/\/ulpmat.com\/fr\/wp-json\/wp\/v2\/types\/product"}],"wp:featuredmedia":[{"embeddable":true,"href":"https:\/\/ulpmat.com\/fr\/wp-json\/wp\/v2\/media\/6668"}],"wp:attachment":[{"href":"https:\/\/ulpmat.com\/fr\/wp-json\/wp\/v2\/media?parent=12706"}],"wp:term":[{"taxonomy":"product_brand","embeddable":true,"href":"https:\/\/ulpmat.com\/fr\/wp-json\/wp\/v2\/product_brand?post=12706"},{"taxonomy":"product_cat","embeddable":true,"href":"https:\/\/ulpmat.com\/fr\/wp-json\/wp\/v2\/product_cat?post=12706"},{"taxonomy":"product_tag","embeddable":true,"href":"https:\/\/ulpmat.com\/fr\/wp-json\/wp\/v2\/product_tag?post=12706"}],"curies":[{"name":"wp","href":"https:\/\/api.w.org\/{rel}","templated":true}]}}