{"id":12697,"date":"2025-07-18T17:14:40","date_gmt":"2025-07-18T09:14:40","guid":{"rendered":"https:\/\/ulpmat.com\/product\/alliage-daluminium-et-de-neodyme-2\/"},"modified":"2025-07-18T17:14:40","modified_gmt":"2025-07-18T09:14:40","slug":"alliage-daluminium-et-de-neodyme-2","status":"publish","type":"product","link":"https:\/\/ulpmat.com\/fr\/produit\/alliage-daluminium-et-de-neodyme-2\/","title":{"rendered":"Alliage d&rsquo;aluminium et de n\u00e9odyme"},"content":{"rendered":"<h2><span style=\"font-size: 14pt;\">Alliage d&rsquo;aluminium et de n\u00e9odyme Aper\u00e7u<\/span><\/h2>\n<p><strong><span style=\"color: #3366ff;\"><a style=\"color: #3366ff;\" href=\"https:\/\/ulpmat.com\/fr\/recherche\/?type=element&#038;keyword=alnd\">Les granul\u00e9s d&rsquo;alliage d&rsquo;aluminium<\/a><\/span><\/strong> Sont des mat\u00e9riaux avanc\u00e9s con\u00e7us pour des applications n\u00e9cessitant des propri\u00e9t\u00e9s magn\u00e9tiques, thermiques et m\u00e9caniques am\u00e9lior\u00e9es. En combinant l&rsquo;aluminium l\u00e9ger avec les caract\u00e9ristiques magn\u00e9tiques uniques du n\u00e9odyme et sa r\u00e9sistance \u00e0 l&rsquo;oxydation, les granul\u00e9s AlNd sont id\u00e9aux pour les alliages, la m\u00e9tallurgie des poudres, la fabrication additive et la fabrication de mat\u00e9riaux magn\u00e9tiques. Nous proposons des compositions et des tailles personnalisables pour r\u00e9pondre \u00e0 des besoins sp\u00e9cifiques, ainsi qu&rsquo;un service apr\u00e8s-vente complet. N&rsquo;h\u00e9sitez pas \u00e0 nous contacter si vous avez des questions.<\/p>\n<p>Nos granul\u00e9s d&rsquo;AlNd sont produits \u00e0 partir de mati\u00e8res premi\u00e8res de haute puret\u00e9 avec des processus de granulation pr\u00e9cis afin de garantir une taille, une composition et des performances constantes. Les compositions standard comprennent Al-1wt%Nd, Al-3wt%Nd, et Al-5wt%Nd, avec des ratios personnalis\u00e9s disponibles pour r\u00e9pondre aux exigences sp\u00e9cifiques des clients.<\/p>\n<h2><span style=\"font-size: 14pt;\">Points forts du produit<\/span><\/h2>\n<p>Puret\u00e9 : \u226599,9<br \/>\nRapports Al\/Nd standard et personnalis\u00e9s (par exemple, 1 %, 3 %, 5 %)<br \/>\nExcellente conductivit\u00e9 thermique et \u00e9lectrique<br \/>\nTaille uniforme des particules et forte densit\u00e9 d&#8217;empilement<br \/>\nPropri\u00e9t\u00e9s magn\u00e9tiques et r\u00e9sistance \u00e0 l&rsquo;oxydation am\u00e9lior\u00e9es<br \/>\nId\u00e9al pour les alliages, la m\u00e9tallurgie des poudres et la fabrication additive<br \/>\nBonnes propri\u00e9t\u00e9s m\u00e9caniques pour des applications l\u00e9g\u00e8res et performantes<\/p>\n<h2><span style=\"font-size: 14pt;\">Applications des granul\u00e9s d&rsquo;AlNd<\/span><\/h2>\n<p>Alliage : Am\u00e9lioration des propri\u00e9t\u00e9s magn\u00e9tiques et de r\u00e9sistance \u00e0 la corrosion des alliages d&rsquo;aluminium<br \/>\nM\u00e9tallurgie des poudres : Utilis\u00e9e pour produire des composants magn\u00e9tiques et l\u00e9gers \u00e0 haute performance<br \/>\nFabrication additive : Compatible avec les technologies de frittage laser et d&rsquo;impression 3D<br \/>\nMat\u00e9riaux magn\u00e9tiques : Mati\u00e8re premi\u00e8re pour les films minces magn\u00e9tiques et les composants en vrac<br \/>\nA\u00e9rospatiale et \u00e9lectronique : Convient \u00e0 la fabrication de pi\u00e8ces l\u00e9g\u00e8res et tr\u00e8s r\u00e9sistantes dot\u00e9es de fonctions magn\u00e9tiques<\/p>\n<h2><span style=\"font-size: 14pt;\">Rapports<\/span><\/h2>\n<p>Certificat d&rsquo;analyse (COA)<br \/>\nFiche de donn\u00e9es de s\u00e9curit\u00e9 (FDS)<br \/>\nSupport d&rsquo;essais par des tiers disponible sur demande<\/p>\n","protected":false},"excerpt":{"rendered":"<p>Alliage d&rsquo;aluminium et de n\u00e9odyme Aper\u00e7u Les granul\u00e9s d&rsquo;alliage d&rsquo;aluminium Sont des mat\u00e9riaux avanc\u00e9s con\u00e7us pour des applications n\u00e9cessitant des propri\u00e9t\u00e9s magn\u00e9tiques, thermiques et m\u00e9caniques am\u00e9lior\u00e9es. En combinant l&rsquo;aluminium l\u00e9ger avec les caract\u00e9ristiques magn\u00e9tiques uniques du n\u00e9odyme et sa r\u00e9sistance \u00e0 l&rsquo;oxydation, les granul\u00e9s AlNd sont id\u00e9aux pour les alliages, la m\u00e9tallurgie des poudres, la [&hellip;]<\/p>\n","protected":false},"featured_media":6656,"template":"","meta":{"_acf_changed":false},"product_brand":[132],"product_cat":[296],"product_tag":[1142],"class_list":{"0":"post-12697","1":"product","2":"type-product","3":"status-publish","4":"has-post-thumbnail","6":"product_brand-ulpmat","7":"product_cat-materiaux-devaporation","8":"product_tag-alliage-daluminium","10":"first","11":"instock","12":"shipping-taxable","13":"product-type-variable"},"acf":[],"_links":{"self":[{"href":"https:\/\/ulpmat.com\/fr\/wp-json\/wp\/v2\/product\/12697","targetHints":{"allow":["GET"]}}],"collection":[{"href":"https:\/\/ulpmat.com\/fr\/wp-json\/wp\/v2\/product"}],"about":[{"href":"https:\/\/ulpmat.com\/fr\/wp-json\/wp\/v2\/types\/product"}],"wp:featuredmedia":[{"embeddable":true,"href":"https:\/\/ulpmat.com\/fr\/wp-json\/wp\/v2\/media\/6656"}],"wp:attachment":[{"href":"https:\/\/ulpmat.com\/fr\/wp-json\/wp\/v2\/media?parent=12697"}],"wp:term":[{"taxonomy":"product_brand","embeddable":true,"href":"https:\/\/ulpmat.com\/fr\/wp-json\/wp\/v2\/product_brand?post=12697"},{"taxonomy":"product_cat","embeddable":true,"href":"https:\/\/ulpmat.com\/fr\/wp-json\/wp\/v2\/product_cat?post=12697"},{"taxonomy":"product_tag","embeddable":true,"href":"https:\/\/ulpmat.com\/fr\/wp-json\/wp\/v2\/product_tag?post=12697"}],"curies":[{"name":"wp","href":"https:\/\/api.w.org\/{rel}","templated":true}]}}