{"id":12682,"date":"2025-07-18T17:14:41","date_gmt":"2025-07-18T09:14:41","guid":{"rendered":"https:\/\/ulpmat.com\/product\/alliage-daluminium-et-de-nickel\/"},"modified":"2025-07-18T17:14:41","modified_gmt":"2025-07-18T09:14:41","slug":"alliage-daluminium-et-de-nickel","status":"publish","type":"product","link":"https:\/\/ulpmat.com\/fr\/produit\/alliage-daluminium-et-de-nickel\/","title":{"rendered":"Alliage d&rsquo;aluminium et de nickel"},"content":{"rendered":"<h2><span style=\"font-size: 14pt;\">Alliage d&rsquo;aluminium et de nickel Aper\u00e7u<\/span><\/h2>\n<p><strong><span style=\"color: #3366ff;\"><a style=\"color: #3366ff;\" href=\"https:\/\/ulpmat.com\/fr\/recherche\/?type=element&#038;keyword=Al%2CNi\">Alliage d&rsquo;aluminium et de nickel<\/a> <\/span><\/strong>Les cibles de pulv\u00e9risation sont des mat\u00e9riaux de premi\u00e8re qualit\u00e9 con\u00e7us pour des applications n\u00e9cessitant une excellente r\u00e9sistance \u00e0 la corrosion, une grande stabilit\u00e9 thermique et une r\u00e9sistance m\u00e9canique sup\u00e9rieure. Nous proposons des compositions et des tailles personnalisables pour r\u00e9pondre \u00e0 des besoins sp\u00e9cifiques, ainsi qu&rsquo;un service apr\u00e8s-vente complet. N&rsquo;h\u00e9sitez pas \u00e0 nous contacter si vous avez des questions.<\/p>\n<p>Fabriqu\u00e9es \u00e0 partir de mati\u00e8res premi\u00e8res de haute puret\u00e9 gr\u00e2ce \u00e0 une technologie de fusion et de moulage avanc\u00e9e, nos cibles en AlNi se caract\u00e9risent par une composition uniforme, une microstructure dense et d&rsquo;excellentes performances de pulv\u00e9risation. Disponibles dans des compositions standard telles que Al-5wt%Ni, Al-10wt%Ni et Al-20wt%Ni, nous proposons \u00e9galement des formulations personnalis\u00e9es pour r\u00e9pondre aux besoins sp\u00e9cifiques de vos applications.<\/p>\n<h2><span style=\"font-size: 14pt;\">Points forts du produit<\/span><\/h2>\n<p>Puret\u00e9 : \u226599,9<br \/>\nRapports Al\/Ni standard et personnalis\u00e9s (par exemple, 5 %, 10 %, 20 %)<br \/>\nExcellente r\u00e9sistance \u00e0 la corrosion et \u00e0 l&rsquo;oxydation<br \/>\nStabilit\u00e9 thermique et m\u00e9canique \u00e9lev\u00e9e<br \/>\nMicrostructure uniforme et haute densit\u00e9<br \/>\nAdh\u00e9sion sup\u00e9rieure et uniformit\u00e9 du film<br \/>\nCompatible avec les syst\u00e8mes de pulv\u00e9risation DC et RF<\/p>\n<h2><span style=\"font-size: 14pt;\">Applications des cibles de pulv\u00e9risation d&rsquo;alliages d&rsquo;aluminium et de nickel<\/span><\/h2>\n<p>Rev\u00eatements protecteurs : Couches minces r\u00e9sistantes \u00e0 la corrosion et \u00e0 l&rsquo;usure<br \/>\n\u00c9lectronique : Composants en micro\u00e9lectronique et couches conductrices<br \/>\nA\u00e9rospatiale : Rev\u00eatements barri\u00e8res thermiques et films structurels l\u00e9gers<br \/>\nRev\u00eatements optiques : Couches minces uniformes et \u00e0 forte adh\u00e9rence pour l&rsquo;optique<br \/>\n\u00c9nergie : Rev\u00eatements pour piles \u00e0 combustible et composants de batteries<\/p>\n<h2><span style=\"font-size: 14pt;\">Rapports<\/span><\/h2>\n<p>Certificat d&rsquo;analyse (COA)<br \/>\nFiche de donn\u00e9es de s\u00e9curit\u00e9 (MSDS)<br \/>\nEssais par des tiers disponibles sur demande<\/p>\n<h2><span style=\"font-size: 14pt;\">Pourquoi nous choisir ?<\/span><\/h2>\n<p>Haute puret\u00e9 : mati\u00e8res premi\u00e8res d&rsquo;aluminium et de nickel pures \u00e0 \u226599,9%<br \/>\nCompositions personnalisables : Rapports Al\/Ni adapt\u00e9s \u00e0 vos besoins<br \/>\nFabrication de pr\u00e9cision : Qualit\u00e9 constante et cibles denses<br \/>\nSupport technique : Conseils d&rsquo;experts sur l&rsquo;utilisation des cibles et l&rsquo;optimisation des processus<br \/>\nLogistique mondiale : Exp\u00e9dition rapide, service fiable et documentation compl\u00e8te pour l&rsquo;exportation<\/p>\n","protected":false},"excerpt":{"rendered":"<p>Alliage d&rsquo;aluminium et de nickel Aper\u00e7u Alliage d&rsquo;aluminium et de nickel Les cibles de pulv\u00e9risation sont des mat\u00e9riaux de premi\u00e8re qualit\u00e9 con\u00e7us pour des applications n\u00e9cessitant une excellente r\u00e9sistance \u00e0 la corrosion, une grande stabilit\u00e9 thermique et une r\u00e9sistance m\u00e9canique sup\u00e9rieure. Nous proposons des compositions et des tailles personnalisables pour r\u00e9pondre \u00e0 des besoins sp\u00e9cifiques, [&hellip;]<\/p>\n","protected":false},"featured_media":5390,"template":"","meta":{"_acf_changed":false},"product_brand":[132],"product_cat":[560],"product_tag":[1142],"class_list":{"0":"post-12682","1":"product","2":"type-product","3":"status-publish","4":"has-post-thumbnail","6":"product_brand-ulpmat","7":"product_cat-cible-de-pulverisation-dalliage","8":"product_tag-alliage-daluminium","10":"first","11":"instock","12":"shipping-taxable","13":"product-type-variable"},"acf":[],"_links":{"self":[{"href":"https:\/\/ulpmat.com\/fr\/wp-json\/wp\/v2\/product\/12682","targetHints":{"allow":["GET"]}}],"collection":[{"href":"https:\/\/ulpmat.com\/fr\/wp-json\/wp\/v2\/product"}],"about":[{"href":"https:\/\/ulpmat.com\/fr\/wp-json\/wp\/v2\/types\/product"}],"wp:featuredmedia":[{"embeddable":true,"href":"https:\/\/ulpmat.com\/fr\/wp-json\/wp\/v2\/media\/5390"}],"wp:attachment":[{"href":"https:\/\/ulpmat.com\/fr\/wp-json\/wp\/v2\/media?parent=12682"}],"wp:term":[{"taxonomy":"product_brand","embeddable":true,"href":"https:\/\/ulpmat.com\/fr\/wp-json\/wp\/v2\/product_brand?post=12682"},{"taxonomy":"product_cat","embeddable":true,"href":"https:\/\/ulpmat.com\/fr\/wp-json\/wp\/v2\/product_cat?post=12682"},{"taxonomy":"product_tag","embeddable":true,"href":"https:\/\/ulpmat.com\/fr\/wp-json\/wp\/v2\/product_tag?post=12682"}],"curies":[{"name":"wp","href":"https:\/\/api.w.org\/{rel}","templated":true}]}}