{"id":12676,"date":"2025-07-18T17:14:41","date_gmt":"2025-07-18T09:14:41","guid":{"rendered":"https:\/\/ulpmat.com\/product\/alliage-daluminium-et-de-scandium-2\/"},"modified":"2025-07-18T17:14:41","modified_gmt":"2025-07-18T09:14:41","slug":"alliage-daluminium-et-de-scandium-2","status":"publish","type":"product","link":"https:\/\/ulpmat.com\/fr\/produit\/alliage-daluminium-et-de-scandium-2\/","title":{"rendered":"Alliage d&rsquo;aluminium et de scandium"},"content":{"rendered":"<h2><span style=\"font-size: 14pt;\">Vue d&rsquo;ensemble de l&rsquo;alliage d&rsquo;aluminium et de scandium<\/span><\/h2>\n<p><strong><span style=\"color: #3366ff;\"><a style=\"color: #3366ff;\" href=\"https:\/\/ulpmat.com\/fr\/recherche\/?type=name&#038;keyword=alsc\">La poudre d&rsquo;alliage d&rsquo;aluminium<\/a><\/span><\/strong> Est une poudre d&rsquo;alliage de haute puret\u00e9 con\u00e7ue pour les applications de mat\u00e9riaux avanc\u00e9s n\u00e9cessitant une solidit\u00e9, une r\u00e9sistance \u00e0 la corrosion et une stabilit\u00e9 thermique accrues. Nous proposons des compositions et des tailles de particules personnalisables pour r\u00e9pondre \u00e0 des besoins sp\u00e9cifiques, ainsi qu&rsquo;un service apr\u00e8s-vente complet. N&rsquo;h\u00e9sitez pas \u00e0 nous contacter si vous avez des questions concernant son utilisation.<\/p>\n<p>Produite par des proc\u00e9d\u00e9s d&rsquo;atomisation et d&rsquo;alliage contr\u00f4l\u00e9s, notre poudre d&rsquo;AlSc pr\u00e9sente une distribution granulom\u00e9trique uniforme, une excellente fluidit\u00e9 et une composition chimique coh\u00e9rente. Les compositions standard comprennent Al-1wt%Sc, Al-2wt%Sc et Al-3wt%Sc. Des formulations personnalis\u00e9es sont disponibles pour r\u00e9pondre aux besoins sp\u00e9cifiques des clients.<\/p>\n<h2><span style=\"font-size: 14pt;\">Points forts du produit<\/span><\/h2>\n<p>Puret\u00e9 : \u226599,9<br \/>\nRapports Al\/Sc standard et personnalis\u00e9s (par exemple, 1 %, 2 %, 3 %)<br \/>\nMorphologie des particules uniforme, sph\u00e9rique ou irr\u00e9guli\u00e8re<br \/>\nExcellente fluidit\u00e9 et densit\u00e9 d&#8217;empaquetage<br \/>\nR\u00e9sistance m\u00e9canique et r\u00e9sistance \u00e0 la corrosion \u00e9lev\u00e9es<br \/>\nConvient \u00e0 la m\u00e9tallurgie des poudres et \u00e0 la fabrication additive<\/p>\n<h2><span style=\"font-size: 14pt;\">Applications de la poudre d&rsquo;alliage d&rsquo;aluminium et de scandium<\/span><\/h2>\n<p>M\u00e9tallurgie des poudres : Fabrication de composants l\u00e9gers en alliage \u00e0 haute r\u00e9sistance<br \/>\nFabrication additive : Mati\u00e8re premi\u00e8re pour l&rsquo;impression 3D de pi\u00e8ces pour l&rsquo;a\u00e9rospatiale et l&rsquo;automobile<br \/>\nIndustrie a\u00e9rospatiale : Production de pi\u00e8ces structurelles r\u00e9sistantes \u00e0 la corrosion<br \/>\nRecherche et d\u00e9veloppement : D\u00e9veloppement d&rsquo;alliages avanc\u00e9s et essais de mat\u00e9riaux<\/p>\n<h2><span style=\"font-size: 14pt;\">Rapports<\/span><\/h2>\n<p>Certificat d&rsquo;analyse (COA)<br \/>\nFiche de donn\u00e9es de s\u00e9curit\u00e9 (FDS)<br \/>\nEssais par des tiers disponibles sur demande<\/p>\n","protected":false},"excerpt":{"rendered":"<p>Vue d&rsquo;ensemble de l&rsquo;alliage d&rsquo;aluminium et de scandium La poudre d&rsquo;alliage d&rsquo;aluminium Est une poudre d&rsquo;alliage de haute puret\u00e9 con\u00e7ue pour les applications de mat\u00e9riaux avanc\u00e9s n\u00e9cessitant une solidit\u00e9, une r\u00e9sistance \u00e0 la corrosion et une stabilit\u00e9 thermique accrues. Nous proposons des compositions et des tailles de particules personnalisables pour r\u00e9pondre \u00e0 des besoins sp\u00e9cifiques, [&hellip;]<\/p>\n","protected":false},"featured_media":6680,"template":"","meta":{"_acf_changed":false},"product_brand":[132],"product_cat":[276],"product_tag":[1142],"class_list":{"0":"post-12676","1":"product","2":"type-product","3":"status-publish","4":"has-post-thumbnail","6":"product_brand-ulpmat","7":"product_cat-metaux-purs-et-alliages","8":"product_tag-alliage-daluminium","10":"first","11":"instock","12":"shipping-taxable","13":"product-type-variable"},"acf":[],"_links":{"self":[{"href":"https:\/\/ulpmat.com\/fr\/wp-json\/wp\/v2\/product\/12676","targetHints":{"allow":["GET"]}}],"collection":[{"href":"https:\/\/ulpmat.com\/fr\/wp-json\/wp\/v2\/product"}],"about":[{"href":"https:\/\/ulpmat.com\/fr\/wp-json\/wp\/v2\/types\/product"}],"wp:featuredmedia":[{"embeddable":true,"href":"https:\/\/ulpmat.com\/fr\/wp-json\/wp\/v2\/media\/6680"}],"wp:attachment":[{"href":"https:\/\/ulpmat.com\/fr\/wp-json\/wp\/v2\/media?parent=12676"}],"wp:term":[{"taxonomy":"product_brand","embeddable":true,"href":"https:\/\/ulpmat.com\/fr\/wp-json\/wp\/v2\/product_brand?post=12676"},{"taxonomy":"product_cat","embeddable":true,"href":"https:\/\/ulpmat.com\/fr\/wp-json\/wp\/v2\/product_cat?post=12676"},{"taxonomy":"product_tag","embeddable":true,"href":"https:\/\/ulpmat.com\/fr\/wp-json\/wp\/v2\/product_tag?post=12676"}],"curies":[{"name":"wp","href":"https:\/\/api.w.org\/{rel}","templated":true}]}}