{"id":12667,"date":"2025-07-18T17:14:42","date_gmt":"2025-07-18T09:14:42","guid":{"rendered":"https:\/\/ulpmat.com\/product\/alliage-daluminium-et-de-scandium\/"},"modified":"2025-07-18T17:14:42","modified_gmt":"2025-07-18T09:14:42","slug":"alliage-daluminium-et-de-scandium","status":"publish","type":"product","link":"https:\/\/ulpmat.com\/fr\/produit\/alliage-daluminium-et-de-scandium\/","title":{"rendered":"Alliage d&rsquo;aluminium et de scandium"},"content":{"rendered":"<h2><span style=\"font-size: 14pt;\">Vue d&rsquo;ensemble de l&rsquo;alliage d&rsquo;aluminium et de scandium<\/span><\/h2>\n<p><strong><span style=\"color: #3366ff;\"><a style=\"color: #3366ff;\" href=\"https:\/\/ulpmat.com\/fr\/recherche\/?type=name&#038;keyword=alsc\">Les cibles de pulv\u00e9risation en alliage d&rsquo;aluminium<\/a><\/span><\/strong> Les cibles de pulv\u00e9risation en alliage d&rsquo;aluminium et de scandium sont des mat\u00e9riaux de premi\u00e8re qualit\u00e9 con\u00e7us pour le d\u00e9p\u00f4t de couches minces de haute performance, offrant une r\u00e9sistance m\u00e9canique, une stabilit\u00e9 thermique et une r\u00e9sistance \u00e0 la corrosion accrues. Nous proposons des compositions et des tailles personnalisables pour r\u00e9pondre \u00e0 des besoins sp\u00e9cifiques, ainsi qu&rsquo;un service apr\u00e8s-vente complet. N&rsquo;h\u00e9sitez pas \u00e0 nous contacter si vous avez des questions.<\/p>\n<p>Fabriqu\u00e9es \u00e0 partir de mati\u00e8res premi\u00e8res de haute puret\u00e9 et de techniques m\u00e9tallurgiques pr\u00e9cises, nos cibles de pulv\u00e9risation d&rsquo;AlSc garantissent une composition uniforme, une microstructure dense et d&rsquo;excellentes performances de pulv\u00e9risation. Les compositions standard comprennent Al-1wt%Sc, Al-2wt%Sc, et Al-3wt%Sc, avec des ratios personnalis\u00e9s disponibles sur demande.<\/p>\n<h2><span style=\"font-size: 14pt;\">Points forts du produit<\/span><\/h2>\n<p>Puret\u00e9 : \u226599,9<br \/>\nRapports Al\/Sc standard et personnalis\u00e9s (par exemple, 1 %, 2 %, 3 %)<br \/>\nR\u00e9sistance m\u00e9canique et stabilit\u00e9 thermique accrues<br \/>\nExcellente r\u00e9sistance \u00e0 la corrosion<br \/>\nMicrostructure uniforme et dense<br \/>\nCompatible avec les syst\u00e8mes de pulv\u00e9risation DC et RF<br \/>\nAm\u00e9lioration de l&rsquo;adh\u00e9rence et de l&rsquo;uniformit\u00e9 du film<\/p>\n<h2><span style=\"font-size: 14pt;\">Applications des cibles de pulv\u00e9risation de l&rsquo;alliage aluminium-scandium<\/span><\/h2>\n<p>Rev\u00eatements pour l&rsquo;a\u00e9rospatiale : Films l\u00e9gers et tr\u00e8s r\u00e9sistants pour les composants structurels<br \/>\n\u00c9lectronique : Films minces pour une conductivit\u00e9 et une durabilit\u00e9 accrues<br \/>\nRev\u00eatements de protection : Couches r\u00e9sistantes \u00e0 la corrosion pour les environnements difficiles<br \/>\nRecherche et d\u00e9veloppement : \u00c9tudes des mat\u00e9riaux avanc\u00e9s et fabrication de dispositifs<\/p>\n<h2><span style=\"font-size: 14pt;\">Rapports<\/span><\/h2>\n<p>Certificat d&rsquo;analyse (COA)<br \/>\nFiche de donn\u00e9es de s\u00e9curit\u00e9 (FDS)<br \/>\nTests effectu\u00e9s par des tiers sur demande<\/p>\n","protected":false},"excerpt":{"rendered":"<p>Vue d&rsquo;ensemble de l&rsquo;alliage d&rsquo;aluminium et de scandium Les cibles de pulv\u00e9risation en alliage d&rsquo;aluminium Les cibles de pulv\u00e9risation en alliage d&rsquo;aluminium et de scandium sont des mat\u00e9riaux de premi\u00e8re qualit\u00e9 con\u00e7us pour le d\u00e9p\u00f4t de couches minces de haute performance, offrant une r\u00e9sistance m\u00e9canique, une stabilit\u00e9 thermique et une r\u00e9sistance \u00e0 la corrosion accrues. [&hellip;]<\/p>\n","protected":false},"featured_media":6686,"template":"","meta":{"_acf_changed":false},"product_brand":[132],"product_cat":[560],"product_tag":[1142],"class_list":{"0":"post-12667","1":"product","2":"type-product","3":"status-publish","4":"has-post-thumbnail","6":"product_brand-ulpmat","7":"product_cat-cible-de-pulverisation-dalliage","8":"product_tag-alliage-daluminium","10":"first","11":"instock","12":"shipping-taxable","13":"product-type-variable"},"acf":[],"_links":{"self":[{"href":"https:\/\/ulpmat.com\/fr\/wp-json\/wp\/v2\/product\/12667","targetHints":{"allow":["GET"]}}],"collection":[{"href":"https:\/\/ulpmat.com\/fr\/wp-json\/wp\/v2\/product"}],"about":[{"href":"https:\/\/ulpmat.com\/fr\/wp-json\/wp\/v2\/types\/product"}],"wp:featuredmedia":[{"embeddable":true,"href":"https:\/\/ulpmat.com\/fr\/wp-json\/wp\/v2\/media\/6686"}],"wp:attachment":[{"href":"https:\/\/ulpmat.com\/fr\/wp-json\/wp\/v2\/media?parent=12667"}],"wp:term":[{"taxonomy":"product_brand","embeddable":true,"href":"https:\/\/ulpmat.com\/fr\/wp-json\/wp\/v2\/product_brand?post=12667"},{"taxonomy":"product_cat","embeddable":true,"href":"https:\/\/ulpmat.com\/fr\/wp-json\/wp\/v2\/product_cat?post=12667"},{"taxonomy":"product_tag","embeddable":true,"href":"https:\/\/ulpmat.com\/fr\/wp-json\/wp\/v2\/product_tag?post=12667"}],"curies":[{"name":"wp","href":"https:\/\/api.w.org\/{rel}","templated":true}]}}