{"id":12661,"date":"2025-07-18T17:14:42","date_gmt":"2025-07-18T09:14:42","guid":{"rendered":"https:\/\/ulpmat.com\/product\/alliage-daluminium-et-de-silicium-3\/"},"modified":"2025-07-18T17:14:42","modified_gmt":"2025-07-18T09:14:42","slug":"alliage-daluminium-et-de-silicium-3","status":"publish","type":"product","link":"https:\/\/ulpmat.com\/fr\/produit\/alliage-daluminium-et-de-silicium-3\/","title":{"rendered":"Alliage d&rsquo;aluminium et de silicium"},"content":{"rendered":"<h2><span style=\"font-size: 14pt;\">Vue d&rsquo;ensemble de l&rsquo;alliage aluminium-silicium<\/span><\/h2>\n<p><strong><span style=\"color: #3366ff;\"><a style=\"color: #3366ff;\" href=\"https:\/\/ulpmat.com\/fr\/recherche\/?type=element&#038;keyword=Al%2CSi\">Les granul\u00e9s d&rsquo;alliage d&rsquo;aluminium et de silicium<\/a><\/span><\/strong> Sont des granul\u00e9s d&rsquo;alliage de haute qualit\u00e9 con\u00e7us pour des applications qui exigent une excellente r\u00e9sistance \u00e0 l&rsquo;usure, une stabilit\u00e9 thermique et une grande l\u00e9g\u00e8ret\u00e9. Nous proposons des compositions et des tailles personnalisables pour r\u00e9pondre \u00e0 des besoins sp\u00e9cifiques, ainsi qu&rsquo;un service apr\u00e8s-vente complet. N&rsquo;h\u00e9sitez pas \u00e0 nous contacter si vous avez des questions concernant son utilisation.<\/p>\n<p>Fabriqu\u00e9s \u00e0 partir de mati\u00e8res premi\u00e8res de haute puret\u00e9 et de processus de granulation contr\u00f4l\u00e9s, nos granul\u00e9s d&rsquo;AlSi garantissent une taille de particule uniforme, une excellente fluidit\u00e9 et une composition chimique coh\u00e9rente. Les compositions de silicium standard comprennent Al-10wt%Si, Al-12wt%Si, et Al-15wt%Si, avec des formulations personnalis\u00e9es disponibles sur demande.<\/p>\n<h2><span style=\"font-size: 14pt;\">Points forts du produit<\/span><\/h2>\n<p>Puret\u00e9 : \u226599,9<br \/>\nRapports Al\/Si standard et personnalis\u00e9s (par exemple, 10 %, 12 %, 15 %)<br \/>\nTaille uniforme des particules et forte densit\u00e9 d&#8217;empaquetage<br \/>\nExcellente conductivit\u00e9 thermique et \u00e9lectrique<br \/>\nR\u00e9sistance accrue \u00e0 l&rsquo;usure et \u00e0 la corrosion<br \/>\nId\u00e9al pour les alliages, la m\u00e9tallurgie des poudres et les processus de coul\u00e9e<br \/>\nBonnes propri\u00e9t\u00e9s m\u00e9caniques pour des applications l\u00e9g\u00e8res et durables<\/p>\n<h2><span style=\"font-size: 14pt;\">Applications des granul\u00e9s de silicium-aluminium<\/span><\/h2>\n<p>Alliage : Am\u00e9lioration de la r\u00e9sistance m\u00e9canique et de la r\u00e9sistance \u00e0 l&rsquo;usure des alliages d&rsquo;aluminium<br \/>\nM\u00e9tallurgie des poudres : Utilis\u00e9 dans les processus de compactage et de frittage des poudres pour des pi\u00e8ces de haute performance<br \/>\nMoulage : Id\u00e9al pour la fabrication d&rsquo;alliages aluminium-silicium pr\u00e9sentant des propri\u00e9t\u00e9s de coul\u00e9e sup\u00e9rieures<br \/>\nFabrication additive : Mati\u00e8re premi\u00e8re pour les techniques d&rsquo;impression 3D sp\u00e9cialis\u00e9es \u00e0 base de granul\u00e9s<br \/>\nAutomobile et a\u00e9rospatiale : Production de composants l\u00e9gers et durables<\/p>\n<h2><span style=\"font-size: 14pt;\">Rapports<\/span><\/h2>\n<p>Certificat d&rsquo;analyse (COA)<br \/>\nFiche de donn\u00e9es de s\u00e9curit\u00e9 (FDS)<br \/>\nEssais par des tiers disponibles sur demande<\/p>\n<h2><span style=\"font-size: 14pt;\">Pourquoi nous choisir ?<\/span><\/h2>\n<p>En tant que <strong>fournisseur<\/strong> fiable <strong>d&rsquo;alliages aluminium-silicium (Al-Si)<\/strong>, nous fournissons des mati\u00e8res premi\u00e8res de haute puret\u00e9 (\u226599,9%) avec des formulations personnalis\u00e9es adapt\u00e9es \u00e0 des rapports Al\/Si flexibles et \u00e0 des options de taille de particules. Notre fabrication de pr\u00e9cision garantit une qualit\u00e9 et une uniformit\u00e9 constantes, soutenues par des conseils techniques d&rsquo;experts pour la s\u00e9lection et le traitement des mat\u00e9riaux. Nous assurons \u00e9galement un service mondial avec une logistique efficace et une documentation d&rsquo;exportation compl\u00e8te.<\/p>\n","protected":false},"excerpt":{"rendered":"<p>Vue d&rsquo;ensemble de l&rsquo;alliage aluminium-silicium Les granul\u00e9s d&rsquo;alliage d&rsquo;aluminium et de silicium Sont des granul\u00e9s d&rsquo;alliage de haute qualit\u00e9 con\u00e7us pour des applications qui exigent une excellente r\u00e9sistance \u00e0 l&rsquo;usure, une stabilit\u00e9 thermique et une grande l\u00e9g\u00e8ret\u00e9. Nous proposons des compositions et des tailles personnalisables pour r\u00e9pondre \u00e0 des besoins sp\u00e9cifiques, ainsi qu&rsquo;un service apr\u00e8s-vente [&hellip;]<\/p>\n","protected":false},"featured_media":5396,"template":"","meta":{"_acf_changed":false},"product_brand":[132],"product_cat":[296],"product_tag":[1142],"class_list":{"0":"post-12661","1":"product","2":"type-product","3":"status-publish","4":"has-post-thumbnail","6":"product_brand-ulpmat","7":"product_cat-materiaux-devaporation","8":"product_tag-alliage-daluminium","10":"first","11":"instock","12":"shipping-taxable","13":"product-type-variable"},"acf":[],"_links":{"self":[{"href":"https:\/\/ulpmat.com\/fr\/wp-json\/wp\/v2\/product\/12661","targetHints":{"allow":["GET"]}}],"collection":[{"href":"https:\/\/ulpmat.com\/fr\/wp-json\/wp\/v2\/product"}],"about":[{"href":"https:\/\/ulpmat.com\/fr\/wp-json\/wp\/v2\/types\/product"}],"wp:featuredmedia":[{"embeddable":true,"href":"https:\/\/ulpmat.com\/fr\/wp-json\/wp\/v2\/media\/5396"}],"wp:attachment":[{"href":"https:\/\/ulpmat.com\/fr\/wp-json\/wp\/v2\/media?parent=12661"}],"wp:term":[{"taxonomy":"product_brand","embeddable":true,"href":"https:\/\/ulpmat.com\/fr\/wp-json\/wp\/v2\/product_brand?post=12661"},{"taxonomy":"product_cat","embeddable":true,"href":"https:\/\/ulpmat.com\/fr\/wp-json\/wp\/v2\/product_cat?post=12661"},{"taxonomy":"product_tag","embeddable":true,"href":"https:\/\/ulpmat.com\/fr\/wp-json\/wp\/v2\/product_tag?post=12661"}],"curies":[{"name":"wp","href":"https:\/\/api.w.org\/{rel}","templated":true}]}}