{"id":12637,"date":"2025-07-18T17:14:45","date_gmt":"2025-07-18T09:14:45","guid":{"rendered":"https:\/\/ulpmat.com\/product\/alliage-daluminium-et-de-silicium\/"},"modified":"2025-07-18T17:14:45","modified_gmt":"2025-07-18T09:14:45","slug":"alliage-daluminium-et-de-silicium","status":"publish","type":"product","link":"https:\/\/ulpmat.com\/fr\/produit\/alliage-daluminium-et-de-silicium\/","title":{"rendered":"Alliage d&rsquo;aluminium et de silicium"},"content":{"rendered":"<h2><span style=\"font-size: 14pt;\">Vue d&rsquo;ensemble de l&rsquo;alliage aluminium-silicium<\/span><\/h2>\n<p><strong><span style=\"color: #3366ff;\"><a style=\"color: #3366ff;\" href=\"https:\/\/ulpmat.com\/fr\/recherche\/?type=name&#038;keyword=alsi\">La cible de pulv\u00e9risation<\/a><\/span><\/strong> Est une cible en alliage de haute puret\u00e9 con\u00e7ue pour les processus de d\u00e9p\u00f4t de couches minces n\u00e9cessitant une excellente adh\u00e9rence, une r\u00e9sistance \u00e0 l&rsquo;usure et une stabilit\u00e9 thermique. Nous proposons des compositions et des tailles personnalisables pour r\u00e9pondre \u00e0 des besoins sp\u00e9cifiques, ainsi qu&rsquo;un service apr\u00e8s-vente complet. N&rsquo;h\u00e9sitez pas \u00e0 nous contacter si vous avez des questions concernant son utilisation.<\/p>\n<p>Fabriqu\u00e9es gr\u00e2ce \u00e0 des techniques de fusion et de moulage pr\u00e9cises suivies d&rsquo;un pressage \u00e0 chaud ou \u00e0 froid, nos cibles de pulv\u00e9risation d&rsquo;AlSi garantissent une composition uniforme, une densit\u00e9 \u00e9lev\u00e9e et de faibles niveaux d&rsquo;impuret\u00e9s. Les compositions standard comprennent Al-10wt%Si, Al-12wt%Si, et Al-15wt%Si, avec des possibilit\u00e9s de personnalisation pour r\u00e9pondre aux besoins sp\u00e9cifiques des clients.<\/p>\n<h2><span style=\"font-size: 14pt;\">Points forts du produit<\/span><\/h2>\n<p>Puret\u00e9 : \u226599,95<br \/>\nRapports Al\/Si standard et personnalis\u00e9s (par exemple, 10 %, 12 %, 15 %)<br \/>\nHaute densit\u00e9 et microstructure uniforme<br \/>\nExcellente conductivit\u00e9 thermique et \u00e9lectrique<br \/>\nUniformit\u00e9 et adh\u00e9rence sup\u00e9rieures du film dans les processus de pulv\u00e9risation cathodique<br \/>\nFaible teneur en impuret\u00e9s et en inclusions gazeuses<br \/>\nDisponibles en diff\u00e9rentes formes et tailles, y compris circulaires et rectangulaires<\/p>\n<h2><span style=\"font-size: 14pt;\">Applications de la cible de pulv\u00e9risation d&rsquo;AlSi<\/span><\/h2>\n<p>Fabrication de semi-conducteurs : Couches minces pour les dispositifs micro\u00e9lectroniques<br \/>\nOpto\u00e9lectronique : Rev\u00eatements conducteurs et protecteurs transparents<br \/>\nRev\u00eatements r\u00e9sistants \u00e0 l&rsquo;usure : Couches de surface dures et durables sur les outils et les composants<br \/>\nCellules solaires : D\u00e9p\u00f4t de couches fonctionnelles dans les dispositifs photovolta\u00efques<br \/>\n\u00c9lectronique avanc\u00e9e : Couches minces \u00e0 haute performance pour les capteurs et les circuits<\/p>\n<h2><span style=\"font-size: 14pt;\">Rapports<\/span><\/h2>\n<p>Certificat d&rsquo;analyse (COA)<br \/>\nFiche de donn\u00e9es de s\u00e9curit\u00e9 (MSDS)<br \/>\nEssais par des tiers disponibles sur demande<\/p>\n","protected":false},"excerpt":{"rendered":"<p>Vue d&rsquo;ensemble de l&rsquo;alliage aluminium-silicium La cible de pulv\u00e9risation Est une cible en alliage de haute puret\u00e9 con\u00e7ue pour les processus de d\u00e9p\u00f4t de couches minces n\u00e9cessitant une excellente adh\u00e9rence, une r\u00e9sistance \u00e0 l&rsquo;usure et une stabilit\u00e9 thermique. Nous proposons des compositions et des tailles personnalisables pour r\u00e9pondre \u00e0 des besoins sp\u00e9cifiques, ainsi qu&rsquo;un service [&hellip;]<\/p>\n","protected":false},"featured_media":6698,"template":"","meta":{"_acf_changed":false},"product_brand":[132],"product_cat":[560],"product_tag":[1142],"class_list":{"0":"post-12637","1":"product","2":"type-product","3":"status-publish","4":"has-post-thumbnail","6":"product_brand-ulpmat","7":"product_cat-cible-de-pulverisation-dalliage","8":"product_tag-alliage-daluminium","10":"first","11":"instock","12":"shipping-taxable","13":"product-type-variable"},"acf":[],"_links":{"self":[{"href":"https:\/\/ulpmat.com\/fr\/wp-json\/wp\/v2\/product\/12637","targetHints":{"allow":["GET"]}}],"collection":[{"href":"https:\/\/ulpmat.com\/fr\/wp-json\/wp\/v2\/product"}],"about":[{"href":"https:\/\/ulpmat.com\/fr\/wp-json\/wp\/v2\/types\/product"}],"wp:featuredmedia":[{"embeddable":true,"href":"https:\/\/ulpmat.com\/fr\/wp-json\/wp\/v2\/media\/6698"}],"wp:attachment":[{"href":"https:\/\/ulpmat.com\/fr\/wp-json\/wp\/v2\/media?parent=12637"}],"wp:term":[{"taxonomy":"product_brand","embeddable":true,"href":"https:\/\/ulpmat.com\/fr\/wp-json\/wp\/v2\/product_brand?post=12637"},{"taxonomy":"product_cat","embeddable":true,"href":"https:\/\/ulpmat.com\/fr\/wp-json\/wp\/v2\/product_cat?post=12637"},{"taxonomy":"product_tag","embeddable":true,"href":"https:\/\/ulpmat.com\/fr\/wp-json\/wp\/v2\/product_tag?post=12637"}],"curies":[{"name":"wp","href":"https:\/\/api.w.org\/{rel}","templated":true}]}}