{"id":12613,"date":"2025-07-18T17:14:46","date_gmt":"2025-07-18T09:14:46","guid":{"rendered":"https:\/\/ulpmat.com\/product\/alliage-daluminium-de-silicium-et-de-magnesium-2\/"},"modified":"2025-07-18T17:14:46","modified_gmt":"2025-07-18T09:14:46","slug":"alliage-daluminium-de-silicium-et-de-magnesium-2","status":"publish","type":"product","link":"https:\/\/ulpmat.com\/fr\/produit\/alliage-daluminium-de-silicium-et-de-magnesium-2\/","title":{"rendered":"Alliage d&rsquo;aluminium, de silicium et de magn\u00e9sium"},"content":{"rendered":"<h2><span style=\"font-size: 14pt;\">Aluminium Silicium Magn\u00e9sium (AlSi7Mg) Vue d&rsquo;ensemble<\/span><\/h2>\n<p><strong><span style=\"color: #3366ff;\"><a style=\"color: #3366ff;\" href=\"https:\/\/ulpmat.com\/fr\/recherche\/?type=name&#038;keyword=alsi7mg\">La poudre sph\u00e9rique Aluminium Silicium Magn\u00e9sium (AlSi7Mg)<\/a><\/span><\/strong> Spherical Powder est une poudre d&rsquo;alliage d&rsquo;aluminium de premi\u00e8re qualit\u00e9 con\u00e7ue pour la fabrication additive et la m\u00e9tallurgie des poudres. Avec une teneur en silicium et en magn\u00e9sium d&rsquo;environ 7 % en poids, cette poudre sph\u00e9rique offre une excellente solidit\u00e9, une r\u00e9sistance \u00e0 la corrosion et une stabilit\u00e9 thermique.<\/p>\n<p>Fabriqu\u00e9e \u00e0 l&rsquo;aide d&rsquo;une technologie avanc\u00e9e d&rsquo;atomisation au gaz, notre poudre AlSi7Mg garantit une faible teneur en oxyg\u00e8ne, une sph\u00e9ricit\u00e9 \u00e9lev\u00e9e et une composition chimique coh\u00e9rente pour permettre la fabrication de pi\u00e8ces de haute qualit\u00e9. Nous fournissons \u00e9galement un service apr\u00e8s-vente complet &#8211; n&rsquo;h\u00e9sitez pas \u00e0 <span style=\"color: #3366ff;\"><a style=\"color: #3366ff;\" href=\"https:\/\/ulpmat.com\/fr\/contactez-nous\/\">n&rsquo;h\u00e9sitez pas \u00e0 nous contacter<\/a><\/span> n&rsquo;h\u00e9sitez pas \u00e0 nous contacter si vous avez des questions.<\/p>\n<h2><span style=\"font-size: 14pt;\">Points forts du produit<\/span><\/h2>\n<p>Puret\u00e9 : \u226599,9<br \/>\nComposition (% en poids) : Al\uff1aBal Si\uff1a0,3-0,9Mg\uff1a1,2-1,8 Zn\uff1a\u22640,1Ti\uff1a\u22640,2 Mn\uff1a\u22640,1Fe\uff1a\u22640,1Somme des autres \u00e9l\u00e9ments\uff1a\u22640,15<br \/>\nForme sph\u00e9rique des particules pour une excellente fluidit\u00e9<br \/>\nDistribution uniforme de la taille des particules<br \/>\nDensit\u00e9 \u00e9lev\u00e9e pour un frittage et une fusion efficaces<br \/>\nR\u00e9sistance m\u00e9canique et r\u00e9sistance \u00e0 la corrosion am\u00e9lior\u00e9es<br \/>\nConvient \u00e0 la fabrication additive et \u00e0 la m\u00e9tallurgie des poudres<\/p>\n<h2><span style=\"font-size: 14pt;\">Applications de la poudre sph\u00e9rique AlSi7Mg<\/span><\/h2>\n<p>Fabrication additive : Fusion laser sur lit de poudre (LPBF) et techniques d&rsquo;impression 3D connexes<br \/>\nM\u00e9tallurgie des poudres : Fabrication de composants en alliage d&rsquo;aluminium l\u00e9gers et tr\u00e8s r\u00e9sistants<br \/>\nAutomobile et a\u00e9rospatiale : Production de pi\u00e8ces durables et r\u00e9sistantes \u00e0 la corrosion<br \/>\nFabrication industrielle : Composants n\u00e9cessitant une stabilit\u00e9 thermique et des performances m\u00e9caniques \u00e9lev\u00e9es<\/p>\n<h2><span style=\"font-size: 14pt;\">Rapports<\/span><\/h2>\n<p>Certificat d&rsquo;analyse (COA)<br \/>\nFiche de donn\u00e9es de s\u00e9curit\u00e9 (MSDS)<br \/>\nEssais par des tiers disponibles sur demande<\/p>\n","protected":false},"excerpt":{"rendered":"<p>Aluminium Silicium Magn\u00e9sium (AlSi7Mg) Vue d&rsquo;ensemble La poudre sph\u00e9rique Aluminium Silicium Magn\u00e9sium (AlSi7Mg) Spherical Powder est une poudre d&rsquo;alliage d&rsquo;aluminium de premi\u00e8re qualit\u00e9 con\u00e7ue pour la fabrication additive et la m\u00e9tallurgie des poudres. Avec une teneur en silicium et en magn\u00e9sium d&rsquo;environ 7 % en poids, cette poudre sph\u00e9rique offre une excellente solidit\u00e9, une r\u00e9sistance [&hellip;]<\/p>\n","protected":false},"featured_media":6710,"template":"","meta":{"_acf_changed":false},"product_brand":[132],"product_cat":[1141],"product_tag":[1142],"class_list":{"0":"post-12613","1":"product","2":"type-product","3":"status-publish","4":"has-post-thumbnail","6":"product_brand-ulpmat","7":"product_cat-impression-3d-de-poudre-spherique","8":"product_tag-alliage-daluminium","10":"first","11":"instock","12":"shipping-taxable","13":"product-type-variable"},"acf":[],"_links":{"self":[{"href":"https:\/\/ulpmat.com\/fr\/wp-json\/wp\/v2\/product\/12613","targetHints":{"allow":["GET"]}}],"collection":[{"href":"https:\/\/ulpmat.com\/fr\/wp-json\/wp\/v2\/product"}],"about":[{"href":"https:\/\/ulpmat.com\/fr\/wp-json\/wp\/v2\/types\/product"}],"wp:featuredmedia":[{"embeddable":true,"href":"https:\/\/ulpmat.com\/fr\/wp-json\/wp\/v2\/media\/6710"}],"wp:attachment":[{"href":"https:\/\/ulpmat.com\/fr\/wp-json\/wp\/v2\/media?parent=12613"}],"wp:term":[{"taxonomy":"product_brand","embeddable":true,"href":"https:\/\/ulpmat.com\/fr\/wp-json\/wp\/v2\/product_brand?post=12613"},{"taxonomy":"product_cat","embeddable":true,"href":"https:\/\/ulpmat.com\/fr\/wp-json\/wp\/v2\/product_cat?post=12613"},{"taxonomy":"product_tag","embeddable":true,"href":"https:\/\/ulpmat.com\/fr\/wp-json\/wp\/v2\/product_tag?post=12613"}],"curies":[{"name":"wp","href":"https:\/\/api.w.org\/{rel}","templated":true}]}}