{"id":12604,"date":"2025-07-18T17:14:46","date_gmt":"2025-07-18T09:14:46","guid":{"rendered":"https:\/\/ulpmat.com\/product\/alliage-daluminium-de-silicium-et-de-magnesium\/"},"modified":"2025-07-18T17:14:46","modified_gmt":"2025-07-18T09:14:46","slug":"alliage-daluminium-de-silicium-et-de-magnesium","status":"publish","type":"product","link":"https:\/\/ulpmat.com\/fr\/produit\/alliage-daluminium-de-silicium-et-de-magnesium\/","title":{"rendered":"Alliage d&rsquo;aluminium, de silicium et de magn\u00e9sium"},"content":{"rendered":"<h2><span style=\"font-size: 14pt;\">Aper\u00e7u de la poudre sph\u00e9rique AlSi10Mg<\/span><\/h2>\n<p><strong><span style=\"color: #3366ff;\"><a style=\"color: #3366ff;\" href=\"https:\/\/ulpmat.com\/fr\/recherche\/?type=element&#038;keyword=Al%2CSi%2CMg\">La poudre sph\u00e9rique AlSi10Mg<\/a><\/span><\/strong> Spherical Powder est une poudre d&rsquo;alliage d&rsquo;aluminium de premi\u00e8re qualit\u00e9 optimis\u00e9e pour les applications de fabrication additive et de m\u00e9tallurgie des poudres. Avec une teneur en silicium et en magn\u00e9sium d&rsquo;environ 10 % en poids, cette poudre sph\u00e9rique offre une excellente r\u00e9sistance m\u00e9canique, une bonne r\u00e9sistance \u00e0 la corrosion et une bonne stabilit\u00e9 thermique.<\/p>\n<p>Fabriqu\u00e9e \u00e0 l&rsquo;aide d&rsquo;une technologie avanc\u00e9e d&rsquo;atomisation au gaz, notre poudre AlSi10Mg pr\u00e9sente une faible teneur en oxyg\u00e8ne, une sph\u00e9ricit\u00e9 \u00e9lev\u00e9e et une composition chimique coh\u00e9rente, ce qui garantit une usinabilit\u00e9 et une qualit\u00e9 de pi\u00e8ce finale exceptionnelles. Nous offrons \u00e9galement un service apr\u00e8s-vente complet <span style=\"color: #3366ff;\"><a style=\"color: #3366ff;\" href=\"https:\/\/ulpmat.com\/fr\/contactez-nous\/\">n&rsquo;h\u00e9sitez pas \u00e0 nous contacter<\/a><\/span> n&rsquo;h\u00e9sitez pas \u00e0 nous contacter si vous avez des questions.<\/p>\n<h2><span style=\"font-size: 14pt;\">Points forts du produit<\/span><\/h2>\n<p>Puret\u00e9 : \u226599,9<br \/>\nComposition (% en poids) : Si\uff1a9.0-11.0 Ti\u22640.15Mg\uff1a0.2-0.45 Zn\u22640.1Mn\u22640.45 Al\uff1aBal Fe\u22640.55<br \/>\nTeneur en oxyg\u00e8ne\uff1a\u2264300 ppm<br \/>\nMorphologie sph\u00e9rique pour une excellente fluidit\u00e9<br \/>\nDistribution uniforme de la taille des particules<br \/>\nDensit\u00e9 d&#8217;emballage \u00e9lev\u00e9e pour une fusion et un frittage efficaces<br \/>\nPropri\u00e9t\u00e9s m\u00e9caniques et r\u00e9sistance \u00e0 la corrosion am\u00e9lior\u00e9es<br \/>\nConvient \u00e0 la fabrication additive et \u00e0 la m\u00e9tallurgie des poudres<\/p>\n<h2><span style=\"font-size: 14pt;\">Applications de la poudre sph\u00e9rique AlSi10Mg<\/span><\/h2>\n<p>Fabrication additive : Fusion laser sur lit de poudre (LPBF) et techniques d&rsquo;impression 3D connexes<br \/>\nM\u00e9tallurgie des poudres : Fabrication de composants en alliage d&rsquo;aluminium l\u00e9gers et tr\u00e8s r\u00e9sistants<br \/>\nA\u00e9rospatiale et automobile : Fabrication de pi\u00e8ces durables et r\u00e9sistantes \u00e0 la corrosion<br \/>\nApplications industrielles : Composants n\u00e9cessitant d&rsquo;excellentes performances thermiques et m\u00e9caniques<\/p>\n<h2><span style=\"font-size: 14pt;\">Rapports<\/span><\/h2>\n<p>Certificat d&rsquo;analyse (COA)<br \/>\nFiche de donn\u00e9es de s\u00e9curit\u00e9 (MSDS)<br \/>\nEssais par des tiers disponibles sur demande<\/p>\n","protected":false},"excerpt":{"rendered":"<p>Aper\u00e7u de la poudre sph\u00e9rique AlSi10Mg La poudre sph\u00e9rique AlSi10Mg Spherical Powder est une poudre d&rsquo;alliage d&rsquo;aluminium de premi\u00e8re qualit\u00e9 optimis\u00e9e pour les applications de fabrication additive et de m\u00e9tallurgie des poudres. Avec une teneur en silicium et en magn\u00e9sium d&rsquo;environ 10 % en poids, cette poudre sph\u00e9rique offre une excellente r\u00e9sistance m\u00e9canique, une bonne [&hellip;]<\/p>\n","protected":false},"featured_media":6716,"template":"","meta":{"_acf_changed":false},"product_brand":[132],"product_cat":[1141],"product_tag":[1142],"class_list":{"0":"post-12604","1":"product","2":"type-product","3":"status-publish","4":"has-post-thumbnail","6":"product_brand-ulpmat","7":"product_cat-impression-3d-de-poudre-spherique","8":"product_tag-alliage-daluminium","10":"first","11":"instock","12":"shipping-taxable","13":"product-type-variable"},"acf":[],"_links":{"self":[{"href":"https:\/\/ulpmat.com\/fr\/wp-json\/wp\/v2\/product\/12604","targetHints":{"allow":["GET"]}}],"collection":[{"href":"https:\/\/ulpmat.com\/fr\/wp-json\/wp\/v2\/product"}],"about":[{"href":"https:\/\/ulpmat.com\/fr\/wp-json\/wp\/v2\/types\/product"}],"wp:featuredmedia":[{"embeddable":true,"href":"https:\/\/ulpmat.com\/fr\/wp-json\/wp\/v2\/media\/6716"}],"wp:attachment":[{"href":"https:\/\/ulpmat.com\/fr\/wp-json\/wp\/v2\/media?parent=12604"}],"wp:term":[{"taxonomy":"product_brand","embeddable":true,"href":"https:\/\/ulpmat.com\/fr\/wp-json\/wp\/v2\/product_brand?post=12604"},{"taxonomy":"product_cat","embeddable":true,"href":"https:\/\/ulpmat.com\/fr\/wp-json\/wp\/v2\/product_cat?post=12604"},{"taxonomy":"product_tag","embeddable":true,"href":"https:\/\/ulpmat.com\/fr\/wp-json\/wp\/v2\/product_tag?post=12604"}],"curies":[{"name":"wp","href":"https:\/\/api.w.org\/{rel}","templated":true}]}}