{"id":12577,"date":"2025-07-18T17:14:47","date_gmt":"2025-07-18T09:14:47","guid":{"rendered":"https:\/\/ulpmat.com\/product\/alliage-daluminium-de-titane-et-de-silicium\/"},"modified":"2025-07-18T17:14:47","modified_gmt":"2025-07-18T09:14:47","slug":"alliage-daluminium-de-titane-et-de-silicium","status":"publish","type":"product","link":"https:\/\/ulpmat.com\/fr\/produit\/alliage-daluminium-de-titane-et-de-silicium\/","title":{"rendered":"Alliage d&rsquo;aluminium, de titane et de silicium"},"content":{"rendered":"<p><strong><span style=\"color: #3366ff;\"><a style=\"color: #3366ff;\" href=\"https:\/\/ulpmat.com\/fr\/recherche\/?type=element&#038;keyword=Al%2CTi%2CSi\">Cible de pulv\u00e9risation en alliage d&rsquo;aluminium, de titane et de silicium<\/a><\/span><\/strong> Est une cible composite de haute performance con\u00e7ue pour les processus avanc\u00e9s de d\u00e9p\u00f4t de couches minces. Combinant la conductivit\u00e9 l\u00e9g\u00e8re de l&rsquo;aluminium avec la solidit\u00e9 et la r\u00e9sistance \u00e0 la corrosion du titane et les propri\u00e9t\u00e9s semi-conductrices du silicium, cette cible d&rsquo;alliage est id\u00e9ale pour les applications n\u00e9cessitant des films durables, \u00e9lectriquement conducteurs et thermiquement stables.<\/p>\n<p>Produites \u00e0 partir de mati\u00e8res premi\u00e8res de tr\u00e8s haute puret\u00e9 gr\u00e2ce \u00e0 des processus d&rsquo;alliage et de densification contr\u00f4l\u00e9s, nos cibles de pulv\u00e9risation en alliage aluminium-titane-silicium pr\u00e9sentent une composition coh\u00e9rente, une densit\u00e9 \u00e9lev\u00e9e et de faibles niveaux d&rsquo;impuret\u00e9, ce qui garantit des performances de pulv\u00e9risation et une qualit\u00e9 de film sup\u00e9rieures. Nous proposons \u00e9galement un service apr\u00e8s-vente complet <span style=\"color: #3366ff;\"><a style=\"color: #3366ff;\" href=\"https:\/\/ulpmat.com\/fr\/contactez-nous\/\">n&rsquo;h\u00e9sitez pas \u00e0 nous contacter<\/a><\/span> n&rsquo;h\u00e9sitez pas \u00e0 nous contacter si vous avez des questions.<\/p>\n<h2><span style=\"font-size: 14pt;\">Points forts du produit<\/span><\/h2>\n<p>Puret\u00e9 : \u226599,9<br \/>\nCompositions AlTiSi personnalisables pour les besoins d&rsquo;applications sp\u00e9cifiques<br \/>\nDensit\u00e9 et puret\u00e9 \u00e9lev\u00e9es pour une pulv\u00e9risation fiable<br \/>\nExcellente r\u00e9sistance m\u00e9canique, r\u00e9sistance \u00e0 la corrosion et stabilit\u00e9 thermique<br \/>\nPropri\u00e9t\u00e9s \u00e9lectriques et semi-conductrices am\u00e9lior\u00e9es<br \/>\nMicrostructure uniforme pour une uniformit\u00e9 et une adh\u00e9rence constantes du film<br \/>\nDisponible en diff\u00e9rentes formes et tailles (circulaire, rectangulaire, sur mesure)<\/p>\n<h2><span style=\"font-size: 14pt;\">Applications des cibles de pulv\u00e9risation de l&rsquo;alliage aluminium-titane-silicium<\/span><\/h2>\n<p>Couches minces de semi-conducteurs et de micro\u00e9lectronique<br \/>\nRev\u00eatements protecteurs et r\u00e9sistants \u00e0 l&rsquo;usure<br \/>\nRev\u00eatements avanc\u00e9s pour l&rsquo;a\u00e9rospatiale et l&rsquo;automobile<br \/>\nEmballage \u00e9lectronique et interconnexions<br \/>\nRev\u00eatements de dispositifs optiques et de capteurs<\/p>\n<h2><span style=\"font-size: 14pt;\">Rapports<\/span><\/h2>\n<p>Certificat d&rsquo;analyse (COA)<br \/>\nFiche de donn\u00e9es de s\u00e9curit\u00e9 (MSDS)<br \/>\nEssais par des tiers disponibles sur demande<\/p>\n","protected":false},"excerpt":{"rendered":"<p>Cible de pulv\u00e9risation en alliage d&rsquo;aluminium, de titane et de silicium Est une cible composite de haute performance con\u00e7ue pour les processus avanc\u00e9s de d\u00e9p\u00f4t de couches minces. Combinant la conductivit\u00e9 l\u00e9g\u00e8re de l&rsquo;aluminium avec la solidit\u00e9 et la r\u00e9sistance \u00e0 la corrosion du titane et les propri\u00e9t\u00e9s semi-conductrices du silicium, cette cible d&rsquo;alliage est [&hellip;]<\/p>\n","protected":false},"featured_media":6728,"template":"","meta":{"_acf_changed":false},"product_brand":[132],"product_cat":[560],"product_tag":[1142],"class_list":{"0":"post-12577","1":"product","2":"type-product","3":"status-publish","4":"has-post-thumbnail","6":"product_brand-ulpmat","7":"product_cat-cible-de-pulverisation-dalliage","8":"product_tag-alliage-daluminium","10":"first","11":"instock","12":"shipping-taxable","13":"product-type-variable"},"acf":[],"_links":{"self":[{"href":"https:\/\/ulpmat.com\/fr\/wp-json\/wp\/v2\/product\/12577","targetHints":{"allow":["GET"]}}],"collection":[{"href":"https:\/\/ulpmat.com\/fr\/wp-json\/wp\/v2\/product"}],"about":[{"href":"https:\/\/ulpmat.com\/fr\/wp-json\/wp\/v2\/types\/product"}],"wp:featuredmedia":[{"embeddable":true,"href":"https:\/\/ulpmat.com\/fr\/wp-json\/wp\/v2\/media\/6728"}],"wp:attachment":[{"href":"https:\/\/ulpmat.com\/fr\/wp-json\/wp\/v2\/media?parent=12577"}],"wp:term":[{"taxonomy":"product_brand","embeddable":true,"href":"https:\/\/ulpmat.com\/fr\/wp-json\/wp\/v2\/product_brand?post=12577"},{"taxonomy":"product_cat","embeddable":true,"href":"https:\/\/ulpmat.com\/fr\/wp-json\/wp\/v2\/product_cat?post=12577"},{"taxonomy":"product_tag","embeddable":true,"href":"https:\/\/ulpmat.com\/fr\/wp-json\/wp\/v2\/product_tag?post=12577"}],"curies":[{"name":"wp","href":"https:\/\/api.w.org\/{rel}","templated":true}]}}