{"id":12557,"date":"2025-07-18T17:14:48","date_gmt":"2025-07-18T09:14:48","guid":{"rendered":"https:\/\/ulpmat.com\/product\/alliage-daluminium-et-de-zinc\/"},"modified":"2025-07-18T17:14:48","modified_gmt":"2025-07-18T09:14:48","slug":"alliage-daluminium-et-de-zinc","status":"publish","type":"product","link":"https:\/\/ulpmat.com\/fr\/produit\/alliage-daluminium-et-de-zinc\/","title":{"rendered":"Alliage d&rsquo;aluminium et de zinc"},"content":{"rendered":"<h2><span style=\"font-size: 14pt;\">Alliage d&rsquo;aluminium et de zinc Aper\u00e7u<\/span><\/h2>\n<p><strong><span style=\"color: #3366ff;\"><a style=\"color: #3366ff;\" href=\"https:\/\/ulpmat.com\/fr\/recherche\/?type=element&#038;keyword=Al%2CZn\">La cible de pulv\u00e9risation en alliage aluminium-zinc<\/a><\/span><\/strong> Est un alliage de haute puret\u00e9 con\u00e7u pour les applications de d\u00e9p\u00f4t de couches minces n\u00e9cessitant la l\u00e9g\u00e8ret\u00e9 et l&rsquo;excellente conductivit\u00e9 de l&rsquo;aluminium combin\u00e9es \u00e0 la solidit\u00e9 et \u00e0 la r\u00e9sistance \u00e0 la corrosion accrues du zinc.<\/p>\n<p>Fabriqu\u00e9es \u00e0 partir de mati\u00e8res premi\u00e8res de tr\u00e8s haute puret\u00e9 et de proc\u00e9d\u00e9s d&rsquo;alliage avanc\u00e9s, nos cibles de pulv\u00e9risation Al-Zn pr\u00e9sentent une composition uniforme, une densit\u00e9 \u00e9lev\u00e9e et peu d&rsquo;impuret\u00e9s, ce qui garantit des performances de pulv\u00e9risation stables et une excellente uniformit\u00e9 du film. Nous proposons \u00e9galement un service apr\u00e8s-vente complet <span style=\"color: #3366ff;\"><a style=\"color: #3366ff;\" href=\"https:\/\/ulpmat.com\/fr\/contactez-nous\/\">n&rsquo;h\u00e9sitez pas \u00e0 nous contacter<\/a><\/span> n&rsquo;h\u00e9sitez pas \u00e0 nous contacter si vous avez des questions.<\/p>\n<h2><span style=\"font-size: 14pt;\">Points forts du produit<\/span><\/h2>\n<p>Puret\u00e9 : \u226599,9<br \/>\nCompositions d&rsquo;alliages Al-Zn personnalisables<br \/>\nDensit\u00e9 et puret\u00e9 \u00e9lev\u00e9es pour une pulv\u00e9risation homog\u00e8ne<br \/>\nExcellente r\u00e9sistance \u00e0 la corrosion et r\u00e9sistance m\u00e9canique<br \/>\nStabilit\u00e9 thermique sup\u00e9rieure<br \/>\nMicrostructure uniforme pour un d\u00e9p\u00f4t de film de haute qualit\u00e9<br \/>\nDisponible en formes et tailles circulaires, rectangulaires et personnalis\u00e9es<\/p>\n<h2><span style=\"font-size: 14pt;\">Applications de la cible de pulv\u00e9risation d&rsquo;AlZn<\/span><\/h2>\n<p>Couches minces pour les appareils \u00e9lectroniques et les semi-conducteurs<br \/>\nRev\u00eatements protecteurs dans les industries automobile et a\u00e9rospatiale<br \/>\nRev\u00eatements r\u00e9sistants \u00e0 la corrosion pour diverses applications industrielles<br \/>\nRev\u00eatements de dispositifs optiques et de capteurs<\/p>\n<h2><span style=\"font-size: 14pt;\">Rapports<\/span><\/h2>\n<p>Certificat d&rsquo;analyse (COA)<br \/>\nFiche de donn\u00e9es de s\u00e9curit\u00e9 (MSDS)<br \/>\nEssais par des tiers disponibles sur demande<\/p>\n","protected":false},"excerpt":{"rendered":"<p>Alliage d&rsquo;aluminium et de zinc Aper\u00e7u La cible de pulv\u00e9risation en alliage aluminium-zinc Est un alliage de haute puret\u00e9 con\u00e7u pour les applications de d\u00e9p\u00f4t de couches minces n\u00e9cessitant la l\u00e9g\u00e8ret\u00e9 et l&rsquo;excellente conductivit\u00e9 de l&rsquo;aluminium combin\u00e9es \u00e0 la solidit\u00e9 et \u00e0 la r\u00e9sistance \u00e0 la corrosion accrues du zinc. Fabriqu\u00e9es \u00e0 partir de mati\u00e8res [&hellip;]<\/p>\n","protected":false},"featured_media":6806,"template":"","meta":{"_acf_changed":false},"product_brand":[132],"product_cat":[560],"product_tag":[1142],"class_list":{"0":"post-12557","1":"product","2":"type-product","3":"status-publish","4":"has-post-thumbnail","6":"product_brand-ulpmat","7":"product_cat-cible-de-pulverisation-dalliage","8":"product_tag-alliage-daluminium","10":"first","11":"instock","12":"shipping-taxable","13":"product-type-variable"},"acf":[],"_links":{"self":[{"href":"https:\/\/ulpmat.com\/fr\/wp-json\/wp\/v2\/product\/12557","targetHints":{"allow":["GET"]}}],"collection":[{"href":"https:\/\/ulpmat.com\/fr\/wp-json\/wp\/v2\/product"}],"about":[{"href":"https:\/\/ulpmat.com\/fr\/wp-json\/wp\/v2\/types\/product"}],"wp:featuredmedia":[{"embeddable":true,"href":"https:\/\/ulpmat.com\/fr\/wp-json\/wp\/v2\/media\/6806"}],"wp:attachment":[{"href":"https:\/\/ulpmat.com\/fr\/wp-json\/wp\/v2\/media?parent=12557"}],"wp:term":[{"taxonomy":"product_brand","embeddable":true,"href":"https:\/\/ulpmat.com\/fr\/wp-json\/wp\/v2\/product_brand?post=12557"},{"taxonomy":"product_cat","embeddable":true,"href":"https:\/\/ulpmat.com\/fr\/wp-json\/wp\/v2\/product_cat?post=12557"},{"taxonomy":"product_tag","embeddable":true,"href":"https:\/\/ulpmat.com\/fr\/wp-json\/wp\/v2\/product_tag?post=12557"}],"curies":[{"name":"wp","href":"https:\/\/api.w.org\/{rel}","templated":true}]}}