{"id":12527,"date":"2025-07-18T17:14:48","date_gmt":"2025-07-18T09:14:48","guid":{"rendered":"https:\/\/ulpmat.com\/product\/oxyde-daluminium-5\/"},"modified":"2025-07-18T17:14:48","modified_gmt":"2025-07-18T09:14:48","slug":"oxyde-daluminium-5","status":"publish","type":"product","link":"https:\/\/ulpmat.com\/fr\/produit\/oxyde-daluminium-5\/","title":{"rendered":"Oxyde d&rsquo;aluminium"},"content":{"rendered":"<h2><span style=\"font-size: 14pt;\">Cibles de pulv\u00e9risation d&rsquo;oxyde d&rsquo;aluminium &#8211; Vue d&rsquo;ensemble<\/span><\/h2>\n<p><strong><span style=\"color: #3366ff;\"><a style=\"color: #3366ff;\" href=\"https:\/\/ulpmat.com\/fr\/recherche\/?type=element&#038;keyword=Al%2CO\">Les cibles de pulv\u00e9risation d&rsquo;oxyde d&rsquo;aluminium<\/a><\/span><\/strong> Sont des mat\u00e9riaux c\u00e9ramiques de haute performance con\u00e7us pour \u00eatre utilis\u00e9s dans les processus de d\u00e9p\u00f4t de couches minces exigeant une excellente duret\u00e9, une stabilit\u00e9 chimique et des propri\u00e9t\u00e9s isolantes. D&rsquo;une grande puret\u00e9 et d&rsquo;une microstructure dense, ces cibles garantissent la formation d&rsquo;un film uniforme, une excellente adh\u00e9rence et une contamination minimale.<\/p>\n<p>Nos cibles de pulv\u00e9risation d&rsquo;Al\u2082O\u2083 se pr\u00e9sentent sous diff\u00e9rentes formes et tailles, y compris des plaques circulaires et rectangulaires, et peuvent \u00eatre personnalis\u00e9es en fonction des besoins sp\u00e9cifiques de votre processus. Nous offrons \u00e9galement un service apr\u00e8s-vente complet &#8211; n&rsquo;h\u00e9sitez pas \u00e0 <span style=\"color: #3366ff;\"><a style=\"color: #3366ff;\" href=\"https:\/\/ulpmat.com\/fr\/contactez-nous\/\">n&rsquo;h\u00e9sitez pas \u00e0 nous contacter<\/a><\/span> n&rsquo;h\u00e9sitez pas \u00e0 nous contacter si vous avez des questions.<\/p>\n<h2><span style=\"font-size: 14pt;\">Points forts du produit<\/span><\/h2>\n<p>Puret\u00e9 : \u226599,9 % \u00e0 99,99 %<br \/>\nDuret\u00e9 \u00e9lev\u00e9e et excellente stabilit\u00e9 chimique<br \/>\nMicrostructure dense et sans d\u00e9faut pour un d\u00e9p\u00f4t de film uniforme<br \/>\nTailles et formes personnalisables<\/p>\n<h2><span style=\"font-size: 14pt;\">Applications de <\/span><span style=\"font-size: 14pt;\">L&rsquo;oxyde d&rsquo;aluminium <\/span><span style=\"font-size: 14pt;\">Cibles de pulv\u00e9risation<\/span><\/h2>\n<p>Semi-conducteurs : Utilis\u00e9s comme couches d&rsquo;isolation di\u00e9lectrique et films de passivation.<br \/>\nRev\u00eatements optiques : Fournit des rev\u00eatements antireflets et protecteurs sur les lentilles, les \u00e9crans et les miroirs.<br \/>\nFilms de protection : Appliqu\u00e9s dans les rev\u00eatements r\u00e9sistants \u00e0 l&rsquo;usure et \u00e0 la corrosion.<br \/>\nAppareils \u00e9lectroniques : Utilis\u00e9s dans les condensateurs, les capteurs et d&rsquo;autres dispositifs n\u00e9cessitant une rigidit\u00e9 di\u00e9lectrique \u00e9lev\u00e9e.<\/p>\n<h2><span style=\"font-size: 14pt;\">Rapports<\/span><\/h2>\n<p>Certificat d&rsquo;analyse (COA)<br \/>\nFiche de donn\u00e9es de s\u00e9curit\u00e9 (FDS)<br \/>\nRapports de v\u00e9rification de la densit\u00e9 et de la puret\u00e9<br \/>\nSupport d&rsquo;essais par des tiers disponible sur demande<\/p>\n<p>Pourquoi nous choisir ?<\/p>\n<p>En tant que <strong>fournisseur<\/strong> fiable <strong>de cibles de pulv\u00e9risation d&rsquo;oxy<\/strong>de d&rsquo;<strong>aluminium<\/strong>, nous fournissons des cibles de pulv\u00e9risation d&rsquo;<strong>oxyde d&rsquo;aluminium (Al\u2082O\u2083) de haute puret\u00e9<\/strong> (\u226599,95%) avec des options personnalisables, une fabrication avanc\u00e9e pour des performances stables, un support expert et une livraison mondiale fiable.<\/p>\n","protected":false},"excerpt":{"rendered":"<p>Cibles de pulv\u00e9risation d&rsquo;oxyde d&rsquo;aluminium &#8211; Vue d&rsquo;ensemble Les cibles de pulv\u00e9risation d&rsquo;oxyde d&rsquo;aluminium Sont des mat\u00e9riaux c\u00e9ramiques de haute performance con\u00e7us pour \u00eatre utilis\u00e9s dans les processus de d\u00e9p\u00f4t de couches minces exigeant une excellente duret\u00e9, une stabilit\u00e9 chimique et des propri\u00e9t\u00e9s isolantes. D&rsquo;une grande puret\u00e9 et d&rsquo;une microstructure dense, ces cibles garantissent la [&hellip;]<\/p>\n","protected":false},"featured_media":5420,"template":"","meta":{"_acf_changed":false},"product_brand":[132],"product_cat":[449],"product_tag":[1135],"class_list":{"0":"post-12527","1":"product","2":"type-product","3":"status-publish","4":"has-post-thumbnail","6":"product_brand-ulpmat","7":"product_cat-cible-de-pulverisation-ceramique","8":"product_tag-oxyde-daluminium","10":"first","11":"instock","12":"shipping-taxable","13":"product-type-variable"},"acf":[],"_links":{"self":[{"href":"https:\/\/ulpmat.com\/fr\/wp-json\/wp\/v2\/product\/12527","targetHints":{"allow":["GET"]}}],"collection":[{"href":"https:\/\/ulpmat.com\/fr\/wp-json\/wp\/v2\/product"}],"about":[{"href":"https:\/\/ulpmat.com\/fr\/wp-json\/wp\/v2\/types\/product"}],"wp:featuredmedia":[{"embeddable":true,"href":"https:\/\/ulpmat.com\/fr\/wp-json\/wp\/v2\/media\/5420"}],"wp:attachment":[{"href":"https:\/\/ulpmat.com\/fr\/wp-json\/wp\/v2\/media?parent=12527"}],"wp:term":[{"taxonomy":"product_brand","embeddable":true,"href":"https:\/\/ulpmat.com\/fr\/wp-json\/wp\/v2\/product_brand?post=12527"},{"taxonomy":"product_cat","embeddable":true,"href":"https:\/\/ulpmat.com\/fr\/wp-json\/wp\/v2\/product_cat?post=12527"},{"taxonomy":"product_tag","embeddable":true,"href":"https:\/\/ulpmat.com\/fr\/wp-json\/wp\/v2\/product_tag?post=12527"}],"curies":[{"name":"wp","href":"https:\/\/api.w.org\/{rel}","templated":true}]}}