{"id":12512,"date":"2025-07-18T17:14:49","date_gmt":"2025-07-18T09:14:49","guid":{"rendered":"https:\/\/ulpmat.com\/product\/oxyde-daluminium-3\/"},"modified":"2025-07-18T17:14:49","modified_gmt":"2025-07-18T09:14:49","slug":"oxyde-daluminium-3","status":"publish","type":"product","link":"https:\/\/ulpmat.com\/fr\/produit\/oxyde-daluminium-3\/","title":{"rendered":"Oxyde d&rsquo;aluminium"},"content":{"rendered":"<h2><span style=\"font-size: 14pt;\">Granul\u00e9s d&rsquo;oxyde d&rsquo;aluminium<\/span><\/h2>\n<p><span style=\"color: #3366ff;\"><strong><a style=\"color: #3366ff;\" href=\"https:\/\/ulpmat.com\/fr\/recherche\/?type=element&#038;keyword=Al%2CO\">Les granul\u00e9s d&rsquo;oxyde d&rsquo;aluminium<\/a><\/strong><\/span> Granules sont des granul\u00e9s c\u00e9ramiques de haute qualit\u00e9 con\u00e7us pour des applications exigeant une excellente stabilit\u00e9 thermique, une r\u00e9sistance m\u00e9canique et une inertie chimique. Fabriqu\u00e9s \u00e0 partir de poudre d&rsquo;alumine de haute puret\u00e9 par des proc\u00e9d\u00e9s de granulation contr\u00f4l\u00e9s, ils offrent une taille uniforme, une excellente fluidit\u00e9 et des performances sup\u00e9rieures dans les applications r\u00e9fractaires, c\u00e9ramiques et de support de catalyseur.<\/p>\n<p>Nos granul\u00e9s d&rsquo;oxyde d&rsquo;aluminium sont id\u00e9aux pour les industries telles que la fabrication de c\u00e9ramiques avanc\u00e9es, les rev\u00eatements r\u00e9fractaires, les supports de catalyseurs et d&rsquo;autres applications \u00e0 haute temp\u00e9rature ou r\u00e9sistantes \u00e0 l&rsquo;usure. Nous offrons \u00e9galement un service apr\u00e8s-vente complet &#8211; n&rsquo;h\u00e9sitez pas \u00e0 <span style=\"color: #3366ff;\"><a style=\"color: #3366ff;\" href=\"https:\/\/ulpmat.com\/fr\/contactez-nous\/\">n&rsquo;h\u00e9sitez pas \u00e0 nous contacter<\/a><\/span> n&rsquo;h\u00e9sitez pas \u00e0 nous contacter si vous avez des questions.<\/p>\n<h2><span style=\"font-size: 14pt;\">Points forts du produit<\/span><\/h2>\n<ul>\n<li data-start=\"86\" data-end=\"185\">\n<p data-start=\"88\" data-end=\"185\"><strong data-start=\"88\" data-end=\"166\">Granul\u00e9s d&rsquo;oxyde d&rsquo;aluminium de haute puret\u00e9 pour c\u00e9ramiques et r\u00e9fractaires avanc\u00e9s<\/strong> &#8211; Puret\u00e9 \u226599,9 %.<\/p>\n<\/li>\n<li data-start=\"186\" data-end=\"268\">\n<p data-start=\"188\" data-end=\"268\"><strong data-start=\"160\" data-end=\"210\">Disponibles en granul\u00e9s cristallins et fritt\u00e9s<\/strong> &#8211; Taille uniforme pour la fusion, le frittage et la projection thermique.<\/p>\n<\/li>\n<li data-start=\"269\" data-end=\"366\">\n<p data-start=\"271\" data-end=\"366\"><strong data-start=\"271\" data-end=\"314\">Excellente r\u00e9sistance thermique et duret\u00e9<\/strong> &#8211; Parfait pour les abrasifs et les pi\u00e8ces r\u00e9sistantes \u00e0 l&rsquo;usure.<\/p>\n<\/li>\n<li data-start=\"367\" data-end=\"446\">\n<p data-start=\"369\" data-end=\"446\"><strong data-start=\"369\" data-end=\"400\">Sp\u00e9cifications personnalisables<\/strong> &#8211; Diff\u00e9rentes tailles, formes et degr\u00e9s de puret\u00e9.<\/p>\n<\/li>\n<li data-start=\"447\" data-end=\"523\">\n<p data-start=\"449\" data-end=\"523\"><strong data-start=\"449\" data-end=\"466\">Approvisionnement mondial<\/strong> &#8211; Livraison fiable dans le monde entier avec documentation compl\u00e8te.<\/p>\n<\/li>\n<\/ul>\n<h2><span style=\"font-size: 14pt;\">Applications des granul\u00e9s d&rsquo;Al\u2082O\u2083<\/span><\/h2>\n<p>Mat\u00e9riaux r\u00e9fractaires : Utilis\u00e9s comme mati\u00e8re premi\u00e8re ou additifs pour les rev\u00eatements r\u00e9sistants \u00e0 la chaleur et les supports de four.<br \/>\nFabrication de c\u00e9ramiques : Convient aux proc\u00e9d\u00e9s de fa\u00e7onnage et de frittage n\u00e9cessitant des granul\u00e9s comme mati\u00e8re premi\u00e8re.<br \/>\nSupport de catalyseur : Fournit un support stable et inerte pour les catalyseurs dans les r\u00e9acteurs chimiques.<br \/>\nAbrasifs : Utilis\u00e9s dans les applications de sablage et de polissage.<br \/>\nM\u00e9dia de filtration : Utilis\u00e9s dans les syst\u00e8mes de filtration et de purification dans des conditions de haute temp\u00e9rature.<\/p>\n<h2><span style=\"font-size: 14pt;\">Rapports<\/span><\/h2>\n<ul>\n<li>Certificat d&rsquo;analyse (COA)<\/li>\n<li>Fiche de donn\u00e9es de s\u00e9curit\u00e9 (FDS)<\/li>\n<li>Rapport sur la distribution de la taille des granules<\/li>\n<li>Essais par des tiers disponibles sur demande<\/li>\n<\/ul>\n<h2><span style=\"font-size: 14pt;\">Pourquoi nous choisir ?<\/span><\/h2>\n<p>En tant que <strong>fournisseur<\/strong> fiable <strong>de granul\u00e9s d&rsquo;oxyde d&rsquo;aluminium de haute puret\u00e9<\/strong>, nous proposons des mati\u00e8res premi\u00e8res de premi\u00e8re qualit\u00e9 pour garantir une qualit\u00e9 constante. Notre granulation contr\u00f4l\u00e9e permet d&rsquo;obtenir une taille et une forme uniformes pour un comportement pr\u00e9visible lors du traitement. Gr\u00e2ce \u00e0 une production de pointe et \u00e0 un contr\u00f4le de qualit\u00e9 strict, nous garantissons un approvisionnement fiable, soutenu par une assistance technique experte pour la s\u00e9lection des produits et l&rsquo;optimisation des applications. Gr\u00e2ce \u00e0 notre pr\u00e9sence mondiale, \u00e0 notre logistique efficace et \u00e0 notre documentation d&rsquo;exportation compl\u00e8te, nous sommes votre partenaire de confiance pour les solutions d&rsquo;oxyde d&rsquo;aluminium dans le monde entier.<\/p>\n","protected":false},"excerpt":{"rendered":"<p>Granul\u00e9s d&rsquo;oxyde d&rsquo;aluminium Les granul\u00e9s d&rsquo;oxyde d&rsquo;aluminium Granules sont des granul\u00e9s c\u00e9ramiques de haute qualit\u00e9 con\u00e7us pour des applications exigeant une excellente stabilit\u00e9 thermique, une r\u00e9sistance m\u00e9canique et une inertie chimique. Fabriqu\u00e9s \u00e0 partir de poudre d&rsquo;alumine de haute puret\u00e9 par des proc\u00e9d\u00e9s de granulation contr\u00f4l\u00e9s, ils offrent une taille uniforme, une excellente fluidit\u00e9 et [&hellip;]<\/p>\n","protected":false},"featured_media":5432,"template":"","meta":{"_acf_changed":false},"product_brand":[132],"product_cat":[296],"product_tag":[1135],"class_list":{"0":"post-12512","1":"product","2":"type-product","3":"status-publish","4":"has-post-thumbnail","6":"product_brand-ulpmat","7":"product_cat-materiaux-devaporation","8":"product_tag-oxyde-daluminium","10":"first","11":"instock","12":"shipping-taxable","13":"product-type-variable"},"acf":[],"_links":{"self":[{"href":"https:\/\/ulpmat.com\/fr\/wp-json\/wp\/v2\/product\/12512","targetHints":{"allow":["GET"]}}],"collection":[{"href":"https:\/\/ulpmat.com\/fr\/wp-json\/wp\/v2\/product"}],"about":[{"href":"https:\/\/ulpmat.com\/fr\/wp-json\/wp\/v2\/types\/product"}],"wp:featuredmedia":[{"embeddable":true,"href":"https:\/\/ulpmat.com\/fr\/wp-json\/wp\/v2\/media\/5432"}],"wp:attachment":[{"href":"https:\/\/ulpmat.com\/fr\/wp-json\/wp\/v2\/media?parent=12512"}],"wp:term":[{"taxonomy":"product_brand","embeddable":true,"href":"https:\/\/ulpmat.com\/fr\/wp-json\/wp\/v2\/product_brand?post=12512"},{"taxonomy":"product_cat","embeddable":true,"href":"https:\/\/ulpmat.com\/fr\/wp-json\/wp\/v2\/product_cat?post=12512"},{"taxonomy":"product_tag","embeddable":true,"href":"https:\/\/ulpmat.com\/fr\/wp-json\/wp\/v2\/product_tag?post=12512"}],"curies":[{"name":"wp","href":"https:\/\/api.w.org\/{rel}","templated":true}]}}