{"id":12503,"date":"2025-07-18T17:14:49","date_gmt":"2025-07-18T09:14:49","guid":{"rendered":"https:\/\/ulpmat.com\/product\/oxyde-daluminium-2\/"},"modified":"2025-07-18T17:14:49","modified_gmt":"2025-07-18T09:14:49","slug":"oxyde-daluminium-2","status":"publish","type":"product","link":"https:\/\/ulpmat.com\/fr\/produit\/oxyde-daluminium-2\/","title":{"rendered":"Oxyde d&rsquo;aluminium"},"content":{"rendered":"<h2><span style=\"font-size: 14pt;\">Aper\u00e7u de la poudre d&rsquo;oxyde d&rsquo;aluminium<\/span><\/h2>\n<p><strong><span style=\"color: #3366ff;\"><a style=\"color: #3366ff;\" href=\"https:\/\/ulpmat.com\/fr\/recherche\/?type=element&#038;keyword=Al%2CO\">La poudre d&rsquo;oxyde d&rsquo;aluminium<\/a><\/span><\/strong> La poudre d&rsquo;oxyde d&rsquo;aluminium est un mat\u00e9riau c\u00e9ramique de haute puret\u00e9 largement utilis\u00e9 dans les applications exigeant une excellente duret\u00e9, une stabilit\u00e9 thermique et une inertie chimique. Produite \u00e0 l&rsquo;aide de techniques de fabrication avanc\u00e9es, notre poudre d&rsquo;oxyde d&rsquo;aluminium (Al\u2082O\u2083) pr\u00e9sente une distribution granulom\u00e9trique uniforme, une grande puret\u00e9 et des performances sup\u00e9rieures dans divers processus industriels, notamment les c\u00e9ramiques, l&rsquo;\u00e9lectronique, les mat\u00e9riaux r\u00e9fractaires et les rev\u00eatements.<\/p>\n<p>Notre <strong>poudre d&rsquo;oxyde d&rsquo;aluminium de haute puret\u00e9<\/strong> est disponible en plusieurs qualit\u00e9s et tailles de particules, optimis\u00e9es pour des applications sp\u00e9cifiques telles que les aides au frittage, les charges abrasives et les supports de catalyseurs. Nous offrons \u00e9galement un service apr\u00e8s-vente complet &#8211; n&rsquo;h\u00e9sitez pas \u00e0 <span style=\"color: #3366ff;\"><a style=\"color: #3366ff;\" href=\"https:\/\/ulpmat.com\/fr\/contactez-nous\/\">n&rsquo;h\u00e9sitez pas \u00e0 nous contacter<\/a><\/span> n&rsquo;h\u00e9sitez pas \u00e0 nous contacter si vous avez des questions.<\/p>\n<h2><span style=\"font-size: 14pt;\">Points forts du produit<\/span><\/h2>\n<p>Puret\u00e9 : \u226599,9<br \/>\nTaille et morphologie uniformes des particules<br \/>\nDuret\u00e9 et r\u00e9sistance m\u00e9canique \u00e9lev\u00e9es<br \/>\nGranularit\u00e9 personnalisable<\/p>\n<h2><span style=\"font-size: 14pt;\">Applications de la poudre d&rsquo;oxyde d&rsquo;aluminium<\/span><\/h2>\n<p>C\u00e9ramiques : Utilis\u00e9es dans les mat\u00e9riaux c\u00e9ramiques avanc\u00e9s pour les composants structurels et \u00e9lectroniques.<br \/>\nR\u00e9fractaires : Mati\u00e8re premi\u00e8re essentielle pour les rev\u00eatements et les isolants r\u00e9sistants \u00e0 la chaleur.<br \/>\nAbrasifs : Utilis\u00e9s pour le polissage, le meulage et les outils de coupe en raison de leur grande duret\u00e9.<br \/>\nRev\u00eatements : Utilis\u00e9s dans la pulv\u00e9risation thermique et les rev\u00eatements \u00e0 couche mince pour la protection et l&rsquo;isolation.<br \/>\n\u00c9lectronique : Utilis\u00e9 comme substrat isolant et mat\u00e9riau di\u00e9lectrique.<br \/>\nSupport de catalyseur : Fournit une surface stable et inerte pour les catalyseurs dans les r\u00e9actions chimiques.<\/p>\n<h2><span style=\"font-size: 14pt;\">Rapports<\/span><\/h2>\n<p>Certificat d&rsquo;analyse (COA)<br \/>\nFiche de donn\u00e9es de s\u00e9curit\u00e9 (MSDS)<br \/>\nRapport sur la distribution de la taille des particules<br \/>\nEssais par des tiers disponibles sur demande<\/p>\n<h2><span style=\"font-size: 14pt;\">Pourquoi nous choisir ?<\/span><\/h2>\n<p>Nous fournissons de la <strong data-start=\"157\" data-end=\"266\">poudre d&rsquo;oxyde d&rsquo;aluminium de haute puret\u00e9 pour les c\u00e9ramiques de pointe, le polissage et les applications de conductivit\u00e9 thermique<\/strong>, en garantissant une puret\u00e9 exceptionnelle, une distribution granulom\u00e9trique coh\u00e9rente et une excellente stabilit\u00e9 chimique. Gr\u00e2ce \u00e0 un contr\u00f4le de qualit\u00e9 strict, \u00e0 des tailles de particules personnalis\u00e9es et \u00e0 une livraison mondiale fiable, nous aidons les industries, de l&rsquo;\u00e9lectronique \u00e0 l&rsquo;a\u00e9rospatiale, \u00e0 atteindre des performances optimales. Nos poudres d&rsquo;oxyde d&rsquo;aluminium sont utilis\u00e9es pour le <strong data-start=\"585\" data-end=\"679\">polissage de pr\u00e9cision, les r\u00e9fractaires de haute performance et la fabrication de substrats \u00e9lectroniques<\/strong>.<\/p>\n","protected":false},"excerpt":{"rendered":"<p>Aper\u00e7u de la poudre d&rsquo;oxyde d&rsquo;aluminium La poudre d&rsquo;oxyde d&rsquo;aluminium La poudre d&rsquo;oxyde d&rsquo;aluminium est un mat\u00e9riau c\u00e9ramique de haute puret\u00e9 largement utilis\u00e9 dans les applications exigeant une excellente duret\u00e9, une stabilit\u00e9 thermique et une inertie chimique. Produite \u00e0 l&rsquo;aide de techniques de fabrication avanc\u00e9es, notre poudre d&rsquo;oxyde d&rsquo;aluminium (Al\u2082O\u2083) pr\u00e9sente une distribution granulom\u00e9trique uniforme, [&hellip;]<\/p>\n","protected":false},"featured_media":5444,"template":"","meta":{"_acf_changed":false},"product_brand":[132],"product_cat":[335],"product_tag":[1135],"class_list":{"0":"post-12503","1":"product","2":"type-product","3":"status-publish","4":"has-post-thumbnail","6":"product_brand-ulpmat","7":"product_cat-oxydes","8":"product_tag-oxyde-daluminium","10":"first","11":"instock","12":"shipping-taxable","13":"product-type-variable"},"acf":[],"_links":{"self":[{"href":"https:\/\/ulpmat.com\/fr\/wp-json\/wp\/v2\/product\/12503","targetHints":{"allow":["GET"]}}],"collection":[{"href":"https:\/\/ulpmat.com\/fr\/wp-json\/wp\/v2\/product"}],"about":[{"href":"https:\/\/ulpmat.com\/fr\/wp-json\/wp\/v2\/types\/product"}],"wp:featuredmedia":[{"embeddable":true,"href":"https:\/\/ulpmat.com\/fr\/wp-json\/wp\/v2\/media\/5444"}],"wp:attachment":[{"href":"https:\/\/ulpmat.com\/fr\/wp-json\/wp\/v2\/media?parent=12503"}],"wp:term":[{"taxonomy":"product_brand","embeddable":true,"href":"https:\/\/ulpmat.com\/fr\/wp-json\/wp\/v2\/product_brand?post=12503"},{"taxonomy":"product_cat","embeddable":true,"href":"https:\/\/ulpmat.com\/fr\/wp-json\/wp\/v2\/product_cat?post=12503"},{"taxonomy":"product_tag","embeddable":true,"href":"https:\/\/ulpmat.com\/fr\/wp-json\/wp\/v2\/product_tag?post=12503"}],"curies":[{"name":"wp","href":"https:\/\/api.w.org\/{rel}","templated":true}]}}