{"id":12470,"date":"2025-07-18T17:14:50","date_gmt":"2025-07-18T09:14:50","guid":{"rendered":"https:\/\/ulpmat.com\/product\/oxyde-daluminium-oxyde-dyttrium-oxyde-de-thulium\/"},"modified":"2025-07-18T17:14:50","modified_gmt":"2025-07-18T09:14:50","slug":"oxyde-daluminium-oxyde-dyttrium-oxyde-de-thulium","status":"publish","type":"product","link":"https:\/\/ulpmat.com\/fr\/produit\/oxyde-daluminium-oxyde-dyttrium-oxyde-de-thulium\/","title":{"rendered":"Oxyde d&rsquo;aluminium-oxyde d&rsquo;yttrium-oxyde de thulium"},"content":{"rendered":"<h2><span style=\"font-size: 14pt;\">Vue d&rsquo;ensemble des cibles de pulv\u00e9risation d&rsquo;oxyde d&rsquo;aluminium, d&rsquo;yttrium et de thulium<\/span><\/h2>\n<p>La cible de pulv\u00e9risation d&rsquo;oxyde d&rsquo;aluminium, d&rsquo;yttrium et de thulium est une cible composite c\u00e9ramique de premi\u00e8re qualit\u00e9 con\u00e7ue pour les applications de d\u00e9p\u00f4t de couches minces avanc\u00e9es n\u00e9cessitant une excellente stabilit\u00e9 thermique, une r\u00e9sistance m\u00e9canique et des propri\u00e9t\u00e9s optiques ou magn\u00e9tiques uniques. L&rsquo;ajout d&rsquo;oxyde de thulium (Tm) <strong><span style=\"color: #3366ff;\"><a style=\"color: #3366ff;\" href=\"https:\/\/ulpmat.com\/fr\/produit\/oxyde-de-thulium\/\">oxyde de thulium (Tm\u2082O\u2083)<\/a><\/span><\/strong> \u00e0 l <strong><span style=\"color: #3366ff;\"><a style=\"color: #3366ff;\" href=\"https:\/\/ulpmat.com\/product\/aluminum-yttrium-oxide-sputtering-target\/\">alumine-yttrium<\/a><\/span><\/strong> conf\u00e8re une luminescence et des fonctionnalit\u00e9s magn\u00e9tiques am\u00e9lior\u00e9es, ce qui en fait un produit id\u00e9al pour l&rsquo;opto\u00e9lectronique, la photonique et les technologies de rev\u00eatement avanc\u00e9es.<\/p>\n<p>Fabriqu\u00e9es \u00e0 partir de poudres brutes de tr\u00e8s haute puret\u00e9 gr\u00e2ce \u00e0 des processus pr\u00e9cis de frittage et de pressage \u00e0 chaud, nos cibles Al2O3-Y2O3-Tm2O3 pr\u00e9sentent une densit\u00e9 \u00e9lev\u00e9e, une microstructure uniforme et des performances stables en mati\u00e8re de pulv\u00e9risation. Nous proposons \u00e9galement un service apr\u00e8s-vente complet <span style=\"color: #3366ff;\"><a style=\"color: #3366ff;\" href=\"https:\/\/ulpmat.com\/fr\/contactez-nous\/\">n&rsquo;h\u00e9sitez pas \u00e0 nous contacter<\/a><\/span> n&rsquo;h\u00e9sitez pas \u00e0 nous contacter si vous avez des questions.<\/p>\n<h2><span style=\"font-size: 14pt;\">Points forts du produit<\/span><\/h2>\n<p>Composite c\u00e9ramique d&rsquo;oxyde d&rsquo;aluminium, d&rsquo;yttrium et de thulium de grande puret\u00e9 (\u226599,5 %) avec des rapports Al\u2082O\u2083, Y\u2082O\u2083 et Tm\u2082O\u2083 contr\u00f4l\u00e9s<br \/>\nExcellente densit\u00e9 et faible porosit\u00e9 pour une \u00e9rosion uniforme de la cible<br \/>\nPropri\u00e9t\u00e9s luminescentes et magn\u00e9tiques am\u00e9lior\u00e9es gr\u00e2ce au dopage Tm\u2082O\u2083<br \/>\nTaille, forme et composition personnalisables pour r\u00e9pondre \u00e0 des besoins sp\u00e9cifiques<\/p>\n<h2><span style=\"font-size: 14pt;\">Applications de <\/span><span style=\"font-size: 14pt;\">Oxyde d&rsquo;aluminium, d&rsquo;yttrium et de thulium <\/span><span style=\"font-size: 14pt;\">Cibles de pulv\u00e9risation<\/span><\/h2>\n<p>Opto\u00e9lectronique : Fabrication de films luminescents et de dispositifs \u00e9lectroluminescents<br \/>\nDispositifs photoniques : Utilis\u00e9s dans les rev\u00eatements de couches minces ayant des propri\u00e9t\u00e9s magn\u00e9tiques ou optiques particuli\u00e8res<br \/>\nRev\u00eatements de protection : Couches de haute duret\u00e9 et r\u00e9sistantes \u00e0 l&rsquo;usure sur les outils et les composants m\u00e9caniques<br \/>\nCapteurs et MEMS : Films fonctionnels pour les applications de d\u00e9tection avanc\u00e9es<\/p>\n<h2><span style=\"font-size: 14pt;\">Rapports<\/span><\/h2>\n<p>Certificat d&rsquo;analyse (COA)<br \/>\nFiche de donn\u00e9es de s\u00e9curit\u00e9 (MSDS)<br \/>\nRapports sur les tests de densit\u00e9 et de puret\u00e9<br \/>\nCertification de qualit\u00e9 par une tierce partie en option sur demande<\/p>\n<h2><span style=\"font-size: 14pt;\">Pourquoi nous choisir ?<\/span><\/h2>\n<p>En tant que <strong data-start=\"130\" data-end=\"200\">fournisseur fiable de cibles de pulv\u00e9risation d&rsquo;oxyde d&rsquo;aluminium, d&rsquo;yttrium et de thulium<\/strong>, nous fournissons des <strong data-start=\"213\" data-end=\"250\" data-is-only-node=\"\">cibles de haute puret\u00e9 et de haute densit\u00e9<\/strong> con\u00e7ues pour une excellente uniformit\u00e9 du film, une forte adh\u00e9rence et des taux de d\u00e9p\u00f4t stables. Nos produits pr\u00e9sentent de <strong data-start=\"358\" data-end=\"451\">faibles niveaux d&rsquo;impuret\u00e9s, une st\u0153chiom\u00e9trie pr\u00e9cise et des dimensions et compositions personnalisables<\/strong>, ce qui les rend id\u00e9aux pour les <strong data-start=\"475\" data-end=\"552\">rev\u00eatements optiques, l&rsquo;\u00e9lectronique de pointe et les applications de technologie laser<\/strong>. Gr\u00e2ce \u00e0 un <strong data-start=\"559\" data-end=\"645\">contr\u00f4le rigoureux de la qualit\u00e9, \u00e0 une assistance technique experte et \u00e0 une livraison conforme \u00e0 l&rsquo;\u00e9chelle mondiale<\/strong>, nous garantissons un approvisionnement constant et fiable pour vos projets exigeants.<\/p>\n","protected":false},"excerpt":{"rendered":"<p>Vue d&rsquo;ensemble des cibles de pulv\u00e9risation d&rsquo;oxyde d&rsquo;aluminium, d&rsquo;yttrium et de thulium La cible de pulv\u00e9risation d&rsquo;oxyde d&rsquo;aluminium, d&rsquo;yttrium et de thulium est une cible composite c\u00e9ramique de premi\u00e8re qualit\u00e9 con\u00e7ue pour les applications de d\u00e9p\u00f4t de couches minces avanc\u00e9es n\u00e9cessitant une excellente stabilit\u00e9 thermique, une r\u00e9sistance m\u00e9canique et des propri\u00e9t\u00e9s optiques ou magn\u00e9tiques uniques. [&hellip;]<\/p>\n","protected":false},"featured_media":6848,"template":"","meta":{"_acf_changed":false},"product_brand":[132],"product_cat":[449],"product_tag":[1117],"class_list":{"0":"post-12470","1":"product","2":"type-product","3":"status-publish","4":"has-post-thumbnail","6":"product_brand-ulpmat","7":"product_cat-cible-de-pulverisation-ceramique","8":"product_tag-oxyde-daluminium-dyttrium-et-de-thulium","10":"first","11":"instock","12":"shipping-taxable","13":"product-type-variable"},"acf":[],"_links":{"self":[{"href":"https:\/\/ulpmat.com\/fr\/wp-json\/wp\/v2\/product\/12470","targetHints":{"allow":["GET"]}}],"collection":[{"href":"https:\/\/ulpmat.com\/fr\/wp-json\/wp\/v2\/product"}],"about":[{"href":"https:\/\/ulpmat.com\/fr\/wp-json\/wp\/v2\/types\/product"}],"wp:featuredmedia":[{"embeddable":true,"href":"https:\/\/ulpmat.com\/fr\/wp-json\/wp\/v2\/media\/6848"}],"wp:attachment":[{"href":"https:\/\/ulpmat.com\/fr\/wp-json\/wp\/v2\/media?parent=12470"}],"wp:term":[{"taxonomy":"product_brand","embeddable":true,"href":"https:\/\/ulpmat.com\/fr\/wp-json\/wp\/v2\/product_brand?post=12470"},{"taxonomy":"product_cat","embeddable":true,"href":"https:\/\/ulpmat.com\/fr\/wp-json\/wp\/v2\/product_cat?post=12470"},{"taxonomy":"product_tag","embeddable":true,"href":"https:\/\/ulpmat.com\/fr\/wp-json\/wp\/v2\/product_tag?post=12470"}],"curies":[{"name":"wp","href":"https:\/\/api.w.org\/{rel}","templated":true}]}}