{"id":12450,"date":"2025-07-18T17:14:50","date_gmt":"2025-07-18T09:14:50","guid":{"rendered":"https:\/\/ulpmat.com\/product\/oxynitrure-daluminium-2\/"},"modified":"2025-07-18T17:14:50","modified_gmt":"2025-07-18T09:14:50","slug":"oxynitrure-daluminium-2","status":"publish","type":"product","link":"https:\/\/ulpmat.com\/fr\/produit\/oxynitrure-daluminium-2\/","title":{"rendered":"Oxynitrure d&rsquo;aluminium"},"content":{"rendered":"<h2><span style=\"font-size: 14pt;\">Aper\u00e7u de la poudre d&rsquo;oxynitrure d&rsquo;aluminium<\/span><\/h2>\n<p><strong><span style=\"color: #3366ff;\"><a style=\"color: #3366ff;\" href=\"https:\/\/ulpmat.com\/fr\/recherche\/?type=element&#038;keyword=Al%2CO%2CN\">La poudre d&rsquo;oxynitrure d&rsquo;aluminium<\/a><\/span><\/strong> Est une poudre c\u00e9ramique avanc\u00e9e de haute performance connue pour sa r\u00e9sistance m\u00e9canique exceptionnelle, sa transparence optique dans le spectre visible \u00e0 moyennement infrarouge et son excellente stabilit\u00e9 thermique et chimique.<\/p>\n<p>L&rsquo;oxynitrure d&rsquo;aluminium a une structure cristalline spinelle cubique et est quatre fois plus dur que le verre de silice et trois fois plus dur que l&rsquo;acier. L&rsquo;oxynitrure d&rsquo;aluminium avec une structure de type spinelle, \u03b3-AlON, est l&rsquo;un des mat\u00e9riaux \u00e0 fort potentiel d&rsquo;application en tant que mat\u00e9riau r\u00e9fractaire. Les mat\u00e9riaux AlON, qu&rsquo;ils soient monophas\u00e9s ou composites, se caract\u00e9risent par de bonnes propri\u00e9t\u00e9s m\u00e9caniques, une r\u00e9sistance \u00e9lev\u00e9e aux chocs thermiques et une grande r\u00e9sistance \u00e0 la corrosion et \u00e0 l&rsquo;\u00e9rosion. Un autre avantage est la possibilit\u00e9 d&rsquo;utiliser la m\u00e9thode SHS pour produire des poudres frittables de \u03b3-AlON relativement bonnes, mais caract\u00e9ris\u00e9es par une mauvaise compressibilit\u00e9.<\/p>\n<p>Notre poudre d&rsquo;oxynitrure d&rsquo;aluminium de haute puret\u00e9 est synth\u00e9tis\u00e9e \u00e0 l&rsquo;aide de mati\u00e8res premi\u00e8res de haute puret\u00e9 et de techniques de traitement avanc\u00e9es afin de garantir une taille de particule, une puret\u00e9 de phase et une composition chimique constantes. Nous offrons \u00e9galement un service apr\u00e8s-vente complet &#8211; n&rsquo;h\u00e9sitez pas \u00e0 <span style=\"color: #3366ff;\"><a style=\"color: #3366ff;\" href=\"https:\/\/ulpmat.com\/fr\/contactez-nous\/\">n&rsquo;h\u00e9sitez pas \u00e0 nous contacter<\/a><\/span> n&rsquo;h\u00e9sitez pas \u00e0 nous contacter si vous avez des questions.<\/p>\n<h2><span style=\"font-size: 14pt;\">Points forts du produit<\/span><\/h2>\n<p>Puret\u00e9 : \u226599,9<br \/>\nPuret\u00e9 de phase \u00e9lev\u00e9e avec st\u0153chiom\u00e9trie contr\u00f4l\u00e9e de Al, O et N<br \/>\nDistribution uniforme de la taille des particules pour un excellent comportement au frittage<br \/>\nDuret\u00e9 m\u00e9canique et r\u00e9sistance \u00e0 la rupture exceptionnelles<br \/>\nPrix comp\u00e9titifs de la poudre d&rsquo;oxynitrure d&rsquo;aluminium<\/p>\n<h2><span style=\"font-size: 14pt;\">Applications de la poudre d&rsquo;oxynitrure d&rsquo;aluminium<\/span><\/h2>\n<p>Armures transparentes et fen\u00eatres pare-balles<br \/>\nComposants optiques, y compris les lentilles, les fen\u00eatres et les dispositifs laser<br \/>\nRev\u00eatements haute performance r\u00e9sistant \u00e0 l&rsquo;usure<br \/>\nComposants structurels pour l&rsquo;a\u00e9rospatiale et la d\u00e9fense<br \/>\nSubstrats \u00e9lectroniques et mat\u00e9riaux isolants<\/p>\n<h2><span style=\"font-size: 14pt;\">Rapports<\/span><\/h2>\n<p>Certificat d&rsquo;analyse (COA)<br \/>\nFiche de donn\u00e9es de s\u00e9curit\u00e9 (FDS)<br \/>\nRapports sur la distribution granulom\u00e9trique et la puret\u00e9 de la phase<br \/>\nPossibilit\u00e9 d&rsquo;essais et de certification par une tierce partie en option<\/p>\n<h2><span style=\"font-size: 14pt;\">Pourquoi nous choisir ?<\/span><\/h2>\n<p>En tant que <strong>fournisseur<\/strong> fiable <strong>de poudre d&rsquo;oxynitrure d&rsquo;aluminium<\/strong>, nous nous engageons \u00e0 fournir des produits de haute qualit\u00e9 qui r\u00e9pondent aux normes industrielles les plus strictes. Notre poudre d&rsquo;oxynitrure d&rsquo;aluminium se caract\u00e9rise par une grande puret\u00e9, une distribution granulom\u00e9trique stable et d&rsquo;excellentes propri\u00e9t\u00e9s optiques et m\u00e9caniques, ce qui la rend adapt\u00e9e \u00e0 des applications exigeantes. Nous proposons des prix comp\u00e9titifs, une personnalisation flexible et une livraison dans les d\u00e9lais, soutenus par une assistance technique professionnelle, ce qui vous garantit des mat\u00e9riaux de qualit\u00e9 sup\u00e9rieure et un service fiable.<\/p>\n","protected":false},"excerpt":{"rendered":"<p><strong><span style=\"color: #3366ff;\"><a style=\"color: #3366ff;\" href=\"https:\/\/ulpmat.com\/fr\/recherche\/?type=element&#038;keyword=Al%2CO%2CN\">La poudre d&rsquo;oxynitrure d&rsquo;aluminium<\/a><\/span><\/strong> Est une poudre c\u00e9ramique avanc\u00e9e de haute performance connue pour sa r\u00e9sistance m\u00e9canique exceptionnelle, sa transparence optique dans le spectre visible \u00e0 moyennement infrarouge et son excellente stabilit\u00e9 thermique et chimique.<\/p>\n","protected":false},"featured_media":6812,"template":"","meta":{"_acf_changed":false},"product_brand":[132],"product_cat":[335],"product_tag":[316,1105],"class_list":{"0":"post-12450","1":"product","2":"type-product","3":"status-publish","4":"has-post-thumbnail","6":"product_brand-ulpmat","7":"product_cat-oxydes","8":"product_tag-materiaux-optiques","9":"product_tag-oxynitrure-daluminium","11":"first","12":"instock","13":"shipping-taxable","14":"product-type-variable"},"acf":[],"_links":{"self":[{"href":"https:\/\/ulpmat.com\/fr\/wp-json\/wp\/v2\/product\/12450","targetHints":{"allow":["GET"]}}],"collection":[{"href":"https:\/\/ulpmat.com\/fr\/wp-json\/wp\/v2\/product"}],"about":[{"href":"https:\/\/ulpmat.com\/fr\/wp-json\/wp\/v2\/types\/product"}],"wp:featuredmedia":[{"embeddable":true,"href":"https:\/\/ulpmat.com\/fr\/wp-json\/wp\/v2\/media\/6812"}],"wp:attachment":[{"href":"https:\/\/ulpmat.com\/fr\/wp-json\/wp\/v2\/media?parent=12450"}],"wp:term":[{"taxonomy":"product_brand","embeddable":true,"href":"https:\/\/ulpmat.com\/fr\/wp-json\/wp\/v2\/product_brand?post=12450"},{"taxonomy":"product_cat","embeddable":true,"href":"https:\/\/ulpmat.com\/fr\/wp-json\/wp\/v2\/product_cat?post=12450"},{"taxonomy":"product_tag","embeddable":true,"href":"https:\/\/ulpmat.com\/fr\/wp-json\/wp\/v2\/product_tag?post=12450"}],"curies":[{"name":"wp","href":"https:\/\/api.w.org\/{rel}","templated":true}]}}