{"id":12442,"date":"2025-07-18T17:14:51","date_gmt":"2025-07-18T09:14:51","guid":{"rendered":"https:\/\/ulpmat.com\/product\/oxynitrure-daluminium\/"},"modified":"2025-07-18T17:14:51","modified_gmt":"2025-07-18T09:14:51","slug":"oxynitrure-daluminium","status":"publish","type":"product","link":"https:\/\/ulpmat.com\/fr\/produit\/oxynitrure-daluminium\/","title":{"rendered":"Oxynitrure d&rsquo;aluminium"},"content":{"rendered":"<h2><span style=\"font-size: 14pt;\">Vue d&rsquo;ensemble des cibles de pulv\u00e9risation d&rsquo;oxynitrure d&rsquo;aluminium<\/span><\/h2>\n<p><strong><span style=\"color: #3366ff;\"><a style=\"color: #3366ff;\" href=\"https:\/\/ulpmat.com\/fr\/recherche\/?type=element&#038;keyword=Al%2CO%2CN\">La cible de pulv\u00e9risation d&rsquo;oxynitrure d&rsquo;aluminium<\/a><\/span><\/strong> Est une cible c\u00e9ramique de qualit\u00e9 sup\u00e9rieure con\u00e7ue pour les applications avanc\u00e9es de d\u00e9p\u00f4t de couches minces. Combinant une excellente transparence optique, une grande duret\u00e9 et une stabilit\u00e9 chimique, les cibles d&rsquo;AlON permettent la fabrication de rev\u00eatements transparents et durables et de films fonctionnels utilis\u00e9s dans l&rsquo;optique, l&rsquo;\u00e9lectronique et les couches de protection.<\/p>\n<p>Nos cibles de pulv\u00e9risation d&rsquo;AlON sont fabriqu\u00e9es \u00e0 partir de mati\u00e8res premi\u00e8res de haute puret\u00e9, avec un contr\u00f4le pr\u00e9cis de la composition et de la microstructure, ce qui garantit des taux de pulv\u00e9risation constants, une qualit\u00e9 de film uniforme et une adh\u00e9rence sup\u00e9rieure. Nous proposons \u00e9galement un service apr\u00e8s-vente complet <span style=\"color: #3366ff;\"><a style=\"color: #3366ff;\" href=\"https:\/\/ulpmat.com\/fr\/contactez-nous\/\">n&rsquo;h\u00e9sitez pas \u00e0 nous contacter<\/a><\/span> n&rsquo;h\u00e9sitez pas \u00e0 nous contacter si vous avez des questions.<\/p>\n<h2><span style=\"font-size: 14pt;\">Points forts du produit<\/span><\/h2>\n<p>Oxynitrure d&rsquo;aluminium de grande puret\u00e9 : \u226599,9%<br \/>\nHaute densit\u00e9 et microstructure uniforme pour une pulv\u00e9risation stable<br \/>\nExcellente transparence optique et duret\u00e9 m\u00e9canique<br \/>\nStabilit\u00e9 chimique et thermique sup\u00e9rieure<br \/>\nCompatible avec les syst\u00e8mes de pulv\u00e9risation RF et DC<br \/>\nTailles et formes personnalis\u00e9es disponibles<\/p>\n<h2><span style=\"font-size: 14pt;\">Applications des cibles de pulv\u00e9risation d&rsquo;oxynitrure d&rsquo;aluminium<\/span><\/h2>\n<p>Rev\u00eatements protecteurs et antireflets transparents pour l&rsquo;optique et les \u00e9crans<br \/>\nRev\u00eatements durs et r\u00e9sistants \u00e0 l&rsquo;usure pour les outils et les composants industriels<br \/>\nCouches minces fonctionnelles dans les applications a\u00e9rospatiales et de d\u00e9fense<br \/>\nDispositifs \u00e9lectroniques n\u00e9cessitant des couches conductrices ou isolantes transparentes<br \/>\nOptique laser et technologies des capteurs<\/p>\n<h2><span style=\"font-size: 14pt;\">Rapports<\/span><\/h2>\n<p>Certificat d&rsquo;analyse (COA)<br \/>\nFiche de donn\u00e9es de s\u00e9curit\u00e9 (FDS)<br \/>\nRapports sur les tests de densit\u00e9 et de puret\u00e9<br \/>\nV\u00e9rification optionnelle de la qualit\u00e9 par un tiers<\/p>\n<h2><span style=\"font-size: 14pt;\">Pourquoi nous choisir ?<\/span><\/h2>\n<p>Mati\u00e8res premi\u00e8res de tr\u00e8s haute puret\u00e9 pour une qualit\u00e9 de film sup\u00e9rieure<br \/>\nLa fabrication de pr\u00e9cision garantit une densit\u00e9 et une uniformit\u00e9 \u00e9lev\u00e9es<br \/>\nAssistance technique compl\u00e8te pour la s\u00e9lection des cibles et l&rsquo;optimisation du processus de pulv\u00e9risation<br \/>\nCha\u00eene d&rsquo;approvisionnement mondiale avec une logistique et une documentation fiables<br \/>\n <strong>Fournisseur<\/strong> fiable <strong>d&rsquo;oxynitrure d&rsquo;aluminium<\/strong>, engagement en faveur de l&rsquo;innovation et de la satisfaction des clients<\/p>\n","protected":false},"excerpt":{"rendered":"<p>Vue d&rsquo;ensemble des cibles de pulv\u00e9risation d&rsquo;oxynitrure d&rsquo;aluminium La cible de pulv\u00e9risation d&rsquo;oxynitrure d&rsquo;aluminium Est une cible c\u00e9ramique de qualit\u00e9 sup\u00e9rieure con\u00e7ue pour les applications avanc\u00e9es de d\u00e9p\u00f4t de couches minces. Combinant une excellente transparence optique, une grande duret\u00e9 et une stabilit\u00e9 chimique, les cibles d&rsquo;AlON permettent la fabrication de rev\u00eatements transparents et durables et [&hellip;]<\/p>\n","protected":false},"featured_media":6824,"template":"","meta":{"_acf_changed":false},"product_brand":[132],"product_cat":[449],"product_tag":[316,1105],"class_list":{"0":"post-12442","1":"product","2":"type-product","3":"status-publish","4":"has-post-thumbnail","6":"product_brand-ulpmat","7":"product_cat-cible-de-pulverisation-ceramique","8":"product_tag-materiaux-optiques","9":"product_tag-oxynitrure-daluminium","11":"first","12":"instock","13":"shipping-taxable","14":"product-type-variable"},"acf":[],"_links":{"self":[{"href":"https:\/\/ulpmat.com\/fr\/wp-json\/wp\/v2\/product\/12442","targetHints":{"allow":["GET"]}}],"collection":[{"href":"https:\/\/ulpmat.com\/fr\/wp-json\/wp\/v2\/product"}],"about":[{"href":"https:\/\/ulpmat.com\/fr\/wp-json\/wp\/v2\/types\/product"}],"wp:featuredmedia":[{"embeddable":true,"href":"https:\/\/ulpmat.com\/fr\/wp-json\/wp\/v2\/media\/6824"}],"wp:attachment":[{"href":"https:\/\/ulpmat.com\/fr\/wp-json\/wp\/v2\/media?parent=12442"}],"wp:term":[{"taxonomy":"product_brand","embeddable":true,"href":"https:\/\/ulpmat.com\/fr\/wp-json\/wp\/v2\/product_brand?post=12442"},{"taxonomy":"product_cat","embeddable":true,"href":"https:\/\/ulpmat.com\/fr\/wp-json\/wp\/v2\/product_cat?post=12442"},{"taxonomy":"product_tag","embeddable":true,"href":"https:\/\/ulpmat.com\/fr\/wp-json\/wp\/v2\/product_tag?post=12442"}],"curies":[{"name":"wp","href":"https:\/\/api.w.org\/{rel}","templated":true}]}}