{"id":12212,"date":"2025-07-18T17:14:57","date_gmt":"2025-07-18T09:14:57","guid":{"rendered":"https:\/\/ulpmat.com\/product\/oxyde-de-lanthane-et-de-titane\/"},"modified":"2025-07-18T17:14:57","modified_gmt":"2025-07-18T09:14:57","slug":"oxyde-de-lanthane-et-de-titane","status":"publish","type":"product","link":"https:\/\/ulpmat.com\/fr\/produit\/oxyde-de-lanthane-et-de-titane\/","title":{"rendered":"Oxyde de lanthane et de titane"},"content":{"rendered":"<h2><span style=\"font-size: 14pt;\">Cible de pulv\u00e9risation de l&rsquo;oxyde de titane et de lanthane Vue d&rsquo;ensemble<\/span><\/h2>\n<p><strong><span style=\"color: #3366ff;\"><a style=\"color: #3366ff;\" href=\"https:\/\/ulpmat.com\/fr\/recherche\/?type=element&#038;keyword=La%2CTi%2CO\">La cible de pulv\u00e9risation d&rsquo;oxyde de titane et de lanthane (LTO)<\/a><\/span><\/strong> est un mat\u00e9riau de haute performance con\u00e7u pour le processus de d\u00e9p\u00f4t de couches minces. Elle pr\u00e9sente une stabilit\u00e9 thermique extr\u00eamement \u00e9lev\u00e9e et d&rsquo;excellentes propri\u00e9t\u00e9s physiques et chimiques. Elle est largement utilis\u00e9e pour le d\u00e9p\u00f4t de couches minces dans l&rsquo;\u00e9lectronique, l&rsquo;optique et les environnements \u00e0 haute temp\u00e9rature. La densit\u00e9 \u00e9lev\u00e9e et l&rsquo;excellente stabilit\u00e9 de ce mat\u00e9riau garantissent un d\u00e9p\u00f4t uniforme de couches minces et une excellente adh\u00e9rence, et conviennent \u00e0 divers domaines haut de gamme.<\/p>\n<p>Nous fournissons des cibles de pulv\u00e9risation d&rsquo;oxyde de titane et de lanthane de diff\u00e9rentes tailles et formes, y compris rondes, rectangulaires, etc., qui peuvent \u00eatre personnalis\u00e9es en fonction des besoins du client. En m\u00eame temps, nous fournissons un service apr\u00e8s-vente complet pour garantir que les utilisateurs n&rsquo;ont aucun souci pendant l&rsquo;utilisation.<\/p>\n<h2><span style=\"font-size: 14pt;\">Points forts du produit<\/span><\/h2>\n<p>LTO de haute puret\u00e9 : 99,99%<br \/>\nHaute densit\u00e9 pour assurer un d\u00e9p\u00f4t uniforme de la couche mince<br \/>\nTaille et forme personnalisables<br \/>\nLa fixation de la cible peut \u00eatre fournie<\/p>\n<h2><span style=\"font-size: 14pt;\">Applications de la cible de pulv\u00e9risation de l&rsquo;oxyde de titane et de lanthane<\/span><\/h2>\n<p>Semi-conducteurs : Largement utilis\u00e9 dans les couches di\u00e9lectriques, les couches conductrices et les couches d&rsquo;interconnexion dans le processus de fabrication des semi-conducteurs. La grande stabilit\u00e9 et l&rsquo;adaptabilit\u00e9 de La\u2084Ti\u2085O\u2081\u2082 lui permettent de tr\u00e8s bien fonctionner dans des conditions de temp\u00e9rature et de pression \u00e9lev\u00e9es.<br \/>\nRev\u00eatement optique : utilis\u00e9 comme couche r\u00e9fl\u00e9chissante optique, rev\u00eatement optique et \u00e9quipement optique, avec une r\u00e9flectivit\u00e9 et une stabilit\u00e9 \u00e9lev\u00e9es.<br \/>\nPhotovolta\u00efque : dans le d\u00e9p\u00f4t de couches minces de cellules solaires, il offre une r\u00e9flectivit\u00e9 \u00e9lev\u00e9e et une stabilit\u00e9 \u00e0 long terme, am\u00e9liorant ainsi les performances des cellules photovolta\u00efques.<br \/>\nEnvironnement \u00e0 haute temp\u00e9rature : le mat\u00e9riau cible peut r\u00e9sister \u00e0 un environnement sous vide \u00e0 haute temp\u00e9rature et est souvent utilis\u00e9 dans les r\u00e9actions chimiques \u00e0 haute temp\u00e9rature et les r\u00e9actions catalytiques.<\/p>\n<h2><span style=\"font-size: 14pt;\">Rapport<\/span><\/h2>\n<p>Nous fournissons un certificat d&rsquo;analyse (COA), une fiche de donn\u00e9es de s\u00e9curit\u00e9 (MSDS) et d&rsquo;autres rapports pertinents pour chaque lot de marchandises. En outre, nous prenons \u00e9galement en charge les tests effectu\u00e9s par des tiers afin d&rsquo;am\u00e9liorer l&rsquo;assurance qualit\u00e9.<\/p>\n<h2><span style=\"font-size: 14pt;\">Pourquoi nous choisir ?<\/span><\/h2>\n<p>Nos cibles de pulv\u00e9risation d&rsquo;oxyde de lanthane et de titane pr\u00e9sentent une excellente densit\u00e9, une microstructure uniforme et des performances fiables en mati\u00e8re de d\u00e9p\u00f4t de couches minces. En tant que fournisseur de confiance, nous assurons un contr\u00f4le de qualit\u00e9 strict, des options de personnalisation, des prix comp\u00e9titifs et une livraison mondiale s\u00e9curis\u00e9e pour soutenir les applications industrielles et de recherche.<\/p>\n","protected":false},"excerpt":{"rendered":"<p>Cible de pulv\u00e9risation de l&rsquo;oxyde de titane et de lanthane Vue d&rsquo;ensemble La cible de pulv\u00e9risation d&rsquo;oxyde de titane et de lanthane (LTO) est un mat\u00e9riau de haute performance con\u00e7u pour le processus de d\u00e9p\u00f4t de couches minces. Elle pr\u00e9sente une stabilit\u00e9 thermique extr\u00eamement \u00e9lev\u00e9e et d&rsquo;excellentes propri\u00e9t\u00e9s physiques et chimiques. Elle est largement utilis\u00e9e [&hellip;]<\/p>\n","protected":false},"featured_media":6872,"template":"","meta":{"_acf_changed":false},"product_brand":[132],"product_cat":[449],"product_tag":[1024,439,1022,1023],"class_list":{"0":"post-12212","1":"product","2":"type-product","3":"status-publish","4":"has-post-thumbnail","6":"product_brand-ulpmat","7":"product_cat-cible-de-pulverisation-ceramique","8":"product_tag-lto-fr","9":"product_tag-materiaux-a-base-de-terres-rares","10":"product_tag-oxyde-de-lanthane-et-de-titane","11":"product_tag-titanate-de-lanthane","13":"first","14":"instock","15":"shipping-taxable","16":"product-type-variable"},"acf":[],"_links":{"self":[{"href":"https:\/\/ulpmat.com\/fr\/wp-json\/wp\/v2\/product\/12212","targetHints":{"allow":["GET"]}}],"collection":[{"href":"https:\/\/ulpmat.com\/fr\/wp-json\/wp\/v2\/product"}],"about":[{"href":"https:\/\/ulpmat.com\/fr\/wp-json\/wp\/v2\/types\/product"}],"wp:featuredmedia":[{"embeddable":true,"href":"https:\/\/ulpmat.com\/fr\/wp-json\/wp\/v2\/media\/6872"}],"wp:attachment":[{"href":"https:\/\/ulpmat.com\/fr\/wp-json\/wp\/v2\/media?parent=12212"}],"wp:term":[{"taxonomy":"product_brand","embeddable":true,"href":"https:\/\/ulpmat.com\/fr\/wp-json\/wp\/v2\/product_brand?post=12212"},{"taxonomy":"product_cat","embeddable":true,"href":"https:\/\/ulpmat.com\/fr\/wp-json\/wp\/v2\/product_cat?post=12212"},{"taxonomy":"product_tag","embeddable":true,"href":"https:\/\/ulpmat.com\/fr\/wp-json\/wp\/v2\/product_tag?post=12212"}],"curies":[{"name":"wp","href":"https:\/\/api.w.org\/{rel}","templated":true}]}}