{"id":12180,"date":"2025-07-18T17:14:57","date_gmt":"2025-07-18T09:14:57","guid":{"rendered":"https:\/\/ulpmat.com\/product\/oxyde-de-lanthane-et-daluminium\/"},"modified":"2025-07-18T17:14:57","modified_gmt":"2025-07-18T09:14:57","slug":"oxyde-de-lanthane-et-daluminium","status":"publish","type":"product","link":"https:\/\/ulpmat.com\/fr\/produit\/oxyde-de-lanthane-et-daluminium\/","title":{"rendered":"Oxyde de lanthane et d&rsquo;aluminium"},"content":{"rendered":"<h2><span style=\"font-size: 14pt;\">Cible de pulv\u00e9risation en aluminate de lanthane Vue d&rsquo;ensemble<\/span><\/h2>\n<p><strong><span style=\"color: #3366ff;\"><a style=\"color: #3366ff;\" href=\"https:\/\/ulpmat.com\/fr\/recherche\/?type=element&#038;keyword=La%2CAl%2CO\">Les cibles de pulv\u00e9risation d&rsquo;aluminate de lanthane (LaAlO3)<\/a><\/span><\/strong> sont des mat\u00e9riaux de haute performance con\u00e7us pour les processus de d\u00e9p\u00f4t de couches minces avec une excellente stabilit\u00e9 chimique et thermique. D&rsquo;une puret\u00e9 allant jusqu&rsquo;\u00e0 99,9 %, elles garantissent une formation uniforme du film, une forte adh\u00e9rence et une teneur en impuret\u00e9s extr\u00eamement faible. Les mat\u00e9riaux \u00e0 base d&rsquo;oxyde de lanthane et d&rsquo;aluminium sont largement utilis\u00e9s dans divers domaines de la haute technologie, en particulier pour le d\u00e9p\u00f4t de couches minces \u00e0 haute temp\u00e9rature et dans des environnements difficiles.<\/p>\n<p>Nous proposons des cibles de pulv\u00e9risation d&rsquo;aluminate de lanthane de haute puret\u00e9 de diff\u00e9rentes formes et tailles, y compris rondes et rectangulaires, qui peuvent \u00eatre personnalis\u00e9es en fonction de vos besoins sp\u00e9cifiques. Nous fournissons \u00e9galement un service apr\u00e8s-vente complet, si vous avez des questions sur l&rsquo;utilisation, n&rsquo;h\u00e9sitez pas \u00e0 <span style=\"color: #3366ff;\"><a style=\"color: #3366ff;\" href=\"https:\/\/ulpmat.com\/fr\/contactez-nous\/\">n&rsquo;h\u00e9sitez pas \u00e0 nous contacter<\/a><\/span>.<\/p>\n<h2><span style=\"font-size: 14pt;\">Points forts du produit<\/span><\/h2>\n<p>Puret\u00e9 : 99,9<br \/>\nDensit\u00e9 \u00e9lev\u00e9e, garantissant un d\u00e9p\u00f4t uniforme de couches minces<br \/>\nTaille et forme personnalisables<br \/>\nService de collage de cibles disponible<\/p>\n<h2><span style=\"font-size: 14pt;\">Applications de la cible de pulv\u00e9risation d&rsquo;oxyde de lanthane et d&rsquo;aluminium<\/span><\/h2>\n<p>Semi-conducteurs : En raison de son excellente constante di\u00e9lectrique, elle convient aux mat\u00e9riaux di\u00e9lectriques en couches minces, en particulier dans les processus micro\u00e9lectroniques et MEMS.<br \/>\n\u00c9crans plats : utilis\u00e9s comme couches r\u00e9fl\u00e9chissantes ou couches d&rsquo;\u00e9lectrodes pour les \u00e9crans LCD et OLED afin d&rsquo;am\u00e9liorer les performances de l&rsquo;\u00e9cran.<br \/>\nRev\u00eatements optiques : utilis\u00e9s pour le d\u00e9p\u00f4t de couches minces sur les lentilles, les r\u00e9flecteurs et d&rsquo;autres composants optiques afin d&rsquo;obtenir d&rsquo;excellentes performances optiques.<br \/>\n\u00c9nergie : applications importantes dans le domaine de l&rsquo;\u00e9nergie, telles que les piles \u00e0 combustible \u00e0 oxyde solide (SOFC) et les supercondensateurs \u00e0 haute temp\u00e9rature.<br \/>\nApplications \u00e0 haute temp\u00e9rature : LaAlO3, en tant que mat\u00e9riau \u00e0 haute constante di\u00e9lectrique, peut \u00eatre largement utilis\u00e9 dans la catalyse, les capteurs et les couches d&rsquo;isolation \u00e0 haute temp\u00e9rature dans des environnements \u00e0 haute temp\u00e9rature.<\/p>\n<h2><span style=\"font-size: 14pt;\">Rapports<\/span><\/h2>\n<p>Nous fournissons des certificats d&rsquo;analyse, des fiches de donn\u00e9es de s\u00e9curit\u00e9 et d&rsquo;autres rapports pertinents pour chaque lot de marchandises. En outre, nous prenons \u00e9galement en charge les tests effectu\u00e9s par des tiers afin d&rsquo;am\u00e9liorer l&rsquo;assurance qualit\u00e9.<\/p>\n<h2><span style=\"font-size: 14pt;\">Pourquoi nous choisir ?<\/span><\/h2>\n<p>En tant que fournisseur de cibles de pulv\u00e9risation d&rsquo;aluminate de lanthane de haute puret\u00e9, nous offrons une excellente uniformit\u00e9, une haute densit\u00e9, une composition pr\u00e9cise et un approvisionnement fiable, soutenus par un support technique professionnel afin d&rsquo;assurer des performances optimales dans les applications \u00e9lectroniques et de couches minces.<\/p>\n","protected":false},"excerpt":{"rendered":"<p>Cible de pulv\u00e9risation en aluminate de lanthane Vue d&rsquo;ensemble Les cibles de pulv\u00e9risation d&rsquo;aluminate de lanthane (LaAlO3) sont des mat\u00e9riaux de haute performance con\u00e7us pour les processus de d\u00e9p\u00f4t de couches minces avec une excellente stabilit\u00e9 chimique et thermique. D&rsquo;une puret\u00e9 allant jusqu&rsquo;\u00e0 99,9 %, elles garantissent une formation uniforme du film, une forte adh\u00e9rence [&hellip;]<\/p>\n","protected":false},"featured_media":6878,"template":"","meta":{"_acf_changed":false},"product_brand":[132],"product_cat":[449],"product_tag":[1005,1006,439,1004],"class_list":{"0":"post-12180","1":"product","2":"type-product","3":"status-publish","4":"has-post-thumbnail","6":"product_brand-ulpmat","7":"product_cat-cible-de-pulverisation-ceramique","8":"product_tag-aluminate-de-lanthane","9":"product_tag-lao-fr","10":"product_tag-materiaux-a-base-de-terres-rares","11":"product_tag-oxyde-de-lanthane-et-daluminium","13":"first","14":"instock","15":"shipping-taxable","16":"product-type-variable"},"acf":[],"_links":{"self":[{"href":"https:\/\/ulpmat.com\/fr\/wp-json\/wp\/v2\/product\/12180","targetHints":{"allow":["GET"]}}],"collection":[{"href":"https:\/\/ulpmat.com\/fr\/wp-json\/wp\/v2\/product"}],"about":[{"href":"https:\/\/ulpmat.com\/fr\/wp-json\/wp\/v2\/types\/product"}],"wp:featuredmedia":[{"embeddable":true,"href":"https:\/\/ulpmat.com\/fr\/wp-json\/wp\/v2\/media\/6878"}],"wp:attachment":[{"href":"https:\/\/ulpmat.com\/fr\/wp-json\/wp\/v2\/media?parent=12180"}],"wp:term":[{"taxonomy":"product_brand","embeddable":true,"href":"https:\/\/ulpmat.com\/fr\/wp-json\/wp\/v2\/product_brand?post=12180"},{"taxonomy":"product_cat","embeddable":true,"href":"https:\/\/ulpmat.com\/fr\/wp-json\/wp\/v2\/product_cat?post=12180"},{"taxonomy":"product_tag","embeddable":true,"href":"https:\/\/ulpmat.com\/fr\/wp-json\/wp\/v2\/product_tag?post=12180"}],"curies":[{"name":"wp","href":"https:\/\/api.w.org\/{rel}","templated":true}]}}