{"id":12154,"date":"2025-07-18T17:14:58","date_gmt":"2025-07-18T09:14:58","guid":{"rendered":"https:\/\/ulpmat.com\/product\/borure-de-lanthane-2\/"},"modified":"2025-07-18T17:14:58","modified_gmt":"2025-07-18T09:14:58","slug":"borure-de-lanthane-2","status":"publish","type":"product","link":"https:\/\/ulpmat.com\/fr\/produit\/borure-de-lanthane-2\/","title":{"rendered":"Borure de lanthane"},"content":{"rendered":"<h2><span style=\"font-size: 14pt;\">Aper\u00e7u du fil de borure de lanthane<\/span><\/h2>\n<p><strong><span style=\"color: #3366ff;\"><a style=\"color: #3366ff;\" href=\"https:\/\/ulpmat.com\/fr\/recherche\/?type=name&#038;keyword=lab6\">Le fil de borure de lanthane<\/a><\/span><\/strong> est un mat\u00e9riau de haute performance con\u00e7u pour les applications \u00e0 haute temp\u00e9rature et \u00e0 forte charge. Il pr\u00e9sente une excellente conductivit\u00e9 thermique, une r\u00e9sistance aux temp\u00e9ratures \u00e9lev\u00e9es et une grande duret\u00e9. Il est largement utilis\u00e9 dans l&rsquo;\u00e9lectronique haut de gamme, les rev\u00eatements optiques et les rev\u00eatements m\u00e9talliques sp\u00e9ciaux.<\/p>\n<p>Nous fournissons des barres de borure de lanthane dans diff\u00e9rentes tailles et sp\u00e9cifications, y compris des tailles standard et des conceptions personnalis\u00e9es, afin de r\u00e9pondre aux besoins des diff\u00e9rents clients. En outre, nous fournissons \u00e0 nos clients un service apr\u00e8s-vente complet. Si vous avez des questions sur l&rsquo;utilisation ou la technologie du produit, n&rsquo;h\u00e9sitez pas \u00e0 <span style=\"color: #3366ff;\"><a style=\"color: #3366ff;\" href=\"https:\/\/ulpmat.com\/fr\/contactez-nous\/\">nous contacter<\/a><\/span>.<\/p>\n<h2><span style=\"font-size: 14pt;\">Points forts du produit<\/span><\/h2>\n<p>Duret\u00e9 \u00e9lev\u00e9e, adapt\u00e9e aux environnements \u00e0 forte charge<br \/>\nBonne conductivit\u00e9 thermique, adapt\u00e9e aux applications \u00e0 haute temp\u00e9rature<br \/>\nTaille et forme personnalisables<br \/>\nConvient aux environnements sous vide \u00e0 haute temp\u00e9rature, aux rev\u00eatements m\u00e9talliques sp\u00e9ciaux et aux rev\u00eatements optiques<\/p>\n<h2><span style=\"font-size: 14pt;\">Applications du fil de borure de lanthane<\/span><\/h2>\n<p>Application sous vide \u00e0 haute temp\u00e9rature : En raison de son excellente r\u00e9sistance aux temp\u00e9ratures \u00e9lev\u00e9es, les barres de LaB6 sont largement utilis\u00e9es dans les environnements sous vide \u00e0 haute temp\u00e9rature, tels que les mat\u00e9riaux \u00e0 haute temp\u00e9rature et les \u00e9quipements de rev\u00eatement sous vide.<\/p>\n<p>Semi-conducteurs et appareils \u00e9lectroniques : Les barres de borure de lanthane sont largement utilis\u00e9es dans la fabrication de semi-conducteurs et de dispositifs \u00e9lectroniques en raison de leur bonne conductivit\u00e9 et de leur stabilit\u00e9 thermique.<\/p>\n<p>Rev\u00eatement optique : Dans le domaine du rev\u00eatement optique, les b\u00e2tonnets de LaB\u2086 sont utilis\u00e9s comme mat\u00e9riaux \u00e0 haute r\u00e9flectivit\u00e9 pour le rev\u00eatement des r\u00e9flecteurs et des lentilles.<\/p>\n<p>Rev\u00eatements m\u00e9talliques sp\u00e9ciaux : Les barres de LaB6 peuvent am\u00e9liorer efficacement la r\u00e9sistance \u00e0 l&rsquo;usure et \u00e0 la corrosion des rev\u00eatements et conviennent aux applications de rev\u00eatement dans les domaines a\u00e9rospatial et militaire.<\/p>\n<p>\u00c9l\u00e9ments chauffants \u00e0 haute temp\u00e9rature : En raison de leur excellente conductivit\u00e9 thermique, les barres LaB\u2086 peuvent \u00e9galement \u00eatre utilis\u00e9es dans la fabrication d&rsquo;\u00e9l\u00e9ments chauffants.<\/p>\n<h2><span style=\"font-size: 14pt;\">Rapports<\/span><\/h2>\n<p>Nous fournissons un certificat d&rsquo;analyse (COA), une fiche de donn\u00e9es de s\u00e9curit\u00e9 (MSDS) et d&rsquo;autres rapports pertinents pour chaque exp\u00e9dition. En outre, nous prenons \u00e9galement en charge les tests effectu\u00e9s par des tiers afin d&rsquo;am\u00e9liorer l&rsquo;assurance qualit\u00e9.<\/p>\n<h2><span style=\"font-size: 14pt;\">Pourquoi nous choisir ?<\/span><\/h2>\n<p>En tant que fournisseur de confiance d&rsquo;<strong>hexaborure de lanthane de haute puret\u00e9<\/strong>, nous fournissons des performances sup\u00e9rieures en mati\u00e8re d&rsquo;\u00e9mission d&rsquo;\u00e9lectrons, une taille de particule contr\u00f4l\u00e9e, une qualit\u00e9 constante et un approvisionnement fiable, soutenus par des conseils techniques professionnels pour les applications \u00e9lectroniques avanc\u00e9es et les applications sous vide.<\/p>\n","protected":false},"excerpt":{"rendered":"<p>Aper\u00e7u du fil de borure de lanthane Le fil de borure de lanthane est un mat\u00e9riau de haute performance con\u00e7u pour les applications \u00e0 haute temp\u00e9rature et \u00e0 forte charge. Il pr\u00e9sente une excellente conductivit\u00e9 thermique, une r\u00e9sistance aux temp\u00e9ratures \u00e9lev\u00e9es et une grande duret\u00e9. Il est largement utilis\u00e9 dans l&rsquo;\u00e9lectronique haut de gamme, les [&hellip;]<\/p>\n","protected":false},"featured_media":5552,"template":"","meta":{"_acf_changed":false},"product_brand":[132],"product_cat":[394],"product_tag":[439],"class_list":{"0":"post-12154","1":"product","2":"type-product","3":"status-publish","4":"has-post-thumbnail","6":"product_brand-ulpmat","7":"product_cat-autres-materiaux","8":"product_tag-materiaux-a-base-de-terres-rares","10":"first","11":"instock","12":"shipping-taxable","13":"product-type-variable"},"acf":[],"_links":{"self":[{"href":"https:\/\/ulpmat.com\/fr\/wp-json\/wp\/v2\/product\/12154","targetHints":{"allow":["GET"]}}],"collection":[{"href":"https:\/\/ulpmat.com\/fr\/wp-json\/wp\/v2\/product"}],"about":[{"href":"https:\/\/ulpmat.com\/fr\/wp-json\/wp\/v2\/types\/product"}],"wp:featuredmedia":[{"embeddable":true,"href":"https:\/\/ulpmat.com\/fr\/wp-json\/wp\/v2\/media\/5552"}],"wp:attachment":[{"href":"https:\/\/ulpmat.com\/fr\/wp-json\/wp\/v2\/media?parent=12154"}],"wp:term":[{"taxonomy":"product_brand","embeddable":true,"href":"https:\/\/ulpmat.com\/fr\/wp-json\/wp\/v2\/product_brand?post=12154"},{"taxonomy":"product_cat","embeddable":true,"href":"https:\/\/ulpmat.com\/fr\/wp-json\/wp\/v2\/product_cat?post=12154"},{"taxonomy":"product_tag","embeddable":true,"href":"https:\/\/ulpmat.com\/fr\/wp-json\/wp\/v2\/product_tag?post=12154"}],"curies":[{"name":"wp","href":"https:\/\/api.w.org\/{rel}","templated":true}]}}