{"id":12122,"date":"2025-07-18T17:14:58","date_gmt":"2025-07-18T09:14:58","guid":{"rendered":"https:\/\/ulpmat.com\/product\/borure-de-lanthane\/"},"modified":"2025-07-18T17:14:58","modified_gmt":"2025-07-18T09:14:58","slug":"borure-de-lanthane","status":"publish","type":"product","link":"https:\/\/ulpmat.com\/fr\/produit\/borure-de-lanthane\/","title":{"rendered":"Borure de lanthane"},"content":{"rendered":"<h2><span style=\"font-size: 14pt;\">Cible de pulv\u00e9risation de l&rsquo;hexaboride de lanthane Vue d&rsquo;ensemble<\/span><\/h2>\n<p><strong><span style=\"color: #3366ff;\"><a style=\"color: #3366ff;\" href=\"https:\/\/ulpmat.com\/fr\/recherche\/?type=name&#038;keyword=lab6\">Les cibles de pulv\u00e9risation de l&rsquo;hexaboride de lanthane (LaB6)<\/a><\/span><\/strong> sont des mat\u00e9riaux cl\u00e9s con\u00e7us pour les processus de d\u00e9p\u00f4t de couches minces \u00e0 haute performance. D&rsquo;une puret\u00e9 de 99,5 %, elles pr\u00e9sentent d&rsquo;excellentes propri\u00e9t\u00e9s d&rsquo;\u00e9mission d&rsquo;\u00e9lectrons et de stabilit\u00e9 thermique, garantissant une excellente uniformit\u00e9, une forte adh\u00e9rence et une faible d\u00e9fectuosit\u00e9 lors du d\u00e9p\u00f4t de couches minces.<\/p>\n<p>Nous proposons des cibles de pulv\u00e9risation d&rsquo;hexaborure de lanthane dans une vari\u00e9t\u00e9 de formes et de tailles, y compris des formes rondes, rectangulaires et d&rsquo;autres formes sp\u00e9ciales, et nous pouvons les personnaliser en fonction des exigences sp\u00e9cifiques de votre processus. Notre \u00e9quipe technique professionnelle est toujours disponible pour vous fournir des services complets de consultation avant-vente et d&rsquo;assistance apr\u00e8s-vente.<\/p>\n<h2><span style=\"font-size: 14pt;\">Points forts du produit<\/span><\/h2>\n<p>Puret\u00e9 : 99,5<br \/>\nDensit\u00e9 \u00e9lev\u00e9e, garantissant des performances de pulv\u00e9risation stables<br \/>\nExcellentes propri\u00e9t\u00e9s d&rsquo;\u00e9mission d&rsquo;\u00e9lectrons<br \/>\nTaille et forme personnalisables<br \/>\nExcellente r\u00e9sistance aux temp\u00e9ratures \u00e9lev\u00e9es et \u00e0 l&rsquo;oxydation<br \/>\nEmballage personnalisable<\/p>\n<h2><span style=\"font-size: 14pt;\">Applications de la cible de pulv\u00e9risation de l&rsquo;hexaboride de lanthane<\/span><\/h2>\n<p>Fabrication de semi-conducteurs : utilis\u00e9e pour pr\u00e9parer des couches d&rsquo;\u00e9mission d&rsquo;\u00e9lectrons et des films conducteurs de haute pr\u00e9cision, particuli\u00e8rement adapt\u00e9s \u00e0 la fabrication de dispositifs semi-conducteurs de haute pr\u00e9cision.<br \/>\n\u00c9crans plats : En tant que mat\u00e9riaux d&rsquo;\u00e9mission d&rsquo;\u00e9lectrons de haute performance, ils sont utilis\u00e9s dans les technologies d&rsquo;affichage avanc\u00e9es telles que l&rsquo;affichage par \u00e9mission de champ (FED).<br \/>\nMicroscopes \u00e9lectroniques : Utilis\u00e9s pour fabriquer les cathodes des canons \u00e0 \u00e9lectrons, qui fournissent des sources de faisceaux d&rsquo;\u00e9lectrons stables et \u00e0 haute luminosit\u00e9.<br \/>\nRev\u00eatements sp\u00e9ciaux : utilis\u00e9s dans le domaine a\u00e9rospatial pour pr\u00e9parer des rev\u00eatements fonctionnels r\u00e9sistants aux temp\u00e9ratures \u00e9lev\u00e9es et \u00e0 l&rsquo;oxydation.<\/p>\n<h2><span style=\"font-size: 14pt;\">Rapports<\/span><\/h2>\n<p>Nous fournissons des certificats d&rsquo;analyse (COA), des fiches de donn\u00e9es de s\u00e9curit\u00e9 (MSDS) et d&rsquo;autres rapports pertinents pour chaque exp\u00e9dition. En outre, nous prenons \u00e9galement en charge les tests effectu\u00e9s par des tiers afin d&rsquo;am\u00e9liorer l&rsquo;assurance qualit\u00e9.<\/p>\n","protected":false},"excerpt":{"rendered":"<p>Cible de pulv\u00e9risation de l&rsquo;hexaboride de lanthane Vue d&rsquo;ensemble Les cibles de pulv\u00e9risation de l&rsquo;hexaboride de lanthane (LaB6) sont des mat\u00e9riaux cl\u00e9s con\u00e7us pour les processus de d\u00e9p\u00f4t de couches minces \u00e0 haute performance. D&rsquo;une puret\u00e9 de 99,5 %, elles pr\u00e9sentent d&rsquo;excellentes propri\u00e9t\u00e9s d&rsquo;\u00e9mission d&rsquo;\u00e9lectrons et de stabilit\u00e9 thermique, garantissant une excellente uniformit\u00e9, une forte [&hellip;]<\/p>\n","protected":false},"featured_media":6884,"template":"","meta":{"_acf_changed":false},"product_brand":[132],"product_cat":[449],"product_tag":[439],"class_list":{"0":"post-12122","1":"product","2":"type-product","3":"status-publish","4":"has-post-thumbnail","6":"product_brand-ulpmat","7":"product_cat-cible-de-pulverisation-ceramique","8":"product_tag-materiaux-a-base-de-terres-rares","10":"first","11":"instock","12":"shipping-taxable","13":"product-type-variable"},"acf":[],"_links":{"self":[{"href":"https:\/\/ulpmat.com\/fr\/wp-json\/wp\/v2\/product\/12122","targetHints":{"allow":["GET"]}}],"collection":[{"href":"https:\/\/ulpmat.com\/fr\/wp-json\/wp\/v2\/product"}],"about":[{"href":"https:\/\/ulpmat.com\/fr\/wp-json\/wp\/v2\/types\/product"}],"wp:featuredmedia":[{"embeddable":true,"href":"https:\/\/ulpmat.com\/fr\/wp-json\/wp\/v2\/media\/6884"}],"wp:attachment":[{"href":"https:\/\/ulpmat.com\/fr\/wp-json\/wp\/v2\/media?parent=12122"}],"wp:term":[{"taxonomy":"product_brand","embeddable":true,"href":"https:\/\/ulpmat.com\/fr\/wp-json\/wp\/v2\/product_brand?post=12122"},{"taxonomy":"product_cat","embeddable":true,"href":"https:\/\/ulpmat.com\/fr\/wp-json\/wp\/v2\/product_cat?post=12122"},{"taxonomy":"product_tag","embeddable":true,"href":"https:\/\/ulpmat.com\/fr\/wp-json\/wp\/v2\/product_tag?post=12122"}],"curies":[{"name":"wp","href":"https:\/\/api.w.org\/{rel}","templated":true}]}}