{"id":12025,"date":"2025-07-18T17:15:00","date_gmt":"2025-07-18T09:15:00","guid":{"rendered":"https:\/\/ulpmat.com\/product\/oxyde-de-fer-et-de-lanthane\/"},"modified":"2025-07-18T17:15:00","modified_gmt":"2025-07-18T09:15:00","slug":"oxyde-de-fer-et-de-lanthane","status":"publish","type":"product","link":"https:\/\/ulpmat.com\/fr\/produit\/oxyde-de-fer-et-de-lanthane\/","title":{"rendered":"Oxyde de fer et de lanthane"},"content":{"rendered":"<h2><span style=\"font-size: 14pt;\">Cible de pulv\u00e9risation cathodique d&rsquo;oxyde de fer et de lanthane Vue d&rsquo;ensemble<\/span><\/h2>\n<p><strong><span style=\"color: #3366ff;\"><a style=\"color: #3366ff;\" href=\"https:\/\/ulpmat.com\/fr\/recherche\/?type=element&#038;keyword=La%2CFe%2CO\">La cible de pulv\u00e9risation d&rsquo;oxyde de fer au lanthane<\/a><\/span><\/strong> est une cible d&rsquo;oxyde multifonctionnelle \u00e0 structure p\u00e9rovskite, largement utilis\u00e9e dans la recherche et l&rsquo;industrie dans des domaines tels que la catalyse, l&rsquo;\u00e9lectrocatalyse, la d\u00e9tection de gaz, l&rsquo;opto\u00e9lectronique, la ferro\u00e9lectricit\u00e9 et les films magn\u00e9tiques. Nous fournissons des cibles d&rsquo;oxyde de fer de lanthane pures \u00e0 99,9 %, qui sont trait\u00e9es par des processus de frittage et de densification de pr\u00e9cision afin de garantir l&rsquo;uniformit\u00e9, la densit\u00e9 et la stabilit\u00e9 chimique des films et de r\u00e9pondre aux exigences de processus complexes.<\/p>\n<p>Nous pouvons fournir des cibles d&rsquo;oxyde de fer au lanthane de diff\u00e9rentes formes et tailles, et nous pouvons \u00e9galement les personnaliser en fonction des param\u00e8tres sp\u00e9cifiques de votre \u00e9quipement et de vos besoins en mati\u00e8re de recherche. Parall\u00e8lement, nous fournissons une assistance technique compl\u00e8te et un service apr\u00e8s-vente pour vous aider \u00e0 maximiser les performances de vos mat\u00e9riaux.<\/p>\n<h2><span style=\"font-size: 14pt;\">Points forts du produit<\/span><\/h2>\n<p>Puret\u00e9 : 99,9 %, faible teneur en impuret\u00e9s, excellente stabilit\u00e9<br \/>\nCible c\u00e9ramique de haute densit\u00e9, adapt\u00e9e aux processus tels que la pulv\u00e9risation magn\u00e9tron et le d\u00e9p\u00f4t par laser puls\u00e9 (PLD)<br \/>\nPrise en charge de sp\u00e9cifications et de param\u00e8tres de frittage personnalis\u00e9s<br \/>\nUn service de fixation des cibles est disponible<br \/>\nStructure p\u00e9rovskite, avec un excellent transport d&rsquo;\u00e9lectrons et une activit\u00e9 redox<\/p>\n<h2><span style=\"font-size: 14pt;\">Applications de la cible de pulv\u00e9risation de l&rsquo;oxyde de fer et de lanthane<\/span><\/h2>\n<p>Capteurs de gaz et films catalytiques : LaFeO3 pr\u00e9sente une r\u00e9ponse et une s\u00e9lectivit\u00e9 excellentes pour la d\u00e9tection des gaz \u00e0 haute temp\u00e9rature et la surveillance de l&rsquo;environnement.<br \/>\n\u00c9lectrocatalyse et piles \u00e0 combustible : En tant que mat\u00e9riau cathodique, il pr\u00e9sente de bonnes performances en mati\u00e8re de catalyse de r\u00e9duction de l&rsquo;oxyg\u00e8ne et convient aux piles \u00e0 combustible \u00e0 oxyde solide (SOFC).<br \/>\nRecherche sur les mat\u00e9riaux magn\u00e9tiques et multiferro\u00efques : Il peut \u00eatre utilis\u00e9 pour pr\u00e9parer des films fonctionnels pr\u00e9sentant des propri\u00e9t\u00e9s antiferromagn\u00e9tiques ou ferro\u00e9lectriques.<br \/>\nOpto\u00e9lectronique et capteurs : Ses propri\u00e9t\u00e9s d&rsquo;absorption de la lumi\u00e8re et de transport des charges lui conf\u00e8rent de vastes perspectives en mati\u00e8re de photocatalyse et de dispositifs opto\u00e9lectroniques.<\/p>\n<h2><span style=\"font-size: 14pt;\">Rapports<\/span><\/h2>\n<p>Nous fournissons des certificats d&rsquo;analyse, des fiches de donn\u00e9es de s\u00e9curit\u00e9 et d&rsquo;autres rapports pertinents pour chaque lot de marchandises. En outre, nous prenons \u00e9galement en charge les tests effectu\u00e9s par des tiers afin d&rsquo;am\u00e9liorer l&rsquo;assurance qualit\u00e9.<\/p>\n<h2><span style=\"font-size: 14pt;\">Pourquoi nous choisir ?<\/span><\/h2>\n<p>Nous fournissons des <strong>cibles de pulv\u00e9risation d&rsquo;oxyde de fer lanthane de haute puret\u00e9<\/strong> avec une excellente densit\u00e9, une microstructure uniforme et des performances fiables dans le d\u00e9p\u00f4t de couches minces. En tant que fournisseur professionnel, nous offrons la personnalisation, un contr\u00f4le de qualit\u00e9 strict, des prix comp\u00e9titifs et une livraison mondiale s\u00e9curis\u00e9e afin de garantir des r\u00e9sultats stables pour vos recherches et vos applications industrielles.<\/p>\n","protected":false},"excerpt":{"rendered":"<p>Cible de pulv\u00e9risation cathodique d&rsquo;oxyde de fer et de lanthane Vue d&rsquo;ensemble La cible de pulv\u00e9risation d&rsquo;oxyde de fer au lanthane est une cible d&rsquo;oxyde multifonctionnelle \u00e0 structure p\u00e9rovskite, largement utilis\u00e9e dans la recherche et l&rsquo;industrie dans des domaines tels que la catalyse, l&rsquo;\u00e9lectrocatalyse, la d\u00e9tection de gaz, l&rsquo;opto\u00e9lectronique, la ferro\u00e9lectricit\u00e9 et les films magn\u00e9tiques. [&hellip;]<\/p>\n","protected":false},"featured_media":5594,"template":"","meta":{"_acf_changed":false},"product_brand":[132],"product_cat":[449],"product_tag":[439],"class_list":{"0":"post-12025","1":"product","2":"type-product","3":"status-publish","4":"has-post-thumbnail","6":"product_brand-ulpmat","7":"product_cat-cible-de-pulverisation-ceramique","8":"product_tag-materiaux-a-base-de-terres-rares","10":"first","11":"instock","12":"shipping-taxable","13":"product-type-variable"},"acf":[],"_links":{"self":[{"href":"https:\/\/ulpmat.com\/fr\/wp-json\/wp\/v2\/product\/12025","targetHints":{"allow":["GET"]}}],"collection":[{"href":"https:\/\/ulpmat.com\/fr\/wp-json\/wp\/v2\/product"}],"about":[{"href":"https:\/\/ulpmat.com\/fr\/wp-json\/wp\/v2\/types\/product"}],"wp:featuredmedia":[{"embeddable":true,"href":"https:\/\/ulpmat.com\/fr\/wp-json\/wp\/v2\/media\/5594"}],"wp:attachment":[{"href":"https:\/\/ulpmat.com\/fr\/wp-json\/wp\/v2\/media?parent=12025"}],"wp:term":[{"taxonomy":"product_brand","embeddable":true,"href":"https:\/\/ulpmat.com\/fr\/wp-json\/wp\/v2\/product_brand?post=12025"},{"taxonomy":"product_cat","embeddable":true,"href":"https:\/\/ulpmat.com\/fr\/wp-json\/wp\/v2\/product_cat?post=12025"},{"taxonomy":"product_tag","embeddable":true,"href":"https:\/\/ulpmat.com\/fr\/wp-json\/wp\/v2\/product_tag?post=12025"}],"curies":[{"name":"wp","href":"https:\/\/api.w.org\/{rel}","templated":true}]}}