{"id":11985,"date":"2025-07-18T17:15:01","date_gmt":"2025-07-18T09:15:01","guid":{"rendered":"https:\/\/ulpmat.com\/product\/alliage-de-nickel-au-lanthane-2\/"},"modified":"2025-07-18T17:15:01","modified_gmt":"2025-07-18T09:15:01","slug":"alliage-de-nickel-au-lanthane-2","status":"publish","type":"product","link":"https:\/\/ulpmat.com\/fr\/produit\/alliage-de-nickel-au-lanthane-2\/","title":{"rendered":"Alliage de nickel au lanthane"},"content":{"rendered":"<h2><span style=\"font-size: 14pt;\">Aper\u00e7u de l&rsquo;alliage de nickel et de lanthane<\/span><\/h2>\n<p><strong><span style=\"color: #3366ff;\"><a style=\"color: #3366ff;\" href=\"https:\/\/ulpmat.com\/fr\/recherche\/?type=element&#038;keyword=La%2CNi\">Les granul\u00e9s d&rsquo;alliage de lanthane et de nickel (LaNi5)<\/a><\/span><\/strong> sont des alliages de haute performance con\u00e7us pour le stockage de l&rsquo;hydrog\u00e8ne et les mat\u00e9riaux fonctionnels. Avec une composition pure, une structure stable, une excellente capacit\u00e9 de stockage de l&rsquo;hydrog\u00e8ne et une bonne stabilit\u00e9 chimique, ils sont largement utilis\u00e9s dans de nombreux domaines de pointe tels que l&rsquo;\u00e9nergie, la catalyse et la pr\u00e9paration d&rsquo;alliages.<\/p>\n<p>Nous fournissons des granul\u00e9s d&rsquo;alliage de lanthane et de nickel de haute qualit\u00e9 et des tailles personnalis\u00e9es en fonction des besoins des clients. Nos produits sont strictement contr\u00f4l\u00e9s afin de garantir des performances stables et fiables. En m\u00eame temps, nous fournissons une assistance technique apr\u00e8s-vente compl\u00e8te pour aider les clients \u00e0 r\u00e9soudre les probl\u00e8mes rencontr\u00e9s pendant l&rsquo;utilisation.<\/p>\n<h2><span style=\"font-size: 14pt;\">Points forts du produit<\/span><\/h2>\n<p>La taille peut \u00eatre personnalis\u00e9e en fonction des exigences du client<br \/>\nConvient aux mat\u00e9riaux de stockage de l&rsquo;hydrog\u00e8ne, aux catalyseurs et \u00e0 la pr\u00e9paration d&rsquo;alliages<br \/>\nEmballage personnalisable<\/p>\n<h2><span style=\"font-size: 14pt;\">Applications des granul\u00e9s d&rsquo;alliage de lanthane et de nickel<\/span><\/h2>\n<p>Mat\u00e9riaux de stockage de l&rsquo;hydrog\u00e8ne : En raison de ses excellentes propri\u00e9t\u00e9s d&rsquo;absorption et de d\u00e9sorption de l&rsquo;hydrog\u00e8ne, il est largement utilis\u00e9 dans les syst\u00e8mes de stockage d&rsquo;hydrog\u00e8ne \u00e0 hydrure m\u00e9tallique.<br \/>\nSupport de catalyseur : Il offre une bonne activit\u00e9 et une bonne stabilit\u00e9 dans les r\u00e9actions catalytiques.<br \/>\nFabrication d&rsquo;alliages : En tant que mati\u00e8re premi\u00e8re essentielle pour la pr\u00e9paration d&rsquo;alliages fonctionnels, il r\u00e9pond \u00e0 diff\u00e9rentes exigences d&rsquo;application.<\/p>\n<h2><span style=\"font-size: 14pt;\">Rapports<\/span><\/h2>\n<p>Nous fournissons des certificats d&rsquo;analyse d\u00e9taill\u00e9s, des fiches de donn\u00e9es de s\u00e9curit\u00e9 et des rapports techniques connexes pour chaque lot de produits. Nous prenons \u00e9galement en charge les tests effectu\u00e9s par des tiers afin de garantir que la qualit\u00e9 des produits r\u00e9pond aux normes les plus strictes.<\/p>\n<h2><span style=\"font-size: 14pt;\">Pourquoi nous choisir ?<\/span><\/h2>\n<p>En tant que fournisseur de confiance d&rsquo;alliages de nickel et de lanthane (LaNi5) de haute qualit\u00e9, nous offrons d&rsquo;excellentes performances de stockage de l&rsquo;hydrog\u00e8ne, une composition stable, une qualit\u00e9 constante et un approvisionnement fiable, soutenus par une assistance technique professionnelle pour r\u00e9pondre aux applications \u00e9nerg\u00e9tiques industrielles et de recherche.<\/p>\n","protected":false},"excerpt":{"rendered":"<p>Aper\u00e7u de l&rsquo;alliage de nickel et de lanthane Les granul\u00e9s d&rsquo;alliage de lanthane et de nickel (LaNi5) sont des alliages de haute performance con\u00e7us pour le stockage de l&rsquo;hydrog\u00e8ne et les mat\u00e9riaux fonctionnels. Avec une composition pure, une structure stable, une excellente capacit\u00e9 de stockage de l&rsquo;hydrog\u00e8ne et une bonne stabilit\u00e9 chimique, ils sont largement [&hellip;]<\/p>\n","protected":false},"featured_media":5606,"template":"","meta":{"_acf_changed":false},"product_brand":[132],"product_cat":[296],"product_tag":[439],"class_list":{"0":"post-11985","1":"product","2":"type-product","3":"status-publish","4":"has-post-thumbnail","6":"product_brand-ulpmat","7":"product_cat-materiaux-devaporation","8":"product_tag-materiaux-a-base-de-terres-rares","10":"first","11":"instock","12":"shipping-taxable","13":"product-type-variable"},"acf":[],"_links":{"self":[{"href":"https:\/\/ulpmat.com\/fr\/wp-json\/wp\/v2\/product\/11985","targetHints":{"allow":["GET"]}}],"collection":[{"href":"https:\/\/ulpmat.com\/fr\/wp-json\/wp\/v2\/product"}],"about":[{"href":"https:\/\/ulpmat.com\/fr\/wp-json\/wp\/v2\/types\/product"}],"wp:featuredmedia":[{"embeddable":true,"href":"https:\/\/ulpmat.com\/fr\/wp-json\/wp\/v2\/media\/5606"}],"wp:attachment":[{"href":"https:\/\/ulpmat.com\/fr\/wp-json\/wp\/v2\/media?parent=11985"}],"wp:term":[{"taxonomy":"product_brand","embeddable":true,"href":"https:\/\/ulpmat.com\/fr\/wp-json\/wp\/v2\/product_brand?post=11985"},{"taxonomy":"product_cat","embeddable":true,"href":"https:\/\/ulpmat.com\/fr\/wp-json\/wp\/v2\/product_cat?post=11985"},{"taxonomy":"product_tag","embeddable":true,"href":"https:\/\/ulpmat.com\/fr\/wp-json\/wp\/v2\/product_tag?post=11985"}],"curies":[{"name":"wp","href":"https:\/\/api.w.org\/{rel}","templated":true}]}}