{"id":11983,"date":"2025-07-18T17:15:11","date_gmt":"2025-07-18T09:15:11","guid":{"rendered":"https:\/\/ulpmat.com\/product\/chlorure-de-praseodyme-hexahydrate\/"},"modified":"2025-07-18T17:15:11","modified_gmt":"2025-07-18T09:15:11","slug":"chlorure-de-praseodyme-hexahydrate","status":"publish","type":"product","link":"https:\/\/ulpmat.com\/fr\/produit\/chlorure-de-praseodyme-hexahydrate\/","title":{"rendered":"Chlorure de pras\u00e9odyme hexahydrat\u00e9"},"content":{"rendered":"<h2><span style=\"font-size: 14pt;\">Chlorure de pras\u00e9odyme hexahydrat\u00e9 Vue d&rsquo;ensemble<\/span><\/h2>\n<p><strong><span style=\"color: #3366ff;\"><a style=\"color: #3366ff;\" href=\"https:\/\/ulpmat.com\/fr\/recherche\/?type=element&#038;keyword=Pr%2CCl\">La poudre de chlorure de pras\u00e9odyme<\/a><\/span><\/strong> Hexahydrate est un mat\u00e9riau de haute puret\u00e9 con\u00e7u pour la recherche scientifique et les applications industrielles haut de gamme. Sa puret\u00e9 peut atteindre 99,9 %, avec une bonne cristallinit\u00e9 et une distribution uniforme de la taille des particules, ce qui garantit des performances stables et fiables dans diverses applications.<\/p>\n<p>Nous fournissons de la poudre de chlorure de pras\u00e9odyme hexahydrat\u00e9 de haute puret\u00e9 pour r\u00e9pondre \u00e0 diff\u00e9rents besoins, et nous pouvons personnaliser l&#8217;emballage et les sp\u00e9cifications en fonction des exigences des clients. L&rsquo;\u00e9quipe technique professionnelle est toujours disponible pour vous fournir une assistance apr\u00e8s-vente afin de r\u00e9soudre les probl\u00e8mes que vous rencontrez pendant l&rsquo;utilisation.<\/p>\n<h2><span style=\"font-size: 14pt;\">Points forts du produit<\/span><\/h2>\n<p>Puret\u00e9 de 99,9 %, garantissant la puret\u00e9 et la performance du mat\u00e9riau<br \/>\nPropri\u00e9t\u00e9s chimiques stables, convenant \u00e0 une vari\u00e9t\u00e9 de synth\u00e8ses chimiques et d&rsquo;exigences de processus<br \/>\nLes sp\u00e9cifications d&#8217;emballage et les quantit\u00e9s peuvent \u00eatre personnalis\u00e9es en fonction des besoins du client<\/p>\n<h2><span style=\"font-size: 14pt;\">Applications de la poudre de chlorure de pras\u00e9odyme hexahydrat\u00e9<\/span><\/h2>\n<p>Pr\u00e9paration de catalyseurs : En tant que composant important des terres rares, il am\u00e9liore l&rsquo;efficacit\u00e9 et la stabilit\u00e9 des catalyseurs.<br \/>\nMat\u00e9riaux optiques : Utilis\u00e9 dans la synth\u00e8se de luminophores et de mat\u00e9riaux laser, il conf\u00e8re d&rsquo;excellentes propri\u00e9t\u00e9s optiques.<br \/>\nIndustrie \u00e9lectronique : Utilis\u00e9 pour fabriquer des composants \u00e9lectroniques et des mat\u00e9riaux magn\u00e9tiques de haute performance.<br \/>\nR\u00e9actifs analytiques : Leur grande puret\u00e9 r\u00e9pond aux besoins de l&rsquo;analyse chimique et de la recherche en laboratoire.<\/p>\n<h2><span style=\"font-size: 14pt;\">Rapports<\/span><\/h2>\n<p>Nous fournissons un certificat d&rsquo;analyse (COA), une fiche de donn\u00e9es de s\u00e9curit\u00e9 (MSDS) et d&rsquo;autres rapports pertinents pour chaque exp\u00e9dition. En outre, nous prenons \u00e9galement en charge les tests effectu\u00e9s par des tiers pour une meilleure assurance qualit\u00e9.<\/p>\n","protected":false},"excerpt":{"rendered":"<p>Chlorure de pras\u00e9odyme hexahydrat\u00e9 Vue d&rsquo;ensemble La poudre de chlorure de pras\u00e9odyme Hexahydrate est un mat\u00e9riau de haute puret\u00e9 con\u00e7u pour la recherche scientifique et les applications industrielles haut de gamme. Sa puret\u00e9 peut atteindre 99,9 %, avec une bonne cristallinit\u00e9 et une distribution uniforme de la taille des particules, ce qui garantit des performances [&hellip;]<\/p>\n","protected":false},"featured_media":5726,"template":"","meta":{"_acf_changed":false},"product_brand":[132],"product_cat":[314,313],"product_tag":[818,439],"class_list":{"0":"post-11983","1":"product","2":"type-product","3":"status-publish","4":"has-post-thumbnail","6":"product_brand-ulpmat","7":"product_cat-materiaux-a-base-de-terres-rares","8":"product_cat-materiaux-halogenes","9":"product_tag-chlorure-de-praseodyme-hexahydrate","10":"product_tag-materiaux-a-base-de-terres-rares","12":"first","13":"instock","14":"shipping-taxable","15":"product-type-variable"},"acf":[],"_links":{"self":[{"href":"https:\/\/ulpmat.com\/fr\/wp-json\/wp\/v2\/product\/11983","targetHints":{"allow":["GET"]}}],"collection":[{"href":"https:\/\/ulpmat.com\/fr\/wp-json\/wp\/v2\/product"}],"about":[{"href":"https:\/\/ulpmat.com\/fr\/wp-json\/wp\/v2\/types\/product"}],"wp:featuredmedia":[{"embeddable":true,"href":"https:\/\/ulpmat.com\/fr\/wp-json\/wp\/v2\/media\/5726"}],"wp:attachment":[{"href":"https:\/\/ulpmat.com\/fr\/wp-json\/wp\/v2\/media?parent=11983"}],"wp:term":[{"taxonomy":"product_brand","embeddable":true,"href":"https:\/\/ulpmat.com\/fr\/wp-json\/wp\/v2\/product_brand?post=11983"},{"taxonomy":"product_cat","embeddable":true,"href":"https:\/\/ulpmat.com\/fr\/wp-json\/wp\/v2\/product_cat?post=11983"},{"taxonomy":"product_tag","embeddable":true,"href":"https:\/\/ulpmat.com\/fr\/wp-json\/wp\/v2\/product_tag?post=11983"}],"curies":[{"name":"wp","href":"https:\/\/api.w.org\/{rel}","templated":true}]}}