{"id":11967,"date":"2025-07-18T17:15:01","date_gmt":"2025-07-18T09:15:01","guid":{"rendered":"https:\/\/ulpmat.com\/product\/alliage-de-nickel-au-lanthane\/"},"modified":"2025-07-18T17:15:01","modified_gmt":"2025-07-18T09:15:01","slug":"alliage-de-nickel-au-lanthane","status":"publish","type":"product","link":"https:\/\/ulpmat.com\/fr\/produit\/alliage-de-nickel-au-lanthane\/","title":{"rendered":"Alliage de nickel au lanthane"},"content":{"rendered":"<h2><span style=\"font-size: 14pt;\">Cible de pulv\u00e9risation cathodique en alliage de lanthane et de nickel Vue d&rsquo;ensemble<\/span><\/h2>\n<p><strong><span style=\"color: #3366ff;\"><a style=\"color: #3366ff;\" href=\"https:\/\/ulpmat.com\/fr\/recherche\/?type=element&#038;keyword=La%2CNi\">Les cibles de pulv\u00e9risation Lanthanum Nickel Alloy<\/a><\/span><\/strong> sont des mat\u00e9riaux cl\u00e9s con\u00e7us pour les processus de d\u00e9p\u00f4t de couches minces \u00e0 haute performance. La cible en alliage pr\u00e9sente une puret\u00e9 extr\u00eamement \u00e9lev\u00e9e et une structure uniforme, ce qui garantit un d\u00e9p\u00f4t stable et uniforme de la couche mince pendant le processus de pulv\u00e9risation, am\u00e9liorant ainsi la qualit\u00e9 et les performances du film. Ses excellentes propri\u00e9t\u00e9s physiques et chimiques en font un mat\u00e9riau largement utilis\u00e9 dans la pr\u00e9paration de dispositifs \u00e9lectroniques haut de gamme et de films fonctionnels.<\/p>\n<p>Nous proposons des cibles de pulv\u00e9risation en alliage de lanthane et de nickel dans une grande vari\u00e9t\u00e9 de sp\u00e9cifications et de tailles, y compris rondes et rectangulaires, et nous pouvons les personnaliser en fonction des besoins sp\u00e9cifiques des clients. Qu&rsquo;il s&rsquo;agisse de l&rsquo;\u00e9paisseur, de la taille ou de la forme du mat\u00e9riau, nous pouvons y r\u00e9pondre de mani\u00e8re flexible afin d&rsquo;assurer la meilleure adaptabilit\u00e9 possible pour les clients dans les applications de traitement. Nous assurons \u00e9galement un service apr\u00e8s-vente professionnel et fournissons une assistance technique et des solutions pour votre utilisation \u00e0 tout moment.<\/p>\n<h2><span style=\"font-size: 14pt;\">Points forts du produit<\/span><\/h2>\n<p>Puret\u00e9 de 99,5<br \/>\nConception \u00e0 haute densit\u00e9 pour garantir un d\u00e9p\u00f4t de film uniforme et stable<br \/>\nPossibilit\u00e9 de personnaliser diff\u00e9rentes tailles et formes pour r\u00e9pondre aux diff\u00e9rentes exigences des processus<br \/>\nEmballage personnalisable<\/p>\n<h2><span style=\"font-size: 14pt;\">Applications des cibles de pulv\u00e9risation de l&rsquo;alliage lanthanum-nickel<\/span><\/h2>\n<p>Industrie des semi-conducteurs : d\u00e9p\u00f4t de films fonctionnels pour optimiser les performances des dispositifs<br \/>\nMat\u00e9riaux magn\u00e9tiques : pr\u00e9paration de films magn\u00e9tiques de haute performance pour les dispositifs de stockage<br \/>\nDispositifs de stockage d&rsquo;\u00e9nergie : utilisation pour la pr\u00e9paration de films de stockage d&rsquo;\u00e9nergie tels que les batteries au lithium afin d&rsquo;am\u00e9liorer les performances des \u00e9lectrodes<br \/>\nRev\u00eatements fonctionnels : utilis\u00e9s pour les capteurs, les catalyseurs et d&rsquo;autres mat\u00e9riaux en couches minces haut de gamme<\/p>\n<h2><span style=\"font-size: 14pt;\">Rapports<\/span><\/h2>\n<p>Nous fournissons des certificats d&rsquo;analyse d\u00e9taill\u00e9s, des fiches de donn\u00e9es de s\u00e9curit\u00e9 et des rapports d&rsquo;essai connexes pour chaque lot de cibles de pulv\u00e9risation de l&rsquo;alliage de lanthane et de nickel, et nous soutenons les essais de tiers faisant autorit\u00e9 pour garantir la stabilit\u00e9 de la qualit\u00e9 du produit et l&rsquo;excellence de ses performances.<\/p>\n<p>Pourquoi nous choisir ?<\/p>\n<p>En tant que fournisseur de confiance d&rsquo;alliages de nickel et de lanthane (LaNi5) de haute qualit\u00e9, nous offrons d&rsquo;excellentes performances de stockage de l&rsquo;hydrog\u00e8ne, une composition stable, une qualit\u00e9 constante et un approvisionnement fiable, soutenus par un support technique professionnel pour r\u00e9pondre aux applications \u00e9nerg\u00e9tiques industrielles et de recherche.<\/p>\n","protected":false},"excerpt":{"rendered":"<p>Cible de pulv\u00e9risation cathodique en alliage de lanthane et de nickel Vue d&rsquo;ensemble Les cibles de pulv\u00e9risation Lanthanum Nickel Alloy sont des mat\u00e9riaux cl\u00e9s con\u00e7us pour les processus de d\u00e9p\u00f4t de couches minces \u00e0 haute performance. La cible en alliage pr\u00e9sente une puret\u00e9 extr\u00eamement \u00e9lev\u00e9e et une structure uniforme, ce qui garantit un d\u00e9p\u00f4t stable [&hellip;]<\/p>\n","protected":false},"featured_media":6914,"template":"","meta":{"_acf_changed":false},"product_brand":[132],"product_cat":[560],"product_tag":[439],"class_list":{"0":"post-11967","1":"product","2":"type-product","3":"status-publish","4":"has-post-thumbnail","6":"product_brand-ulpmat","7":"product_cat-cible-de-pulverisation-dalliage","8":"product_tag-materiaux-a-base-de-terres-rares","10":"first","11":"instock","12":"shipping-taxable","13":"product-type-variable"},"acf":[],"_links":{"self":[{"href":"https:\/\/ulpmat.com\/fr\/wp-json\/wp\/v2\/product\/11967","targetHints":{"allow":["GET"]}}],"collection":[{"href":"https:\/\/ulpmat.com\/fr\/wp-json\/wp\/v2\/product"}],"about":[{"href":"https:\/\/ulpmat.com\/fr\/wp-json\/wp\/v2\/types\/product"}],"wp:featuredmedia":[{"embeddable":true,"href":"https:\/\/ulpmat.com\/fr\/wp-json\/wp\/v2\/media\/6914"}],"wp:attachment":[{"href":"https:\/\/ulpmat.com\/fr\/wp-json\/wp\/v2\/media?parent=11967"}],"wp:term":[{"taxonomy":"product_brand","embeddable":true,"href":"https:\/\/ulpmat.com\/fr\/wp-json\/wp\/v2\/product_brand?post=11967"},{"taxonomy":"product_cat","embeddable":true,"href":"https:\/\/ulpmat.com\/fr\/wp-json\/wp\/v2\/product_cat?post=11967"},{"taxonomy":"product_tag","embeddable":true,"href":"https:\/\/ulpmat.com\/fr\/wp-json\/wp\/v2\/product_tag?post=11967"}],"curies":[{"name":"wp","href":"https:\/\/api.w.org\/{rel}","templated":true}]}}