{"id":11957,"date":"2025-07-18T17:15:01","date_gmt":"2025-07-18T09:15:01","guid":{"rendered":"https:\/\/ulpmat.com\/product\/oxyde-de-lanthane-et-de-nickel-lno\/"},"modified":"2025-07-18T17:15:01","modified_gmt":"2025-07-18T09:15:01","slug":"oxyde-de-lanthane-et-de-nickel-lno","status":"publish","type":"product","link":"https:\/\/ulpmat.com\/fr\/produit\/oxyde-de-lanthane-et-de-nickel-lno\/","title":{"rendered":"Oxyde de lanthane et de nickel (LNO)"},"content":{"rendered":"<h2><span style=\"font-size: 14pt;\">Aper\u00e7u de l&rsquo;oxyde de lanthane et de nickel<\/span><\/h2>\n<p><strong><span style=\"color: #3366ff;\"><a style=\"color: #3366ff;\" href=\"https:\/\/ulpmat.com\/fr\/recherche\/?type=element&#038;keyword=La%2CNi%2CO\">La poudre d&rsquo;oxyde de lanthane et de nickel (LNO)<\/a><\/span><\/strong> est une poudre c\u00e9ramique de haute performance con\u00e7ue pour les mat\u00e9riaux fonctionnels et les dispositifs \u00e9lectroniques avanc\u00e9s. Elle pr\u00e9sente une grande puret\u00e9 chimique, une structure stable, une excellente conductivit\u00e9 et une grande stabilit\u00e9 thermique. Elle est largement utilis\u00e9e dans les piles \u00e0 combustible, l&rsquo;\u00e9lectrocatalyse et les couches minces \u00e9lectroniques.<\/p>\n<p>Nous fournissons de la poudre d&rsquo;oxyde de lanthane et de nickel de haute qualit\u00e9 avec des particules uniformes et une composition chimique pr\u00e9cise. La taille des particules et les sp\u00e9cifications d&#8217;emballage peuvent \u00eatre personnalis\u00e9es en fonction des besoins du client. Nous fournissons \u00e9galement \u00e0 nos clients une gamme compl\u00e8te d&rsquo;assistance technique et de services apr\u00e8s-vente afin de garantir les meilleures performances du mat\u00e9riau dans diverses applications.<\/p>\n<h2><span style=\"font-size: 14pt;\">Points forts du produit<\/span><\/h2>\n<p>99.9 %, garantissant une performance stable et fiable du mat\u00e9riau<br \/>\nStructure dense, bonne conductivit\u00e9 \u00e9lectronique<br \/>\nTaille des particules contr\u00f4lable, s&rsquo;adaptant aux diff\u00e9rentes exigences des processus<br \/>\nEmballage personnalis\u00e9<\/p>\n<h2><span style=\"font-size: 14pt;\">Applications de la poudre d&rsquo;oxyde de lanthane et de nickel<\/span><\/h2>\n<p>Piles \u00e0 combustible : mat\u00e9riau cathodique efficace pour les piles \u00e0 combustible \u00e0 oxyde solide (SOFC)<br \/>\n\u00c9lectrocatalyse : utilis\u00e9e pour la r\u00e9action de r\u00e9duction de l&rsquo;oxyg\u00e8ne et la r\u00e9action de transformation de l&rsquo;oxyg\u00e8ne afin d&rsquo;am\u00e9liorer l&rsquo;efficacit\u00e9 catalytique<br \/>\nCapteurs : \u00e9l\u00e9ments sensibles des capteurs de gaz, sensibles et \u00e0 r\u00e9ponse rapide<br \/>\nC\u00e9ramiques \u00e9lectroniques : pr\u00e9paration de films c\u00e9ramiques conducteurs et de rev\u00eatements fonctionnels<\/p>\n<h2><span style=\"font-size: 14pt;\">Rapports<\/span><\/h2>\n<p>Nous fournissons des certificats d&rsquo;analyse, des fiches de donn\u00e9es de s\u00e9curit\u00e9 et d&rsquo;autres rapports pertinents pour chaque lot de marchandises. En outre, nous prenons \u00e9galement en charge les tests effectu\u00e9s par des tiers afin d&rsquo;am\u00e9liorer l&rsquo;assurance qualit\u00e9.<\/p>\n<h2><span style=\"font-size: 14pt;\">Pourquoi nous choisir ?<\/span><\/h2>\n<p>En tant que fournisseur de confiance de poudre d&rsquo;oxyde de lanthane et de nickel (LNO) de haute puret\u00e9, nous offrons une excellente puret\u00e9 de phase, une taille de particule uniforme, une qualit\u00e9 constante et un approvisionnement fiable, soutenus par un service technique professionnel pour vos recherches et vos applications industrielles.<\/p>\n","protected":false},"excerpt":{"rendered":"<p>Aper\u00e7u de l&rsquo;oxyde de lanthane et de nickel La poudre d&rsquo;oxyde de lanthane et de nickel (LNO) est une poudre c\u00e9ramique de haute performance con\u00e7ue pour les mat\u00e9riaux fonctionnels et les dispositifs \u00e9lectroniques avanc\u00e9s. Elle pr\u00e9sente une grande puret\u00e9 chimique, une structure stable, une excellente conductivit\u00e9 et une grande stabilit\u00e9 thermique. Elle est largement utilis\u00e9e [&hellip;]<\/p>\n","protected":false},"featured_media":5612,"template":"","meta":{"_acf_changed":false},"product_brand":[132],"product_cat":[314,920,921],"product_tag":[439],"class_list":{"0":"post-11957","1":"product","2":"type-product","3":"status-publish","4":"has-post-thumbnail","6":"product_brand-ulpmat","7":"product_cat-materiaux-a-base-de-terres-rares","8":"product_cat-materiaux-de-dopage-pour-batteries","9":"product_cat-materiaux-de-la-batterie","10":"product_tag-materiaux-a-base-de-terres-rares","12":"first","13":"instock","14":"shipping-taxable","15":"product-type-variable"},"acf":[],"_links":{"self":[{"href":"https:\/\/ulpmat.com\/fr\/wp-json\/wp\/v2\/product\/11957","targetHints":{"allow":["GET"]}}],"collection":[{"href":"https:\/\/ulpmat.com\/fr\/wp-json\/wp\/v2\/product"}],"about":[{"href":"https:\/\/ulpmat.com\/fr\/wp-json\/wp\/v2\/types\/product"}],"wp:featuredmedia":[{"embeddable":true,"href":"https:\/\/ulpmat.com\/fr\/wp-json\/wp\/v2\/media\/5612"}],"wp:attachment":[{"href":"https:\/\/ulpmat.com\/fr\/wp-json\/wp\/v2\/media?parent=11957"}],"wp:term":[{"taxonomy":"product_brand","embeddable":true,"href":"https:\/\/ulpmat.com\/fr\/wp-json\/wp\/v2\/product_brand?post=11957"},{"taxonomy":"product_cat","embeddable":true,"href":"https:\/\/ulpmat.com\/fr\/wp-json\/wp\/v2\/product_cat?post=11957"},{"taxonomy":"product_tag","embeddable":true,"href":"https:\/\/ulpmat.com\/fr\/wp-json\/wp\/v2\/product_tag?post=11957"}],"curies":[{"name":"wp","href":"https:\/\/api.w.org\/{rel}","templated":true}]}}