{"id":11929,"date":"2025-07-18T17:15:01","date_gmt":"2025-07-18T09:15:01","guid":{"rendered":"https:\/\/ulpmat.com\/product\/oxyde-de-fer-de-lanthane-et-de-strontium\/"},"modified":"2025-07-18T17:15:01","modified_gmt":"2025-07-18T09:15:01","slug":"oxyde-de-fer-de-lanthane-et-de-strontium","status":"publish","type":"product","link":"https:\/\/ulpmat.com\/fr\/produit\/oxyde-de-fer-de-lanthane-et-de-strontium\/","title":{"rendered":"Oxyde de fer de lanthane et de strontium"},"content":{"rendered":"<h2><span style=\"font-size: 14pt;\">Poudre d&rsquo;oxyde de fer de lanthane et de strontium Vue d&rsquo;ensemble<\/span><\/h2>\n<p>La poudre d&rsquo;oxyde de fer au strontium-lanthane est un mat\u00e9riau fonctionnel de haute performance largement utilis\u00e9 dans les c\u00e9ramiques \u00e9lectroniques et les domaines de l&rsquo;\u00e9nergie. Son excellente stabilit\u00e9 chimique et ses propri\u00e9t\u00e9s \u00e9lectromagn\u00e9tiques lui permettent de jouer un r\u00f4le important dans les piles \u00e0 combustible \u00e0 oxyde solide (SOFC), les mat\u00e9riaux magn\u00e9tiques et les catalyseurs.<\/p>\n<p>Nous fournissons de la poudre d&rsquo;oxyde de fer au lanthane et au strontium d&rsquo;une puret\u00e9 allant jusqu&rsquo;\u00e0 99,9 % afin de garantir l&rsquo;uniformit\u00e9 et la stabilit\u00e9 du mat\u00e9riau. Les particules de poudre sont fines et ont de bonnes propri\u00e9t\u00e9s de frittage, ce qui convient \u00e0 une vari\u00e9t\u00e9 de c\u00e9ramiques avanc\u00e9es et de processus de pr\u00e9paration de films. Diff\u00e9rents ratios et tailles de particules peuvent \u00eatre personnalis\u00e9s en fonction des besoins du client pour r\u00e9pondre \u00e0 diverses applications.<\/p>\n<h2><span style=\"font-size: 14pt;\">Points forts du produit<\/span><\/h2>\n<p>Oxyde de fer de lanthane et de strontium de grande puret\u00e9 : 99,9 %<br \/>\nTaille de particule uniforme, excellente performance de frittage<br \/>\nRapport chimique personnalisable pour r\u00e9pondre aux diff\u00e9rentes exigences des processus<br \/>\nExcellente stabilit\u00e9 thermique et propri\u00e9t\u00e9s \u00e9lectromagn\u00e9tiques<br \/>\nEmballage personnalisable<\/p>\n<h2><span style=\"font-size: 14pt;\">Applications de la poudre d&rsquo;oxyde de fer au lanthane et au strontium<\/span><\/h2>\n<p>Piles \u00e0 combustible \u00e0 oxyde solide (SOFC) : utilis\u00e9es comme mat\u00e9riaux d&rsquo;\u00e9lectrode, elles offrent une excellente conductivit\u00e9 \u00e9lectronique et ionique.<br \/>\nMat\u00e9riaux magn\u00e9tiques : ils pr\u00e9sentent de bonnes performances en mati\u00e8re de r\u00e9ponse magn\u00e9tique dans les dispositifs magn\u00e9tiques.<br \/>\nCatalyseurs : conviennent aux r\u00e9actions d&rsquo;oxydation et \u00e0 la gestion de l&rsquo;environnement.<br \/>\nC\u00e9ramiques \u00e9lectroniques : utilis\u00e9es pour fabriquer des capteurs et des dispositifs c\u00e9ramiques fonctionnels.<\/p>\n<h2><span style=\"font-size: 14pt;\">Rapports<\/span><\/h2>\n<p>Nous fournissons des certificats d&rsquo;analyse (COA), des fiches de donn\u00e9es de s\u00e9curit\u00e9 (MSDS) et d&rsquo;autres rapports pertinents pour chaque exp\u00e9dition. En outre, nous prenons \u00e9galement en charge les tests effectu\u00e9s par des tiers pour une meilleure assurance qualit\u00e9.<\/p>\n<h2><span style=\"font-size: 14pt;\">Pourquoi nous choisir ?<\/span><\/h2>\n<p>En tant que <strong data-start=\"89\" data-end=\"163\">fabricant et fournisseur de<\/strong> confiance de <strong data-start=\"89\" data-end=\"163\">poudre d&rsquo;oxyde de fer lanthanum strontium (LSFO)<\/strong>, nous fournissons des mat\u00e9riaux de haute puret\u00e9 et \u00e0 phase constante, id\u00e9aux pour les piles \u00e0 combustible \u00e0 oxyde solide, les catalyseurs et les applications \u00e9lectroniques. Notre contr\u00f4le de qualit\u00e9 strict garantit une composition stable, une taille de particule fine et une excellente reproductibilit\u00e9. Avec des sp\u00e9cifications personnalisables, des prix comp\u00e9titifs et un r\u00e9seau d&rsquo;approvisionnement mondial fiable, nous fournissons les performances constantes et la livraison fiable que vos projets exigent.<\/p>\n","protected":false},"excerpt":{"rendered":"<p>Poudre d&rsquo;oxyde de fer de lanthane et de strontium Vue d&rsquo;ensemble La poudre d&rsquo;oxyde de fer au strontium-lanthane est un mat\u00e9riau fonctionnel de haute performance largement utilis\u00e9 dans les c\u00e9ramiques \u00e9lectroniques et les domaines de l&rsquo;\u00e9nergie. Son excellente stabilit\u00e9 chimique et ses propri\u00e9t\u00e9s \u00e9lectromagn\u00e9tiques lui permettent de jouer un r\u00f4le important dans les piles \u00e0 [&hellip;]<\/p>\n","protected":false},"featured_media":5624,"template":"","meta":{"_acf_changed":false},"product_brand":[132],"product_cat":[314,920,921],"product_tag":[439],"class_list":{"0":"post-11929","1":"product","2":"type-product","3":"status-publish","4":"has-post-thumbnail","6":"product_brand-ulpmat","7":"product_cat-materiaux-a-base-de-terres-rares","8":"product_cat-materiaux-de-dopage-pour-batteries","9":"product_cat-materiaux-de-la-batterie","10":"product_tag-materiaux-a-base-de-terres-rares","12":"first","13":"instock","14":"shipping-taxable","15":"product-type-variable"},"acf":[],"_links":{"self":[{"href":"https:\/\/ulpmat.com\/fr\/wp-json\/wp\/v2\/product\/11929","targetHints":{"allow":["GET"]}}],"collection":[{"href":"https:\/\/ulpmat.com\/fr\/wp-json\/wp\/v2\/product"}],"about":[{"href":"https:\/\/ulpmat.com\/fr\/wp-json\/wp\/v2\/types\/product"}],"wp:featuredmedia":[{"embeddable":true,"href":"https:\/\/ulpmat.com\/fr\/wp-json\/wp\/v2\/media\/5624"}],"wp:attachment":[{"href":"https:\/\/ulpmat.com\/fr\/wp-json\/wp\/v2\/media?parent=11929"}],"wp:term":[{"taxonomy":"product_brand","embeddable":true,"href":"https:\/\/ulpmat.com\/fr\/wp-json\/wp\/v2\/product_brand?post=11929"},{"taxonomy":"product_cat","embeddable":true,"href":"https:\/\/ulpmat.com\/fr\/wp-json\/wp\/v2\/product_cat?post=11929"},{"taxonomy":"product_tag","embeddable":true,"href":"https:\/\/ulpmat.com\/fr\/wp-json\/wp\/v2\/product_tag?post=11929"}],"curies":[{"name":"wp","href":"https:\/\/api.w.org\/{rel}","templated":true}]}}